{"id":21413,"date":"2024-08-31T09:50:47","date_gmt":"2024-08-31T09:50:47","guid":{"rendered":"https:\/\/mercurifashion.com\/?page_id=21413"},"modified":"2024-08-31T10:18:08","modified_gmt":"2024-08-31T10:18:08","slug":"cookie-policy","status":"publish","type":"page","link":"https:\/\/mercurifashion.com\/de\/cookie-policy\/","title":{"rendered":"Cookie-Richtlinie"},"content":{"rendered":"<h2>Cookie-Richtlinie<\/h2>\n<p><strong>G\u00fcltigkeitsdatum: 31.08.2024<\/strong><\/p>\n<h3>Welche Arten von Cookies verwendet die Website MercuriFashion.com?<\/h3>\n<p>Cookies helfen uns, Ihre Erfahrung zu verbessern, indem sie uns Informationen dar\u00fcber liefern, wie die Website genutzt wird. Unsere Cookies speichern keine finanziellen Informationen oder andere pers\u00f6nliche Informationen wie Ihren Namen oder Ihre E-Mail-Adresse.<\/p>\n<p>Neben unseren eigenen Cookies verwenden wir auch Tools von Drittanbietern, die ebenfalls Cookies verwenden.<\/p>\n<p>Auf unserer Website gibt es einen Hinweis, der einen Link zu unserer Cookie-Richtlinie enth\u00e4lt. Wenn Sie die Website MercuriFashion.com weiterhin nutzen, gehen wir davon aus, dass Sie der Verwendung von Cookies zu diesem Zweck zustimmen.<\/p>\n<p>Wenn Sie nach dem Lesen dieser Informationen Fragen oder Bedenken zu unserer Cookie-Richtlinie haben, kontaktieren Sie uns bitte unter <a href=\"mailto:support@mercurifashion.com\">support@mercurifashion.com<\/a> oder lesen Sie unsere <a href=\"https:\/\/mercurifashion.com\/privacy-policy\/\">Datenschutzrichtlinie<\/a>.<\/p>\n<h3>Wir verwenden die folgenden Arten von Cookies:<\/h3>\n<h3>Cookie-Typ und wie wir sie verwenden<\/h3>\n<h4>Unbedingt notwendig<\/h4>\n<p>Diese Cookies sind f\u00fcr den Betrieb unserer Websites unerl\u00e4sslich. Zum Beispiel verfolgen sie, was sich in Ihrem Warenkorb befindet, identifizieren Sie als angemeldeten Benutzer und erm\u00f6glichen es uns, Sie als Kunden zu erkennen. Wenn Sie diese Cookies blockieren, k\u00f6nnen wir nicht garantieren, dass die Website ordnungsgem\u00e4\u00df funktioniert.<\/p>\n<h4>Leistung<\/h4>\n<p>Wir verwenden diese Cookies, um zu analysieren, wie unsere Besucher unsere Websites nutzen, und um die Leistung der Website zu \u00fcberwachen. Zum Beispiel k\u00f6nnen wir sie verwenden, um zu verfolgen, welche Seiten am beliebtesten sind, um das Design und die Benutzerfreundlichkeit neuer Webseiten zu testen und um festzustellen, warum einige Seiten Fehlermeldungen generieren.<\/p>\n<h4>Funktionalit\u00e4t<\/h4>\n<p>Wir verwenden Funktionalit\u00e4ts-Cookies, um sich an Ihre getroffenen Entscheidungen zu erinnern, wie z. B. welche regionale Version der Website Sie beim Einloggen sehen m\u00f6chten. Diese Cookies merken sich alle Anpassungen, die Sie w\u00e4hrend Ihres Besuchs auf den Seiten der Website vornehmen. Wenn Sie diese Cookies blockieren, k\u00f6nnen bestimmte Funktionen und Dienste beeintr\u00e4chtigt werden, und wir k\u00f6nnen nicht sicherstellen, wie die Website w\u00e4hrend Ihres Besuchs funktioniert.<\/p>\n<h4>Marketing<\/h4>\n<p>Diese Cookies werden verwendet, um die Surfgewohnheiten und Aktivit\u00e4ten unserer Besucher auf unseren Websites zu verfolgen. Sie k\u00f6nnen verwendet werden, um ein Profil des Such- und\/oder Browserverlaufs f\u00fcr jeden Besucher zu erstellen. Identifizierbare oder einzigartige Informationen k\u00f6nnen gesammelt werden. Anonyme Informationen k\u00f6nnen mit Dritten geteilt werden. Diese Informationen sind mit der Website-Funktionalit\u00e4t verbunden, die von anderen Websites bereitgestellt wird, und k\u00f6nnen mit anderen Organisationen (wie Werbenetzwerken) geteilt werden.<\/p>\n<h4>Drittanbieter<\/h4>\n<p>Wir verwenden auch oder erlauben Dritten, Cookies zu setzen, die in die oben genannten vier Kategorien fallen. Zum Beispiel verwenden wir, wie viele Unternehmen, Google Analytics, um uns bei der \u00dcberwachung des Website-Traffics zu helfen. Wir k\u00f6nnen auch Cookies von Drittanbietern verwenden, um uns bei der Marktforschung, der Verkaufsverfolgung, der Verbesserung der Website-Funktionalit\u00e4t und der \u00dcberwachung der Einhaltung unserer Gesch\u00e4ftsbedingungen zu unterst\u00fctzen.<\/p>\n<h3>Wie kann ich meine Cookies kontrollieren?<\/h3>\n<p>Sie k\u00f6nnen die Cookies, die wir auf unserer Website speichern, jederzeit \u00fcber die Einstellungen Ihres Internetbrowsers verwalten. Weitere Informationen dazu und zu Cookies im Allgemeinen finden Sie unter <a href=\"https:\/\/ico.org.uk\/for-the-public\/online\/cookies\/\">https:\/\/ico.org.uk\/for-the-public\/online\/cookies\/<\/a> und <a href=\"https:\/\/www.youronlinechoices.eu\">https:\/\/www.youronlinechoices.eu<\/a>.<\/p>\n<p>Bitte beachten Sie, dass Ihre Erfahrung auf unserer Website beeintr\u00e4chtigt wird, wenn Sie alle Cookies deaktivieren, einige Funktionen reduziert werden und Ihre gesamte Erfahrung auf MercuriFashion.com schlechter wird.<\/p>\n<p>Diese Richtlinie bietet Ihnen alle Informationen, die Sie \u00fcber unsere Verwendung von Cookies ben\u00f6tigen. Wenn Sie mit diesen Cookies nicht einverstanden sind, kontaktieren Sie uns bitte f\u00fcr weitere Informationen oder verwenden Sie die oben genannten Richtlinien, um sie zu deaktivieren.<\/p>\n<p><em>Hinweis: Diese Cookie-Richtlinie wurde entwickelt, um die Anforderungen der EU-Datenschutz-Grundverordnung (DSGVO) und der Gesetzgebung der Republik San Marino zu erf\u00fcllen. Sie bietet detaillierte Informationen \u00fcber die Verwendung von Cookies auf unserer Website und gibt Hinweise darauf, wie Benutzer ihre Pr\u00e4ferenzen in \u00dcbereinstimmung mit den geltenden Gesetzen verwalten k\u00f6nnen.<\/em><\/p>\n","protected":false},"excerpt":{"rendered":"<p>Cookie-Richtlinie G\u00fcltigkeitsdatum: 31.08.2024 Welche Arten von Cookies verwendet die Website MercuriFashion.com? Cookies helfen uns, Ihre Erfahrung zu verbessern, indem sie<\/p>\n","protected":false},"author":2,"featured_media":0,"parent":0,"menu_order":0,"comment_status":"closed","ping_status":"closed","template":"","meta":{"footnotes":""},"class_list":["post-21413","page","type-page","status-publish","hentry"],"_links":{"self":[{"href":"https:\/\/mercurifashion.com\/de\/wp-json\/wp\/v2\/pages\/21413","targetHints":{"allow":["GET"]}}],"collection":[{"href":"https:\/\/mercurifashion.com\/de\/wp-json\/wp\/v2\/pages"}],"about":[{"href":"https:\/\/mercurifashion.com\/de\/wp-json\/wp\/v2\/types\/page"}],"author":[{"embeddable":true,"href":"https:\/\/mercurifashion.com\/de\/wp-json\/wp\/v2\/users\/2"}],"replies":[{"embeddable":true,"href":"https:\/\/mercurifashion.com\/de\/wp-json\/wp\/v2\/comments?post=21413"}],"version-history":[{"count":1,"href":"https:\/\/mercurifashion.com\/de\/wp-json\/wp\/v2\/pages\/21413\/revisions"}],"predecessor-version":[{"id":21414,"href":"https:\/\/mercurifashion.com\/de\/wp-json\/wp\/v2\/pages\/21413\/revisions\/21414"}],"wp:attachment":[{"href":"https:\/\/mercurifashion.com\/de\/wp-json\/wp\/v2\/media?parent=21413"}],"curies":[{"name":"wp","href":"https:\/\/api.w.org\/{rel}","templated":true}]}}