{"id":21446,"date":"2024-09-02T22:22:04","date_gmt":"2024-09-02T22:22:04","guid":{"rendered":"https:\/\/mercurifashion.com\/?page_id=21446"},"modified":"2024-09-02T22:41:26","modified_gmt":"2024-09-02T22:41:26","slug":"return-policy","status":"publish","type":"page","link":"https:\/\/mercurifashion.com\/de\/return-policy\/","title":{"rendered":"R\u00fcckgaberecht"},"content":{"rendered":"<h2>R\u00fcckgaberecht von MercuriFashion.com<\/h2>\n<p>Gem\u00e4\u00df den Bestimmungen der geltenden Gesetzgebung der Republik San Marino, insbesondere dem Gesetz Nr. 31 vom 10. Mai 1995 \u201e\u00dcber den Schutz der Verbraucherrechte\u201c und seinen nachfolgenden \u00c4nderungen sowie anderen Rechtsvorschriften, die den Fernabsatz und die Bedingungen von Fernabsatzvertr\u00e4gen regeln, wird diese R\u00fcckgabepolitik von der juristischen Person <strong>MERCURI SRL<\/strong> entwickelt und genehmigt, die Eigent\u00fcmerin und Betreiberin des Online-Shops MercuriFashion.com ist.<\/p>\n<h3>Allgemeine R\u00fcckgabebedingungen:<\/h3>\n<h4>1. R\u00fcckgabefristen:<\/h4>\n<p>Gem\u00e4\u00df den Bestimmungen von Artikel 16 des Gesetzes Nr. 31 vom 10. Mai 1995 \u201e\u00dcber den Schutz der Verbraucherrechte\u201c hat der K\u00e4ufer, der einen Kaufvertrag mit <strong>MERCURI SRL<\/strong> abgeschlossen hat, das Recht, die gekauften Waren innerhalb von 14 Kalendertagen ab dem Datum des Erhalts der Bestellung zur\u00fcckzugeben. R\u00fcckgaben, die nach diesem Zeitraum erfolgen, werden nicht ber\u00fccksichtigt und nicht bearbeitet, au\u00dfer in den F\u00e4llen, die ausdr\u00fccklich durch die Gesetzgebung der Republik San Marino vorgesehen sind.<\/p>\n<h4>2. Zustand der Waren:<\/h4>\n<p>Gem\u00e4\u00df Artikel 18 des oben genannten Gesetzes m\u00fcssen zur\u00fcckgegebene Waren in einem ordnungsgem\u00e4\u00dfen Handelszustand sein, das hei\u00dft: Sie d\u00fcrfen nicht getragen, nicht gewaschen, d\u00fcrfen keine fremden Ger\u00fcche, Flecken oder mechanischen Sch\u00e4den aufweisen. Alle Originaletiketten und -anh\u00e4nger m\u00fcssen intakt sein, und das Produkt muss in seiner originalen und unbesch\u00e4digten Verpackung zur\u00fcckgegeben werden.<\/p>\n<p><em>Hinweis:<\/em> <strong>MERCURI SRL<\/strong> beh\u00e4lt sich gem\u00e4\u00df Absatz 3 von Artikel 19 des Gesetzes Nr. 31 vom 10. Mai 1995 das Recht vor, die R\u00fcckgabe zu verweigern, wenn der Artikel benutzt wurde oder nicht den oben genannten Anforderungen entspricht.<\/p>\n<h4>3. Ausnahmen von der R\u00fcckgabe:<\/h4>\n<p>Gem\u00e4\u00df den Artikeln 20-22 des Gesetzes Nr. 31 vom 10. Mai 1995 und anderen Rechtsvorschriften der Republik San Marino, die die Bedingungen des Fernabsatzes regeln, unterliegen die folgenden Warengruppen nicht der R\u00fcckgabe:<\/p>\n<ul>\n<li><strong>Unterw\u00e4scheartikel<\/strong>, Bademode, Schmuck und Kosmetika, die aus Hygiene- und Gesundheitsvorschriften nicht zur\u00fcckgegeben werden d\u00fcrfen.<\/li>\n<li><strong>Ma\u00dfgeschneiderte oder personalisierte Artikel<\/strong>, die aufgrund ihrer einzigartigen und personalisierten Merkmale nicht zur\u00fcckgegeben werden d\u00fcrfen.<\/li>\n<li><strong>Artikel aus der Sale- und Endverkaufsabteilung<\/strong> d\u00fcrfen nicht zur\u00fcckgegeben werden, es sei denn, es ist gesetzlich anders vorgeschrieben oder in den Bedingungen einer Sonderaktion angegeben.<\/li>\n<\/ul>\n<h3>R\u00fcckgabeverfahren:<\/h3>\n<h4>4. Versand der R\u00fccksendung:<\/h4>\n<p>Gem\u00e4\u00df der internen Richtlinie von <strong>MERCURI SRL<\/strong> und den Bestimmungen von Artikel 23 des Gesetzes Nr. 31 vom 10. Mai 1995 ist der K\u00e4ufer vollst\u00e4ndig daf\u00fcr verantwortlich, den Versand der zur\u00fcckgegebenen Waren ausschlie\u00dflich \u00fcber den Kurierdienst <strong>DHL<\/strong> zu organisieren. Die Nutzung anderer Kurierdienste ist nicht gestattet und wird als Versto\u00df gegen die R\u00fcckgabebedingungen angesehen.<\/p>\n<p>Der K\u00e4ufer muss den R\u00fcckversand unabh\u00e4ngig organisieren, indem er strikt den von DHL bereitgestellten Anweisungen folgt. Alle mit dem R\u00fcckversand verbundenen Kosten, einschlie\u00dflich, aber nicht beschr\u00e4nkt auf Verpackungs-, Transport- und Versicherungskosten, gehen zu Lasten des K\u00e4ufers.<\/p>\n<h4>5. R\u00fcckerstattungen:<\/h4>\n<p>Gem\u00e4\u00df den Anforderungen der Artikel 25 und 26 des Gesetzes Nr. 31 vom 10. Mai 1995 verpflichtet sich <strong>MERCURI SRL<\/strong>, das Geld innerhalb von 14 Werktagen nach Erhalt und gr\u00fcndlicher Pr\u00fcfung der zur\u00fcckgegebenen Waren auf die urspr\u00fcngliche Zahlungsmethode zu erstatten, um die Einhaltung der oben genannten R\u00fcckgabebedingungen zu \u00fcberpr\u00fcfen.<\/p>\n<p><em>Hinweis:<\/em> Die Kosten f\u00fcr die urspr\u00fcngliche Lieferung sind nicht erstattungsf\u00e4hig, au\u00dfer in den F\u00e4llen, in denen die Waren vom K\u00e4ufer in besch\u00e4digtem Zustand erhalten wurden oder nicht der Beschreibung entsprechen, wie durch entsprechende Beweise best\u00e4tigt.<\/p>\n<h4>6. Verwaltungsgeb\u00fchr f\u00fcr R\u00fcckgaben:<\/h4>\n<p>Gem\u00e4\u00df dem in Artikel 27 des Gesetzes Nr. 31 vom 10. Mai 1995 gew\u00e4hrten Recht erhebt <strong>MERCURI SRL<\/strong> eine <strong>Verwaltungsgeb\u00fchr von 10 Euro<\/strong> f\u00fcr jede R\u00fcckgabe, die vom Erstattungsbetrag abgezogen wird. Diese Geb\u00fchr deckt die Kosten f\u00fcr die Bearbeitung der R\u00fcckgabe und die Verwaltungskosten.<\/p>\n<h3>Gr\u00f6\u00dfenr\u00fcckgabepolitik:<\/h3>\n<h4>7. Gr\u00f6\u00dfenauswahl:<\/h4>\n<p>Kunden wird empfohlen, die auf der Website MercuriFashion.com bereitgestellte Gr\u00f6\u00dfentabelle sorgf\u00e4ltig zu \u00fcberpr\u00fcfen und sich bei Bedarf vor der Bestellung an den Kundenservice zu wenden, um sicherzustellen, dass die richtige Gr\u00f6\u00dfe ausgew\u00e4hlt wird.<\/p>\n<p>R\u00fcckgaben aufgrund einer falsch gew\u00e4hlten Gr\u00f6\u00dfe sind m\u00f6glich; jedoch gehen alle Kosten, die mit dem Versand der R\u00fccksendung und dem erneuten Versand verbunden sind, zu Lasten des K\u00e4ufers, gem\u00e4\u00df den Bedingungen des Gesetzes Nr. 31 vom 10. Mai 1995 und den Bestimmungen von Artikel 28 \u00fcber den Schutz der Verk\u00e4uferrechte.<\/p>\n<h3>Schutz vor betr\u00fcgerischen K\u00e4ufen:<\/h3>\n<h4>8. Recht auf Ablehnung der R\u00fcckgabe:<\/h4>\n<p><strong>MERCURI SRL<\/strong> beh\u00e4lt sich gem\u00e4\u00df den Bestimmungen der Artikel 29 und 30 des Gesetzes Nr. 31 vom 10. Mai 1995 das Recht vor, die Annahme einer R\u00fcckgabe abzulehnen, wenn festgestellt wird, dass der K\u00e4ufer die durch Verbraucherschutzgesetze gew\u00e4hrten Rechte missbraucht, z. B. mehrere R\u00fcckgaben vornimmt oder Waren zur\u00fcckgibt, die benutzt, besch\u00e4digt oder nicht den urspr\u00fcnglichen Verkaufsbedingungen entsprechen.<\/p>\n<h4>9. Inspektion der zur\u00fcckgegebenen Waren:<\/h4>\n<p>Alle zur\u00fcckgegebenen Waren unterliegen einer gr\u00fcndlichen Inspektion, um die Einhaltung der in dieser Richtlinie und in der Gesetzgebung der Republik San Marino festgelegten R\u00fcckgabebedingungen zu \u00fcberpr\u00fcfen. Im Falle von Gebrauchsspuren, Sch\u00e4den oder fehlender Originalverpackung und -etiketten wird keine R\u00fcckerstattung vorgenommen. Das Produkt wird auf Kosten des K\u00e4ufers zur\u00fcckgesendet, gem\u00e4\u00df den Bestimmungen von Artikel 31 des Gesetzes Nr. 31 vom 10. Mai 1995.<\/p>\n<h3>Kontaktinformationen:<\/h3>\n<p>Wenn Sie Fragen zu R\u00fccksendungen haben, wenden Sie sich bitte \u00fcber das Kontaktformular auf der Website MercuriFashion.com an unseren Kundenservice, gem\u00e4\u00df Artikel 32 des Gesetzes Nr. 31 vom 10. Mai 1995 \u201e\u00dcber den Schutz der Verbraucherrechte\u201c.<\/p>\n<p>Diese R\u00fcckgabepolitik wird von <strong>MERCURI SRL<\/strong> in \u00dcbereinstimmung mit den Anforderungen der Gesetzgebung der Republik San Marino entwickelt und zielt darauf ab, den Schutz der Rechte sowohl der Verbraucher als auch der Verk\u00e4ufer im Rahmen des Fernabsatzes zu gew\u00e4hrleisten.<\/p>\n","protected":false},"excerpt":{"rendered":"<p>R\u00fcckgaberecht von MercuriFashion.com Gem\u00e4\u00df den Bestimmungen der geltenden Gesetzgebung der Republik San Marino, insbesondere dem Gesetz Nr. 31 vom 10.<\/p>\n","protected":false},"author":2,"featured_media":0,"parent":0,"menu_order":0,"comment_status":"closed","ping_status":"closed","template":"","meta":{"footnotes":""},"class_list":["post-21446","page","type-page","status-publish","hentry"],"_links":{"self":[{"href":"https:\/\/mercurifashion.com\/de\/wp-json\/wp\/v2\/pages\/21446","targetHints":{"allow":["GET"]}}],"collection":[{"href":"https:\/\/mercurifashion.com\/de\/wp-json\/wp\/v2\/pages"}],"about":[{"href":"https:\/\/mercurifashion.com\/de\/wp-json\/wp\/v2\/types\/page"}],"author":[{"embeddable":true,"href":"https:\/\/mercurifashion.com\/de\/wp-json\/wp\/v2\/users\/2"}],"replies":[{"embeddable":true,"href":"https:\/\/mercurifashion.com\/de\/wp-json\/wp\/v2\/comments?post=21446"}],"version-history":[{"count":2,"href":"https:\/\/mercurifashion.com\/de\/wp-json\/wp\/v2\/pages\/21446\/revisions"}],"predecessor-version":[{"id":21448,"href":"https:\/\/mercurifashion.com\/de\/wp-json\/wp\/v2\/pages\/21446\/revisions\/21448"}],"wp:attachment":[{"href":"https:\/\/mercurifashion.com\/de\/wp-json\/wp\/v2\/media?parent=21446"}],"curies":[{"name":"wp","href":"https:\/\/api.w.org\/{rel}","templated":true}]}}