{"id":21474,"date":"2024-09-03T16:57:07","date_gmt":"2024-09-03T16:57:07","guid":{"rendered":"https:\/\/mercurifashion.com\/?page_id=21474"},"modified":"2024-09-03T18:19:24","modified_gmt":"2024-09-03T18:19:24","slug":"terms-and-%d1%81onditions","status":"publish","type":"page","link":"https:\/\/mercurifashion.com\/de\/terms-and-%d1%81onditions\/","title":{"rendered":"Allgemeine Gesch\u00e4ftsbedingungen"},"content":{"rendered":"<h2>Allgemeine Gesch\u00e4ftsbedingungen<\/h2>\n<p><strong>G\u00fcltig ab: 3. September 2024<\/strong><\/p>\n<hr>\n<h3>Einleitung<\/h3>\n<p>In diesem Dokument beziehen sich \u201eWir\u201c, \u201eUnser\u201c und \u201eUns\u201c auf MERCURI SRL, eine in der Republik San Marino unter der Firmennummer SM23995 registrierte Gesellschaft mit Sitz in Via Tre Settembre, 174, 47891 Dogana, Republik San Marino.<\/p>\n<p>Die Website (wie unten definiert) besteht aus zwei Hauptkomponenten:<\/p>\n<ul>\n<li>Eine institutionelle Website, die von MERCURI SRL verwaltet wird, mit Sitz in Via Tre Settembre, 174, 47891 Dogana, Republik San Marino, Tel. +378 0549 972183, C.O.E. SM23995, die berechtigt ist, den Domainnamen mercurifashion.com zu verwenden;<\/li>\n<li>Ein digitaler Shop, ebenfalls von MERCURI SRL betrieben, der MERCURI-Produkte direkt online an Verbraucher verkauft.<\/li>\n<\/ul>\n<h3>Anwendungsbereich<\/h3>\n<p>Diese allgemeinen Gesch\u00e4ftsbedingungen (die \u201eBedingungen\u201c) regeln Ihre Nutzung und Ihren Zugang zur Website mercurifashion.com (die \u201eWebsite\u201c) sowie alle Fernabsatzgesch\u00e4fte, die \u00fcber die Website durchgef\u00fchrt werden. Bitte lesen Sie diese Bedingungen sorgf\u00e4ltig durch, bevor Sie die Website nutzen oder darauf zugreifen und bevor Sie Bestellungen auf unserer Website aufgeben. Durch den Zugriff auf die Website oder deren Nutzung, einschlie\u00dflich des Kaufs \u00fcber die Website, erkl\u00e4ren Sie sich mit diesen Bedingungen einverstanden.<\/p>\n<p>Diese Bedingungen gelten ab dem oben genannten Datum und bleiben in Kraft, solange sie auf der Website ver\u00f6ffentlicht sind. Wir behalten uns das Recht vor, diese Bedingungen nach eigenem Ermessen jederzeit zu \u00e4ndern und zu aktualisieren. Alle \u00c4nderungen dieser Bedingungen werden auf der Website ver\u00f6ffentlicht, und die aktualisierten Bedingungen gelten nur f\u00fcr Bestellungen, die nach ihrer Ver\u00f6ffentlichung aufgegeben werden. Wir empfehlen Ihnen, eine Kopie dieser Bedingungen f\u00fcr Ihre Unterlagen zu speichern oder auszudrucken.<\/p>\n<h3>Produktbestellung und Vertragsabschluss<\/h3>\n<p>Die Pr\u00e4sentation von Produkten auf der Website ist als Einladung zur Abgabe eines Angebots gedacht. Bestellungen k\u00f6nnen \u00fcber die Website aufgegeben werden, indem Sie ein Produktbild ausw\u00e4hlen und den angegebenen Schritten und Anweisungen folgen. Um eine Bestellung zu \u00e4ndern oder zu korrigieren, folgen Sie bitte den auf der Website verf\u00fcgbaren Anweisungen. Der Gesamtbetrag einer einzelnen Bestellung darf 10.000 \u20ac nicht \u00fcberschreiten.<\/p>\n<p>Durch Klicken auf die Schaltfl\u00e4che \u201eJetzt kaufen\u201c wird Ihre Bestellung an MERCURI SRL gesendet und f\u00fcr die gesetzlich vorgeschriebene Dauer in der Datenbank von MERCURI SRL gespeichert. Das Absenden Ihrer Bestellung gilt als Angebot zum Abschluss eines Kaufvertrags. Nach Erhalt Ihrer Bestellung sendet Ihnen MERCURI SRL eine E-Mail mit der Bestellnummer und den Details der bestellten Produkte, einschlie\u00dflich deren Preise, Lieferadresse, Zahlungsmethoden und voraussichtlichen Lieferzeiten. Diese E-Mail dient als Empfangsbest\u00e4tigung Ihrer Bestellung und stellt keine Annahme Ihres Kaufangebots dar. Nach Erhalt Ihrer Bestellung \u00fcberpr\u00fcft MERCURI SRL die Verf\u00fcgbarkeit der bestellten Produkte und die Richtigkeit der von Ihnen angegebenen Informationen. Der Kaufvertrag zwischen Ihnen und MERCURI SRL wird nur abgeschlossen, wenn wir Ihnen eine separate E-Mail senden, die die Annahme Ihres Kaufangebots und\/oder den Versand der bestellten Produkte best\u00e4tigt.<\/p>\n<p>Ihre Bestellung kann unter folgenden Umst\u00e4nden abgelehnt werden:<\/p>\n<ul>\n<li>(i) wenn ein Fehler in den von Ihnen angegebenen Informationen vorliegt,<\/li>\n<li>(ii) wenn die bestellten Produkte nicht vorr\u00e4tig sind,<\/li>\n<li>(iii) wenn unzureichende Kreditgarantien vorliegen,<\/li>\n<li>(iv) wenn die Bestellung den normalen Verbrauchsbedarf \u00fcbersteigt (sei es aufgrund der Menge der Produkte in einer einzelnen Bestellung oder mehrerer Bestellungen desselben Produkts, selbst wenn jede Bestellung den typischen Verbrauchsbedarf erf\u00fcllt); oder<\/li>\n<li>(v) wenn ein Ereignis au\u00dferhalb unserer Kontrolle zu einer Verz\u00f6gerung der Produktverf\u00fcgbarkeit f\u00fchrt.<\/li>\n<\/ul>\n<p>Wenn Ihre Bestellung nicht angenommen werden kann, wird MERCURI SRL Sie innerhalb von 10 (zehn) Tagen ab dem Datum des Eingangs Ihrer Bestellung benachrichtigen, und alle geleisteten Zahlungen werden umgehend zur\u00fcckerstattet.<\/p>\n<h3>Produktpreise<\/h3>\n<p>Der auf der Website angezeigte Preis f\u00fcr jedes Produkt bezieht sich auf den einzelnen Artikel, ausgedr\u00fcckt in Euro und beinhaltet die Versandkosten.<\/p>\n<h3>Zahlungsbedingungen<\/h3>\n<p>Zahlungen k\u00f6nnen per Kreditkarte oder PayPal erfolgen.<\/p>\n<p>Wir akzeptieren die folgenden Kreditkarten:<\/p>\n<ul>\n<li>Visa\/Visa Electron<\/li>\n<li>Mastercard<\/li>\n<li>American Express<\/li>\n<li>Diners Club International<\/li>\n<li>Maestro International<\/li>\n<\/ul>\n<p>Der volle Betrag der Bestellung wird Ihrer Kreditkarte oder Ihrem PayPal-Konto belastet, wenn Sie Ihre Bestellung an MERCURI SRL senden (indem Sie \u201eJetzt kaufen\u201c ausw\u00e4hlen), mit der gleichzeitigen Annahme Ihrer Bestellung durch MERCURI SRL und dem Beginn der Vorbereitung des Produkts f\u00fcr den Versand. Um Online-Betrug zu verhindern, werden alle \u00fcber die Website get\u00e4tigten Zahlungen online von der Bank bearbeitet, die Ihre Kreditkarte verwaltet, unter Verwendung der von PayPal bereitgestellten Dienste. PayPal und seine Partner sind verantwortlich f\u00fcr die sichere Speicherung und Verarbeitung aller bestellbezogenen Informationen, einschlie\u00dflich der Kreditkartendaten, in einer sicheren Umgebung.<\/p>\n<p>Um eine Zahlung abzuschlie\u00dfen, m\u00fcssen Sie:<\/p>\n<ul>\n<li>Bei Kreditkartenzahlungen die Informationen des Karteninhabers best\u00e4tigen, die zur Durchf\u00fchrung des Kaufs auf der Website verwendet wurden, dann die 16-stellige Kartennummer, das Ablaufdatum und den Sicherheitscode eingeben.<\/li>\n<li>Bei PayPal-Zahlungen geben Sie Ihre Anmeldeinformationen auf der PayPal-Seite ein, auf die Sie automatisch weitergeleitet werden, und folgen den Anweisungen, um die Zahlung abzuschlie\u00dfen.<\/li>\n<\/ul>\n<p>W\u00e4hrend des Kaufprozesses kann MERCURI SRL einen Best\u00e4tigungscode speichern, der mit Ihrem PayPal-Konto verkn\u00fcpft ist und es Ihnen erm\u00f6glicht, diesen ausschlie\u00dflich f\u00fcr zuk\u00fcnftige K\u00e4ufe zu verwenden oder zuvor gekaufte Waren zu ersetzen, ohne Ihre PayPal-Daten erneut eingeben zu m\u00fcssen. Sie k\u00f6nnen diese Autorisierung jederzeit \u00fcber Ihr \u201eMein Konto\u201c widerrufen, indem Sie dies ausdr\u00fccklich beim Kundenservice (support@mercurifashion.com) oder direkt von Ihrem PayPal-Konto aus anfordern. PayPal kann von Ihnen verlangen, Ihre Anmeldedaten erneut einzugeben, wenn PayPal vermutet, dass eine nicht autorisierte Aktivit\u00e4t in Verbindung mit Ihrem PayPal-Konto stattgefunden hat.<\/p>\n<p>Der Bestellvorgang gilt als abgeschlossen, wenn die Zahlungstransaktionen abgeschlossen sind und Sie zur Website zur\u00fcckgeleitet werden, um die Annahme Ihrer Bestellung zu best\u00e4tigen.<\/p>\n<p>Wenn Ihre Belastung aufgrund falscher Dateneingabe oder anderer technischer Gr\u00fcnde, die vom Zahlungsdienstleister gemeldet werden, nicht akzeptiert wird, k\u00f6nnen Sie die Option \u201eJetzt kaufen\u201c nicht verwenden. Wenn Sie die Zahlungsseite wie vom Serviceadministrator angewiesen verlassen, werden Sie zur Website weitergeleitet, die Sie dar\u00fcber informiert, dass die Bestellung nicht abgeschlossen werden kann.<\/p>\n<p>Das Eigentum an den Produkten geht auf Sie \u00fcber, wenn wir die Produkte an die von Ihnen angegebene Adresse liefern oder wenn Sie die Produkte bei uns abholen. Das Eigentum an den Produkten geht erst auf Sie \u00fcber, wenn wir die Lieferung abgeschlossen und die vollst\u00e4ndige Zahlung erhalten haben.<\/p>\n<h3>Lieferoptionen<\/h3>\n<p>Bevor Sie einen Kauf auf der Website abschlie\u00dfen, k\u00f6nnen Sie aus den folgenden Lieferoptionen w\u00e4hlen:<\/p>\n<h3>Lieferung an Ihre Adresse<\/h3>\n<p>Die Produkte werden nur an die von Ihnen angegebene Adresse geliefert, nachdem die vollst\u00e4ndige Zahlung der Bestellung bei MERCURI SRL eingegangen ist. Wir liefern nicht an Postf\u00e4cher oder \u00e4hnliche Adressen. MERCURI SRL wird die Produkte so schnell wie m\u00f6glich und in jedem Fall innerhalb von drei\u00dfig (30) Tagen ab dem Datum der Auftragsannahme versenden. Wenn bei der Lieferung niemand an Ihrer Adresse anwesend ist, hinterl\u00e4sst der Kurier eine Benachrichtigung mit Details zum Lieferversuch sowie den Codes und Kontaktinformationen, die zur Vereinbarung eines neuen Liefertermins erforderlich sind. Wenn Sie beim ersten Zustellversuch nicht erreichbar sind, unternimmt der Kurier am folgenden Tag einen weiteren Versuch. Sollte auch der zweite Versuch nicht erfolgreich sein, hinterl\u00e4sst der Kurier eine schriftliche Benachrichtigung mit seinen Kontaktdaten und dem Abholort, an dem Sie die Produkte abholen k\u00f6nnen. Wenn Sie die Produkte nicht innerhalb von 10 (zehn) Tagen ab dem Abholort abholen, werden die Produkte an unser Lager zur\u00fcckgesandt. Der Kundenservice wird Sie kontaktieren, um zu entscheiden, ob die bestellten Produkte erneut versendet oder eine R\u00fcckerstattung ausgestellt wird.<\/p>\n<p>Falls die Lieferung nicht innerhalb von 4 Werktagen ab dem Datum des Versands, das Ihnen von MERCURI SRL mitgeteilt wurde, erfolgt und eine Verfolgung auf der Website nicht m\u00f6glich ist, m\u00fcssen Sie MERCURI SRL \u00fcber die Nichtlieferung \u00fcber die Seite \u201eKontakte\u201c im Bereich Kundenservice der Website benachrichtigen. MERCURI SRL wird eine neue Lieferung der verlorenen Produkte innerhalb von 48 (achtundvierzig) Stunden nach der Benachrichtigung arrangieren, es sei denn, die Produkte sind nicht verf\u00fcgbar oder aufgrund h\u00f6herer Gewalt, in diesem Fall wird die Bestellung storniert und eine R\u00fcckerstattung wird ausgestellt.<\/p>\n<h3>Lieferverz\u00f6gerungen<\/h3>\n<p>Sie haben bestimmte Rechte, wenn wir uns ohne triftigen Grund bei der Lieferung von Produkten versp\u00e4ten. Wie im Abschnitt Lieferung oben dargelegt, k\u00f6nnen Sie den Vertrag sofort als beendet betrachten, wenn einer der folgenden Punkte zutrifft:<\/p>\n<ul>\n<li>(i) wir haben die Lieferung der Produkte verweigert; oder<\/li>\n<li>(ii) die Lieferung innerhalb des vereinbarten Zeitrahmens war wesentlich (unter Ber\u00fccksichtigung aller relevanten Umst\u00e4nde), und Sie haben uns vor der Annahme Ihrer Bestellung mitgeteilt, dass die Lieferung innerhalb dieses Zeitrahmens wesentlich war, und wir haben dem zugestimmt.<\/li>\n<\/ul>\n<p>Wenn Sie den Vertrag nicht sofort k\u00fcndigen m\u00f6chten oder nicht dazu berechtigt sind, k\u00f6nnen Sie uns eine neue angemessene Frist f\u00fcr die Lieferung setzen. Wenn wir diese neue Frist nicht einhalten, k\u00f6nnen Sie den Vertrag k\u00fcndigen.<\/p>\n<p>Wenn ein Ereignis au\u00dferhalb unserer Kontrolle (wie h\u00f6here Gewalt) zu einer Verz\u00f6gerung bei der Lieferung der Produkte f\u00fchrt, werden wir Sie so schnell wie m\u00f6glich benachrichtigen und Ma\u00dfnahmen ergreifen, um die Auswirkungen der Verz\u00f6gerung zu minimieren. Wenn wir dies tun, haften wir nicht f\u00fcr Verz\u00f6gerungen, die durch das Ereignis verursacht werden. Sollte jedoch das Risiko einer erheblichen Verz\u00f6gerung bestehen, k\u00f6nnen Sie uns kontaktieren, um den Vertrag zu k\u00fcndigen und eine R\u00fcckerstattung f\u00fcr alle Produkte zu erhalten, f\u00fcr die Sie bezahlt haben, aber nicht erhalten haben.<\/p>\n<h3>Versandkosten<\/h3>\n<p>Der Versand ist f\u00fcr alle \u00fcber die Website gekauften Produkte kostenlos.<\/p>\n<h3>R\u00fccksendungen<\/h3>\n<p>Wenn Sie Ihr Widerrufsrecht aus\u00fcben, m\u00fcssen Sie die Produkte mit einer der <a href=\"https:\/\/mercurifashion.com\/return-policy\/\">hier<\/a> beschriebenen Methoden zur\u00fccksenden.<\/p>\n<h3>Haftungsausschluss; Haftungsbeschr\u00e4nkung<\/h3>\n<p>Wir stellen die Produkte nur f\u00fcr Ihren pers\u00f6nlichen Gebrauch zur Verf\u00fcgung. Wenn Sie die Produkte f\u00fcr kommerzielle, gesch\u00e4ftliche oder Wiederverkaufszwecke verwenden, haften wir nicht f\u00fcr entgangenen Gewinn, Gesch\u00e4ft, Betriebsunterbrechung oder Gesch\u00e4ftsm\u00f6glichkeiten.<\/p>\n<p>Nichts in diesen Allgemeinen Gesch\u00e4ftsbedingungen schlie\u00dft unsere Haftung f\u00fcr Tod oder K\u00f6rperverletzung aus, die durch unsere Fahrl\u00e4ssigkeit verursacht wurden, f\u00fcr Betrug, f\u00fcr die Verletzung Ihrer gesetzlichen Rechte in Bezug auf die Produkte oder f\u00fcr jeden anderen Verlust oder Schaden, der gesetzlich nicht ausgeschlossen werden kann.<\/p>\n<p>Wenn wir diese Bedingungen nicht einhalten, sind wir f\u00fcr jeden Verlust oder Schaden verantwortlich, den Sie erleiden und der eine vorhersehbare Folge unserer Verletzung dieser Bedingungen oder unseres Vers\u00e4umnisses ist, angemessene Sorgfalt und Fachkenntnisse anzuwenden. Wir haften jedoch nicht f\u00fcr Verluste oder Sch\u00e4den, die nicht vorhersehbar sind. \u201eVorhersehbar\u201c bedeutet, dass der Verlust oder Schaden eine offensichtliche Folge unserer Verletzung war.<\/p>\n<h3>Kontaktieren Sie uns: Beschwerden, Kommunikation und Informationen<\/h3>\n<p>Wenn Sie Fragen, Beschwerden haben oder uns bez\u00fcglich dieser Allgemeinen Gesch\u00e4ftsbedingungen, Ihrer Bestellung oder unserer Produkte kontaktieren m\u00fcssen, k\u00f6nnen Sie den Kundenservice telefonisch unter +378 0549 972183, per E-Mail unter support@mercurifashion.com oder \u00fcber den Link \u201eKontakt\u201c im Bereich Kundenservice auf unserer Website kontaktieren.<\/p>\n<p>Sie k\u00f6nnen den Kundenservice kostenlos von Montag bis Freitag per E-Mail, durch Ausf\u00fcllen des Formulars oder durch Anruf der Telefonnummer kontaktieren. Bitte beachten Sie, dass wenn Sie andere Mittel oder Formen der Kommunikation als die oben beschriebenen verwenden (wie Post, Fax oder Anrufe an die geb\u00fchrenfreie Telefonnummer von MERCURI SRL), MERCURI SRL nicht verpflichtet ist, Ihnen die durch die Nutzung dieser Kommunikationsmittel entstandenen Kosten zu erstatten.<\/p>\n<p>Wenn wir Sie kontaktieren m\u00fcssen, werden wir dies telefonisch oder schriftlich an die E-Mail- oder Postadresse tun, die Sie in Ihrer Bestellung angegeben haben.<\/p>\n<h3>H\u00f6here Gewalt<\/h3>\n<p>Die Erbringung von Dienstleistungen durch MERCURI SRL kann im Falle h\u00f6herer Gewalt ausgesetzt werden, was ein Ereignis au\u00dferhalb unserer zumutbaren Kontrolle ist, wie (aber nicht beschr\u00e4nkt auf) Naturkatastrophen, ung\u00fcnstige Wetterbedingungen, Regierungsschlie\u00dfungen oder -beschr\u00e4nkungen, die Verbreitung von Infektionskrankheiten, Pandemien, Epidemien, Krieg, Aufst\u00e4nde, Aufst\u00e4nde, Streiks und Probleme in der Lieferkette, die MERCURI SRL aufgrund von Drittlieferanten betreffen. MERCURI SRL haftet nicht f\u00fcr Verz\u00f6gerungen oder Nichterf\u00fcllung, die durch solche F\u00e4lle h\u00f6herer Gewalt verursacht werden. MERCURI SRL wird den Kunden \u00fcber jedes Ereignis h\u00f6herer Gewalt informieren, wenn m\u00f6glich innerhalb von sieben (7) Tagen nach dessen Eintritt. Sollte die Dienstleistungsaussetzung l\u00e4nger als 15 Tage andauern, hat der Kunde das Recht, die Bestellung zu stornieren und eine R\u00fcckerstattung der bereits gezahlten Betr\u00e4ge zu erhalten.<\/p>\n<h3>Ihre Privatsph\u00e4re<\/h3>\n<p>Wir haben eine <a href=\"https:\/\/mercurifashion.com\/privacy-policy\/\">Datenschutzrichtlinie<\/a>, die erkl\u00e4rt, wie wir Ihre pers\u00f6nlichen Informationen behandeln und Ihre Rechte in dieser Hinsicht beschreibt. Eine Kopie unserer Datenschutzrichtlinie finden Sie auf der Website.<\/p>\n<h3>Ihre gesetzlichen Rechte<\/h3>\n<p>Nichts in diesen Allgemeinen Gesch\u00e4ftsbedingungen beeintr\u00e4chtigt Ihre gesetzlichen Rechte als Verbraucher gem\u00e4\u00df geltendem Recht.<\/p>\n<p>Dies ist eine Zusammenfassung Ihrer gesetzlichen Rechte. Diese unterliegen bestimmten Ausschl\u00fcssen. F\u00fcr detailliertere Informationen besuchen Sie bitte die relevante Website f\u00fcr Verbraucherschutzberatung oder kontaktieren Sie Ihren \u00f6rtlichen Verbraucherschutzberatungsdienst.<\/p>\n<h3>Allgemeine Bestimmungen<\/h3>\n<p>Jeder Abschnitt dieser Bedingungen gilt als trennbar. Wenn ein Gericht oder eine andere zust\u00e4ndige Beh\u00f6rde feststellt, dass eine Bestimmung dieser Bedingungen rechtswidrig ist, bleiben die verbleibenden Bestimmungen in vollem Umfang in Kraft.<\/p>\n<p>Wenn wir nicht sofort darauf bestehen, dass Sie etwas tun, das Sie gem\u00e4\u00df diesen Bedingungen tun m\u00fcssen, oder wenn wir z\u00f6gern, Ma\u00dfnahmen gegen Sie zu ergreifen, weil Sie gegen diese Bedingungen versto\u00dfen haben, bedeutet das nicht, dass Sie diese Dinge nicht tun m\u00fcssen, und es hindert uns nicht daran, zu einem sp\u00e4teren Zeitpunkt Ma\u00dfnahmen gegen Sie zu ergreifen.<\/p>\n<p>Wir k\u00f6nnen unsere Rechte und Pflichten aus diesen Bedingungen an eine andere Organisation abtreten. Wir werden Sie benachrichtigen, wenn wir dies beabsichtigen. Wenn Sie mit der \u00dcbertragung nicht zufrieden sind, k\u00f6nnen Sie uns innerhalb von zehn (10) Tagen nach unserer Benachrichtigung kontaktieren, um diese Bedingungen zu beenden.<\/p>\n<p>Diese Bedingungen bestehen zwischen Ihnen und uns und verleihen Dritten keine Rechte gem\u00e4\u00df dem Contracts (Rights of Third Parties) Act 1999, um eine Bestimmung dieser Bedingungen durchzusetzen.<\/p>\n<h3>Anwendbares Recht und Gerichtsstand<\/h3>\n<p>Diese Bedingungen und alle Streitigkeiten, die sich aus oder im Zusammenhang mit diesen Bedingungen ergeben, unterliegen den Gesetzen der Republik San Marino und werden gem\u00e4\u00df diesen ausgelegt, und beide Parteien stimmen zu, sich der ausschlie\u00dflichen Zust\u00e4ndigkeit der Gerichte der Republik San Marino zu unterwerfen. Als Verbraucher profitieren Sie jedoch von allen zwingenden Bestimmungen des Rechts des Landes, in dem Sie Ihren Wohnsitz haben. Nichts in diesen Bedingungen beeintr\u00e4chtigt Ihr Recht als Verbraucher, sich auf solche zwingenden Bestimmungen des \u00f6rtlichen Rechts zu verlassen.<\/p>\n<hr>\n<p>&nbsp;<\/p>\n","protected":false},"excerpt":{"rendered":"<p>Allgemeine Gesch\u00e4ftsbedingungen G\u00fcltig ab: 3. September 2024 Einleitung In diesem Dokument beziehen sich \u201eWir\u201c, \u201eUnser\u201c und \u201eUns\u201c auf MERCURI SRL,<\/p>\n","protected":false},"author":2,"featured_media":0,"parent":0,"menu_order":0,"comment_status":"closed","ping_status":"closed","template":"","meta":{"footnotes":""},"class_list":["post-21474","page","type-page","status-publish","hentry"],"_links":{"self":[{"href":"https:\/\/mercurifashion.com\/de\/wp-json\/wp\/v2\/pages\/21474","targetHints":{"allow":["GET"]}}],"collection":[{"href":"https:\/\/mercurifashion.com\/de\/wp-json\/wp\/v2\/pages"}],"about":[{"href":"https:\/\/mercurifashion.com\/de\/wp-json\/wp\/v2\/types\/page"}],"author":[{"embeddable":true,"href":"https:\/\/mercurifashion.com\/de\/wp-json\/wp\/v2\/users\/2"}],"replies":[{"embeddable":true,"href":"https:\/\/mercurifashion.com\/de\/wp-json\/wp\/v2\/comments?post=21474"}],"version-history":[{"count":1,"href":"https:\/\/mercurifashion.com\/de\/wp-json\/wp\/v2\/pages\/21474\/revisions"}],"predecessor-version":[{"id":21475,"href":"https:\/\/mercurifashion.com\/de\/wp-json\/wp\/v2\/pages\/21474\/revisions\/21475"}],"wp:attachment":[{"href":"https:\/\/mercurifashion.com\/de\/wp-json\/wp\/v2\/media?parent=21474"}],"curies":[{"name":"wp","href":"https:\/\/api.w.org\/{rel}","templated":true}]}}