{"id":21526,"date":"2024-09-18T15:51:46","date_gmt":"2024-09-18T15:51:46","guid":{"rendered":"https:\/\/mercurifashion.com\/?page_id=21526"},"modified":"2024-09-18T16:32:12","modified_gmt":"2024-09-18T16:32:12","slug":"shipping","status":"publish","type":"page","link":"https:\/\/mercurifashion.com\/de\/shipping\/","title":{"rendered":"Versand"},"content":{"rendered":"<h2>Versandbedingungen f\u00fcr MercuriFashion.com<\/h2>\n<p>&nbsp;<\/p>\n<p><strong>Kostenloser weltweiter Versand mit DHL Express<\/strong><br \/>\nWir freuen uns, Ihnen f\u00fcr alle Eink\u00e4ufe in unserem Online-Shop einen kostenlosen weltweiten Versand mit DHL Express anbieten zu k\u00f6nnen. Unser Ziel ist es, eine schnelle und zuverl\u00e4ssige Lieferung zu gew\u00e4hrleisten, egal wo Sie sich befinden.<\/p>\n<h3>Lagerort der Waren<\/h3>\n<p>Alle auf MercuriFashion.com verf\u00fcgbaren Artikel werden in unserem Lager in der Republik San Marino gelagert. Bevor die Produkte au\u00dferhalb der Grenzen von San Marino versendet werden, durchlaufen sie eine obligatorische Zollabfertigung und erhalten eine Exportlizenz gem\u00e4\u00df den Gesetzen der Republik San Marino. Die Export- und Zollverfahren entsprechen den Anforderungen des Zollkodex der Republik San Marino (Gesetz Nr. 122 von 2010).<\/p>\n<h3>Bestellabwicklung<\/h3>\n<p>Nachdem Ihre Bestellung in unserem Online-Shop aufgegeben wurde, wird sie am n\u00e4chsten Werktag bearbeitet. Wenn die Bestellung an einem offiziellen Feiertag oder w\u00e4hrend einer religi\u00f6sen Feier aufgegeben wird, verz\u00f6gert sich die Bearbeitung bis zum n\u00e4chsten Werktag. Bitte beachten Sie, dass wir Bestellungen an gesetzlichen Feiertagen in der Republik San Marino nicht bearbeiten oder versenden. Eine vollst\u00e4ndige Liste der Feiertage finden Sie im Gesetzesdekret Nr. 100 von 1998.<\/p>\n<h3>Versandmethoden und Lieferzeiten<\/h3>\n<p>Alle Bestellungen werden \u00fcber DHL Express versendet, das eine zuverl\u00e4ssige und schnelle Lieferung in die meisten L\u00e4nder der Welt bietet. Die durchschnittliche Lieferzeit betr\u00e4gt 2-3 Werktage ab dem Zeitpunkt, an dem Ihre Bestellung bearbeitet wurde. Die Lieferzeiten in abgelegene Gebiete k\u00f6nnen jedoch je nach logistischen Gegebenheiten des Ziellandes und der Region l\u00e4nger sein.<\/p>\n<h3>Verfolgung Ihrer Bestellung<\/h3>\n<p>Sobald Ihre Bestellung bearbeitet und versendet wurde, erhalten Sie einen Tracking-Code per E-Mail, die Sie beim Bestellvorgang angegeben haben. Sie k\u00f6nnen diesen Code verwenden, um den Status und den Standort Ihrer Bestellung \u00fcber das DHL-Tracking-System auf deren offizieller Website zu verfolgen. So k\u00f6nnen Sie stets den Fortschritt Ihrer Lieferung im Auge behalten.<\/p>\n<h3>Lieferverz\u00f6gerungen an Feiertagen<\/h3>\n<p>Bitte beachten Sie, dass sich w\u00e4hrend religi\u00f6ser und weltlicher Feiertage, sowohl in San Marino als auch im Ausland, die Bearbeitungs- und Lieferzeiten verl\u00e4ngern k\u00f6nnen. Wir empfehlen Ihnen, Ihre Eink\u00e4ufe im Voraus zu planen, insbesondere w\u00e4hrend gro\u00dfer internationaler Feiertage wie Weihnachten und Ostern.<\/p>\n<h3>Gesetzliche Garantien und Verbraucherrechte<\/h3>\n<p>Alle Versandprozesse entsprechen den geltenden Gesetzen der Republik San Marino und den internationalen Handelsvorschriften. Wir garantieren, dass alle Versandverpflichtungen innerhalb der vereinbarten Frist erf\u00fcllt werden. Als Verbraucher haben Sie das Recht, Waren gem\u00e4\u00df dem Verbraucherschutzgesetz Nr. 119 von 2005 der Republik San Marino zur\u00fcckzugeben oder umzutauschen.<\/p>\n<p>Wir bem\u00fchen uns, unseren Kunden den bestm\u00f6glichen Service zu bieten, indem wir schnelle und zuverl\u00e4ssige Lieferungen f\u00fcr jeden Kauf gew\u00e4hrleisten.<\/p>\n","protected":false},"excerpt":{"rendered":"<p>Versandbedingungen f\u00fcr MercuriFashion.com &nbsp; Kostenloser weltweiter Versand mit DHL Express Wir freuen uns, Ihnen f\u00fcr alle Eink\u00e4ufe in unserem Online-Shop<\/p>\n","protected":false},"author":2,"featured_media":0,"parent":0,"menu_order":0,"comment_status":"closed","ping_status":"closed","template":"","meta":{"footnotes":""},"class_list":["post-21526","page","type-page","status-publish","hentry"],"_links":{"self":[{"href":"https:\/\/mercurifashion.com\/de\/wp-json\/wp\/v2\/pages\/21526","targetHints":{"allow":["GET"]}}],"collection":[{"href":"https:\/\/mercurifashion.com\/de\/wp-json\/wp\/v2\/pages"}],"about":[{"href":"https:\/\/mercurifashion.com\/de\/wp-json\/wp\/v2\/types\/page"}],"author":[{"embeddable":true,"href":"https:\/\/mercurifashion.com\/de\/wp-json\/wp\/v2\/users\/2"}],"replies":[{"embeddable":true,"href":"https:\/\/mercurifashion.com\/de\/wp-json\/wp\/v2\/comments?post=21526"}],"version-history":[{"count":2,"href":"https:\/\/mercurifashion.com\/de\/wp-json\/wp\/v2\/pages\/21526\/revisions"}],"predecessor-version":[{"id":21537,"href":"https:\/\/mercurifashion.com\/de\/wp-json\/wp\/v2\/pages\/21526\/revisions\/21537"}],"wp:attachment":[{"href":"https:\/\/mercurifashion.com\/de\/wp-json\/wp\/v2\/media?parent=21526"}],"curies":[{"name":"wp","href":"https:\/\/api.w.org\/{rel}","templated":true}]}}