{"id":23840,"date":"2024-07-24T11:50:16","date_gmt":"2024-07-24T11:50:16","guid":{"rendered":"https:\/\/mercurifashion.com\/?page_id=23840"},"modified":"2024-11-27T20:43:25","modified_gmt":"2024-11-27T20:43:25","slug":"about-us","status":"publish","type":"page","link":"https:\/\/mercurifashion.com\/de\/about-us\/","title":{"rendered":"\u00dcber MERCURI"},"content":{"rendered":"<div class=\"fusion-fullwidth fullwidth-box fusion-builder-row-1 fusion-flex-container has-pattern-background has-mask-background nonhundred-percent-fullwidth non-hundred-percent-height-scrolling\" style=\"--awb-border-radius-top-left:0px;--awb-border-radius-top-right:0px;--awb-border-radius-bottom-right:0px;--awb-border-radius-bottom-left:0px;--awb-flex-wrap:wrap;\" ><div class=\"fusion-builder-row fusion-row fusion-flex-align-items-flex-start fusion-flex-content-wrap\" style=\"max-width:1216.8px;margin-left: calc(-4% \/ 2 );margin-right: calc(-4% \/ 2 );\"><div class=\"fusion-layout-column fusion_builder_column fusion-builder-column-0 fusion_builder_column_1_3 1_3 fusion-flex-column\" style=\"--awb-bg-size:cover;--awb-width-large:33.333333333333%;--awb-margin-top-large:15px;--awb-spacing-right-large:5.76%;--awb-margin-bottom-large:15px;--awb-spacing-left-large:5.76%;--awb-width-medium:100%;--awb-order-medium:0;--awb-spacing-right-medium:1.92%;--awb-spacing-left-medium:1.92%;--awb-width-small:100%;--awb-order-small:0;--awb-spacing-right-small:1.92%;--awb-spacing-left-small:1.92%;\"><div class=\"fusion-column-wrapper fusion-column-has-shadow fusion-flex-justify-content-flex-start fusion-content-layout-column\"><div class=\"fusion-image-element \" style=\"--awb-mask-url: url(https:\/\/mercurifashion.com\/wp-content\/plugins\/fusion-builder\/\/assets\/images\/masks\/mask-5.svg);--awb-margin-top:100px;--awb-caption-title-font-family:var(--h2_typography-font-family);--awb-caption-title-font-weight:var(--h2_typography-font-weight);--awb-caption-title-font-style:var(--h2_typography-font-style);--awb-caption-title-size:var(--h2_typography-font-size);--awb-caption-title-transform:var(--h2_typography-text-transform);--awb-caption-title-line-height:var(--h2_typography-line-height);--awb-caption-title-letter-spacing:var(--h2_typography-letter-spacing);\"><span class=\" fusion-imageframe imageframe-none imageframe-1 hover-type-none has-mask\"><img decoding=\"async\" width=\"1200\" height=\"900\" alt=\"MERCURI store\" title=\"store\" src=\"https:\/\/mercurifashion.com\/wp-content\/uploads\/2024\/11\/store.webp\" data-orig-src=\"https:\/\/mercurifashion.com\/wp-content\/uploads\/2024\/11\/store.webp\" class=\"lazyload img-responsive wp-image-23809\" srcset=\"data:image\/svg+xml,%3Csvg%20xmlns%3D%27http%3A%2F%2Fwww.w3.org%2F2000%2Fsvg%27%20width%3D%271200%27%20height%3D%27900%27%20viewBox%3D%270%200%201200%20900%27%3E%3Crect%20width%3D%271200%27%20height%3D%27900%27%20fill-opacity%3D%220%22%2F%3E%3C%2Fsvg%3E\" data-srcset=\"https:\/\/mercurifashion.com\/wp-content\/uploads\/2024\/11\/store-200x150.webp 200w, https:\/\/mercurifashion.com\/wp-content\/uploads\/2024\/11\/store-300x225.webp 300w, https:\/\/mercurifashion.com\/wp-content\/uploads\/2024\/11\/store-400x300.webp 400w, https:\/\/mercurifashion.com\/wp-content\/uploads\/2024\/11\/store-500x375.webp 500w, https:\/\/mercurifashion.com\/wp-content\/uploads\/2024\/11\/store-600x450.webp 600w, https:\/\/mercurifashion.com\/wp-content\/uploads\/2024\/11\/store-700x525.webp 700w, https:\/\/mercurifashion.com\/wp-content\/uploads\/2024\/11\/store-768x576.webp 768w, https:\/\/mercurifashion.com\/wp-content\/uploads\/2024\/11\/store-800x600.webp 800w, https:\/\/mercurifashion.com\/wp-content\/uploads\/2024\/11\/store-1024x768.webp 1024w, https:\/\/mercurifashion.com\/wp-content\/uploads\/2024\/11\/store.webp 1200w\" data-sizes=\"auto\" data-orig-sizes=\"(max-width: 1024px) 100vw, (max-width: 640px) 100vw, 400px\" \/><\/span><\/div><div class=\"fusion-text fusion-text-1\" style=\"--awb-margin-top:40px;\"><p style=\"text-align: center;\"><em>Via Tre Settembre, 174<br \/>\n47891 Dogana<br \/>\nRepubblica di San Marino<\/em><\/p>\n<\/div><\/div><\/div><div class=\"fusion-layout-column fusion_builder_column fusion-builder-column-1 fusion_builder_column_2_3 2_3 fusion-flex-column\" style=\"--awb-bg-size:cover;--awb-width-large:66.666666666667%;--awb-margin-top-large:15px;--awb-spacing-right-large:2.88%;--awb-margin-bottom-large:15px;--awb-spacing-left-large:2.88%;--awb-width-medium:100%;--awb-order-medium:0;--awb-spacing-right-medium:1.92%;--awb-spacing-left-medium:1.92%;--awb-width-small:100%;--awb-order-small:0;--awb-spacing-right-small:1.92%;--awb-spacing-left-small:1.92%;\"><div class=\"fusion-column-wrapper fusion-column-has-shadow fusion-flex-justify-content-flex-start fusion-content-layout-column\"><div class=\"fusion-title title fusion-title-1 fusion-title-center fusion-title-text fusion-title-size-one\"><div class=\"title-sep-container title-sep-container-left\"><div class=\"title-sep sep- sep-solid\" style=\"border-color:var(--awb-color3);\"><\/div><\/div><span class=\"awb-title-spacer\"><\/span><h1 class=\"fusion-title-heading title-heading-center fusion-responsive-typography-calculated\" style=\"margin:0;--fontSize:50;line-height:var(--awb-typography1-line-height);\">\u00dcber MERCURI<\/h1><span class=\"awb-title-spacer\"><\/span><div class=\"title-sep-container title-sep-container-right\"><div class=\"title-sep sep- sep-solid\" style=\"border-color:var(--awb-color3);\"><\/div><\/div><\/div><div class=\"fusion-text fusion-text-2\"><p>MERCURI ist ein Unternehmen mit umfangreicher Erfahrung in der Modebranche seit 1995. Gegr\u00fcndet in San Marino, hat es sich als zuverl\u00e4ssiger Partner etabliert, der hochwertige Produkte und einen individuellen Ansatz f\u00fcr jeden Kunden bietet.<\/p>\n<\/div><div class=\"fusion-text fusion-text-3\"><p>Heute spezialisiert sich MERCURI auf hochwertige Damenbekleidung der f\u00fchrenden italienischen Marken Max Mara und Marina Rinaldi. Unsere Produkte sind sowohl online als auch in unserem Ladengesch\u00e4ft erh\u00e4ltlich, das sich unter folgender Adresse befindet: Via Tre Settembre, 174, 47891 Dogana, Republik San Marino.<br \/>\nWir garantieren die Echtheit unserer Produkte, eine p\u00fcnktliche Lieferung und einen au\u00dfergew\u00f6hnlichen Kundenservice. K\u00e4ufer k\u00f6nnen sicher sein, dass sie ausschlie\u00dflich originale Artikel aus den neuesten Kollektionen erhalten, die den h\u00f6chsten internationalen Qualit\u00e4tsstandards entsprechen.<br \/>\nUnser Online-Shop wurde f\u00fcr die Bequemlichkeit der Kunden konzipiert und bietet ein reibungsloses und sicheres Einkaufserlebnis. F\u00fcr diejenigen, die einen pers\u00f6nlichen Besuch bevorzugen, bietet unser Gesch\u00e4ft in San Marino die einzigartige M\u00f6glichkeit, die Qualit\u00e4t und den Stil unserer Produkte hautnah zu erleben.<\/p>\n<p><strong>MERCURI \u2013 Ihre Garantie f\u00fcr hochwertige Eink\u00e4ufe, authentische Produkte und tadellosen Service<\/strong>.<\/p>\n<\/div><\/div><\/div><\/div><\/div>\n","protected":false},"excerpt":{"rendered":"","protected":false},"author":2,"featured_media":23809,"parent":0,"menu_order":0,"comment_status":"closed","ping_status":"closed","template":"","meta":{"footnotes":""},"class_list":["post-23840","page","type-page","status-publish","has-post-thumbnail","hentry"],"_links":{"self":[{"href":"https:\/\/mercurifashion.com\/de\/wp-json\/wp\/v2\/pages\/23840","targetHints":{"allow":["GET"]}}],"collection":[{"href":"https:\/\/mercurifashion.com\/de\/wp-json\/wp\/v2\/pages"}],"about":[{"href":"https:\/\/mercurifashion.com\/de\/wp-json\/wp\/v2\/types\/page"}],"author":[{"embeddable":true,"href":"https:\/\/mercurifashion.com\/de\/wp-json\/wp\/v2\/users\/2"}],"replies":[{"embeddable":true,"href":"https:\/\/mercurifashion.com\/de\/wp-json\/wp\/v2\/comments?post=23840"}],"version-history":[{"count":2,"href":"https:\/\/mercurifashion.com\/de\/wp-json\/wp\/v2\/pages\/23840\/revisions"}],"predecessor-version":[{"id":23842,"href":"https:\/\/mercurifashion.com\/de\/wp-json\/wp\/v2\/pages\/23840\/revisions\/23842"}],"wp:featuredmedia":[{"embeddable":true,"href":"https:\/\/mercurifashion.com\/de\/wp-json\/wp\/v2\/media\/23809"}],"wp:attachment":[{"href":"https:\/\/mercurifashion.com\/de\/wp-json\/wp\/v2\/media?parent=23840"}],"curies":[{"name":"wp","href":"https:\/\/api.w.org\/{rel}","templated":true}]}}