{"id":22880,"date":"2024-10-30T19:15:56","date_gmt":"2024-10-30T19:15:56","guid":{"rendered":"https:\/\/mercurifashion.com\/?post_type=product&#038;p=22880"},"modified":"2024-11-11T16:01:33","modified_gmt":"2024-11-11T16:01:33","slug":"max-mara-studio-usa-mantel-aus-alpaka-und-wolle","status":"publish","type":"product","link":"https:\/\/mercurifashion.com\/de\/product\/max-mara-studio-usa-mantel-aus-alpaka-und-wolle\/","title":{"rendered":"MAX MARA STUDIO: USA Mantel aus Alpaka und Wolle"},"content":{"rendered":"<p><strong>Damenmantel im Bademantel-Stil:<\/strong><br \/>\nAlpaka und Wollgewebe<br \/>\nLange Kimono\u00e4rmel<br \/>\nVerschluss mit G\u00fcrtel vorne<br \/>\nSchalkragen mit V-Ausschnitt<br \/>\nSeitentaschen<br \/>\nMa\u00dfgeschneiderte N\u00e4hte<br \/>\nGef\u00fcttert<br \/>\nNormale Passform<br \/>\nFarbe: Schwarz<\/p>\n","protected":false},"excerpt":{"rendered":"<p>Dieser schwarze Max Mara Studio-Mantel kombiniert Alpaka und Schurwolle, mit G\u00fcrtelverschluss, Kimono\u00e4rmeln und einem Schalkragen mit V-Ausschnitt. Er ist mit ma\u00dfgeschneiderten N\u00e4hten und einem Innenfutter versehen und bietet einen zeitlosen Look in regul\u00e4rer Passform.<\/p>\n<p><strong>Zusammensetzung<\/strong>:<br \/>\n70% Alpaka, 30% Schurwolle<br \/>\nFutter: 100% Viskose<\/p>\n","protected":false},"featured_media":21915,"comment_status":"open","ping_status":"closed","template":"","meta":[],"product_brand":[],"product_cat":[206,144],"product_tag":[],"class_list":{"0":"post-22880","1":"product","2":"type-product","3":"status-publish","4":"has-post-thumbnail","6":"product_cat-coat","7":"product_cat-max-mara-de","9":"first","10":"instock","11":"featured","12":"shipping-taxable","13":"purchasable","14":"product-type-variable"},"_links":{"self":[{"href":"https:\/\/mercurifashion.com\/de\/wp-json\/wp\/v2\/product\/22880","targetHints":{"allow":["GET"]}}],"collection":[{"href":"https:\/\/mercurifashion.com\/de\/wp-json\/wp\/v2\/product"}],"about":[{"href":"https:\/\/mercurifashion.com\/de\/wp-json\/wp\/v2\/types\/product"}],"replies":[{"embeddable":true,"href":"https:\/\/mercurifashion.com\/de\/wp-json\/wp\/v2\/comments?post=22880"}],"wp:featuredmedia":[{"embeddable":true,"href":"https:\/\/mercurifashion.com\/de\/wp-json\/wp\/v2\/media\/21915"}],"wp:attachment":[{"href":"https:\/\/mercurifashion.com\/de\/wp-json\/wp\/v2\/media?parent=22880"}],"wp:term":[{"taxonomy":"product_brand","embeddable":true,"href":"https:\/\/mercurifashion.com\/de\/wp-json\/wp\/v2\/product_brand?post=22880"},{"taxonomy":"product_cat","embeddable":true,"href":"https:\/\/mercurifashion.com\/de\/wp-json\/wp\/v2\/product_cat?post=22880"},{"taxonomy":"product_tag","embeddable":true,"href":"https:\/\/mercurifashion.com\/de\/wp-json\/wp\/v2\/product_tag?post=22880"}],"curies":[{"name":"wp","href":"https:\/\/api.w.org\/{rel}","templated":true}]}}