{"id":22908,"date":"2024-10-31T15:56:41","date_gmt":"2024-10-31T15:56:41","guid":{"rendered":"https:\/\/mercurifashion.com\/?post_type=product&#038;p=22908"},"modified":"2024-11-11T16:16:48","modified_gmt":"2024-11-11T16:16:48","slug":"max-mara-studio-cles-mantel-aus-wolle-und-kaschmir-2","status":"publish","type":"product","link":"https:\/\/mercurifashion.com\/de\/product\/max-mara-studio-cles-mantel-aus-wolle-und-kaschmir-2\/","title":{"rendered":"MAX MARA STUDIO: CLES Mantel aus Wolle und Kaschmir"},"content":{"rendered":"<p><strong>Damenmantel im Bademantel-Stil:<\/strong><br \/>\nLange \u00c4rmel<br \/>\nBreiter Reverskragen<br \/>\nV-Ausschnitt<br \/>\nAbnehmbarer Tailleng\u00fcrtel<br \/>\nSeitentaschen<br \/>\nNormale Passform<br \/>\nFarbe: Rosa<\/p>\n","protected":false},"excerpt":{"rendered":"<p>Dieser elegante rosa Mantel von Max Mara Studio kombiniert luxuri\u00f6se Schurwolle mit einem Hauch zeitloser Raffinesse. Er verf\u00fcgt \u00fcber eine Bademantel-Silhouette mit breitem Reverskragen, langen \u00c4rmeln, einem abnehmbaren G\u00fcrtel an der Taille und Seitentaschen f\u00fcr einen klassischen, raffinierten Look.<\/p>\n<p><strong>Zusammensetzung<\/strong>:<br \/>\n88% Schurwolle, 6% Seide, 6% Kaschmir<br \/>\nFutter: 100% Viskose<\/p>\n","protected":false},"featured_media":21968,"comment_status":"open","ping_status":"closed","template":"","meta":[],"product_brand":[],"product_cat":[206,144],"product_tag":[],"class_list":{"0":"post-22908","1":"product","2":"type-product","3":"status-publish","4":"has-post-thumbnail","6":"product_cat-coat","7":"product_cat-max-mara-de","9":"first","10":"instock","11":"sale","12":"featured","13":"shipping-taxable","14":"purchasable","15":"product-type-variable"},"_links":{"self":[{"href":"https:\/\/mercurifashion.com\/de\/wp-json\/wp\/v2\/product\/22908","targetHints":{"allow":["GET"]}}],"collection":[{"href":"https:\/\/mercurifashion.com\/de\/wp-json\/wp\/v2\/product"}],"about":[{"href":"https:\/\/mercurifashion.com\/de\/wp-json\/wp\/v2\/types\/product"}],"replies":[{"embeddable":true,"href":"https:\/\/mercurifashion.com\/de\/wp-json\/wp\/v2\/comments?post=22908"}],"wp:featuredmedia":[{"embeddable":true,"href":"https:\/\/mercurifashion.com\/de\/wp-json\/wp\/v2\/media\/21968"}],"wp:attachment":[{"href":"https:\/\/mercurifashion.com\/de\/wp-json\/wp\/v2\/media?parent=22908"}],"wp:term":[{"taxonomy":"product_brand","embeddable":true,"href":"https:\/\/mercurifashion.com\/de\/wp-json\/wp\/v2\/product_brand?post=22908"},{"taxonomy":"product_cat","embeddable":true,"href":"https:\/\/mercurifashion.com\/de\/wp-json\/wp\/v2\/product_cat?post=22908"},{"taxonomy":"product_tag","embeddable":true,"href":"https:\/\/mercurifashion.com\/de\/wp-json\/wp\/v2\/product_tag?post=22908"}],"curies":[{"name":"wp","href":"https:\/\/api.w.org\/{rel}","templated":true}]}}