{"id":22928,"date":"2024-10-31T20:52:49","date_gmt":"2024-10-31T20:52:49","guid":{"rendered":"https:\/\/mercurifashion.com\/?post_type=product&#038;p=22928"},"modified":"2024-11-11T16:29:59","modified_gmt":"2024-11-11T16:29:59","slug":"max-mara-studio-corolla-wollmantel","status":"publish","type":"product","link":"https:\/\/mercurifashion.com\/de\/product\/max-mara-studio-corolla-wollmantel\/","title":{"rendered":"MAX MARA STUDIO: COROLLA Wollmantel"},"content":{"rendered":"<p><strong>Damenmantel:<\/strong><\/p>\n<ul>\n<li>Lange \u00c4rmel.<\/li>\n<li>Mit Reverskragen und doppelreihigem Knopfverschluss.<\/li>\n<li>Zwei dekorative Klappentaschen und zwei Schlitztaschen.<\/li>\n<li>Kusskn\u00f6pfe an den Manschetten.<\/li>\n<li>R\u00fcckenschlitz und dekorative N\u00e4hte.<\/li>\n<\/ul>\n","protected":false},"excerpt":{"rendered":"<p>Der Corolla Wollmantel f\u00fcr Damen von Max Mara Studio in einem eleganten Braunton ist aus hochwertiger Schurwolle gefertigt und verleiht einen schicken Woll-Look. Dieser Mantel ist ein vielseitiges St\u00fcck, ideal f\u00fcr die k\u00fchleren Monate, mit einer klassischen Silhouette, die durch eine doppelreihige Knopfleiste f\u00fcr einen zeitlosen, eleganten Look erg\u00e4nzt wird. Er passt gr\u00f6\u00dfengetreu mit einer leicht taillierten Form und bietet sowohl Komfort als auch Eleganz.<\/p>\n<p><strong>Zusammensetzung:<\/strong><br \/>\n100% Schurwolle<br \/>\nFutter: 100% Viskose<\/p>\n","protected":false},"featured_media":22008,"comment_status":"open","ping_status":"closed","template":"","meta":[],"product_brand":[],"product_cat":[206,144],"product_tag":[],"class_list":{"0":"post-22928","1":"product","2":"type-product","3":"status-publish","4":"has-post-thumbnail","6":"product_cat-coat","7":"product_cat-max-mara-de","9":"first","10":"instock","11":"sale","12":"featured","13":"shipping-taxable","14":"purchasable","15":"product-type-variable"},"_links":{"self":[{"href":"https:\/\/mercurifashion.com\/de\/wp-json\/wp\/v2\/product\/22928","targetHints":{"allow":["GET"]}}],"collection":[{"href":"https:\/\/mercurifashion.com\/de\/wp-json\/wp\/v2\/product"}],"about":[{"href":"https:\/\/mercurifashion.com\/de\/wp-json\/wp\/v2\/types\/product"}],"replies":[{"embeddable":true,"href":"https:\/\/mercurifashion.com\/de\/wp-json\/wp\/v2\/comments?post=22928"}],"wp:featuredmedia":[{"embeddable":true,"href":"https:\/\/mercurifashion.com\/de\/wp-json\/wp\/v2\/media\/22008"}],"wp:attachment":[{"href":"https:\/\/mercurifashion.com\/de\/wp-json\/wp\/v2\/media?parent=22928"}],"wp:term":[{"taxonomy":"product_brand","embeddable":true,"href":"https:\/\/mercurifashion.com\/de\/wp-json\/wp\/v2\/product_brand?post=22928"},{"taxonomy":"product_cat","embeddable":true,"href":"https:\/\/mercurifashion.com\/de\/wp-json\/wp\/v2\/product_cat?post=22928"},{"taxonomy":"product_tag","embeddable":true,"href":"https:\/\/mercurifashion.com\/de\/wp-json\/wp\/v2\/product_tag?post=22928"}],"curies":[{"name":"wp","href":"https:\/\/api.w.org\/{rel}","templated":true}]}}