{"id":22966,"date":"2024-11-01T14:35:56","date_gmt":"2024-11-01T14:35:56","guid":{"rendered":"https:\/\/mercurifashion.com\/?post_type=product&#038;p=22966"},"modified":"2024-11-11T16:55:40","modified_gmt":"2024-11-11T16:55:40","slug":"weekend-max-mara-adorni-jacke","status":"publish","type":"product","link":"https:\/\/mercurifashion.com\/de\/product\/weekend-max-mara-adorni-jacke\/","title":{"rendered":"WEEKEND MAX MARA: ADORNI Jacke"},"content":{"rendered":"","protected":false},"excerpt":{"rendered":"<p>Die &#8222;Adorni&#8220; Bomberjacke von Weekend Max Mara in Grau ist aus einem doppellagigen Wollmischgewebe gefertigt. Sie verf\u00fcgt \u00fcber die Luxepad Ultra Fine Isolierungstechnologie mit einer F\u00fcllung aus Kamel-Seiden-Mischung, die W\u00e4rme und Komfort bietet. Die Jacke hat ein gestepptes Innenfutter, einen gerippten Strickkragen und -saum, seitliche Leistentaschen und ein Filz-Patch-Detail auf der Brust. Sie schlie\u00dft vorne mit Druckkn\u00f6pfen und hat eine Oversize-Passform.<\/p>\n<p><strong>Stoffzusammensetzung<\/strong><br \/>\n90% Wolle, 10% Polyamid.<br \/>\nFutter: 100% Polyester.<br \/>\nPolsterung: 49% Polyester, 46% Kamel, 5% Seide.<\/p>\n","protected":false},"featured_media":22170,"comment_status":"open","ping_status":"closed","template":"","meta":[],"product_brand":[],"product_cat":[162,144],"product_tag":[],"class_list":{"0":"post-22966","1":"product","2":"type-product","3":"status-publish","4":"has-post-thumbnail","6":"product_cat-jacken","7":"product_cat-max-mara-de","9":"first","10":"outofstock","11":"featured","12":"shipping-taxable","13":"purchasable","14":"product-type-variable"},"_links":{"self":[{"href":"https:\/\/mercurifashion.com\/de\/wp-json\/wp\/v2\/product\/22966","targetHints":{"allow":["GET"]}}],"collection":[{"href":"https:\/\/mercurifashion.com\/de\/wp-json\/wp\/v2\/product"}],"about":[{"href":"https:\/\/mercurifashion.com\/de\/wp-json\/wp\/v2\/types\/product"}],"replies":[{"embeddable":true,"href":"https:\/\/mercurifashion.com\/de\/wp-json\/wp\/v2\/comments?post=22966"}],"wp:featuredmedia":[{"embeddable":true,"href":"https:\/\/mercurifashion.com\/de\/wp-json\/wp\/v2\/media\/22170"}],"wp:attachment":[{"href":"https:\/\/mercurifashion.com\/de\/wp-json\/wp\/v2\/media?parent=22966"}],"wp:term":[{"taxonomy":"product_brand","embeddable":true,"href":"https:\/\/mercurifashion.com\/de\/wp-json\/wp\/v2\/product_brand?post=22966"},{"taxonomy":"product_cat","embeddable":true,"href":"https:\/\/mercurifashion.com\/de\/wp-json\/wp\/v2\/product_cat?post=22966"},{"taxonomy":"product_tag","embeddable":true,"href":"https:\/\/mercurifashion.com\/de\/wp-json\/wp\/v2\/product_tag?post=22966"}],"curies":[{"name":"wp","href":"https:\/\/api.w.org\/{rel}","templated":true}]}}