{"id":23053,"date":"2024-11-04T16:48:33","date_gmt":"2024-11-04T16:48:33","guid":{"rendered":"https:\/\/mercurifashion.com\/?post_type=product&#038;p=23053"},"modified":"2024-11-11T18:43:27","modified_gmt":"2024-11-11T18:43:27","slug":"weekend-max-mara-nico-oversize-wollmantel","status":"publish","type":"product","link":"https:\/\/mercurifashion.com\/de\/product\/weekend-max-mara-nico-oversize-wollmantel\/","title":{"rendered":"WEEKEND MAX MARA: NICO Oversize Wollmantel"},"content":{"rendered":"<p><strong>Pflegetipps<\/strong>:<br \/>\nNicht waschen, bleichen oder im Trockner trocknen. Bei Bedarf bei niedriger Temperatur b\u00fcgeln und den Mantel professionell mit Perchlorethylen schonend reinigen lassen. Nassreinigung vermeiden. Mantel vor der Reinigung schlie\u00dfen und Lederdetails sowie Kn\u00f6pfe sch\u00fctzen.<\/p>\n","protected":false},"excerpt":{"rendered":"<p>Dieser Oversize-Kapuzenmantel aus luxuri\u00f6sem, handgen\u00e4htem Doppelwollstoff bietet eine elegante Mischung aus W\u00e4rme und Raffinesse. Sein einzigartiges Design verf\u00fcgt \u00fcber eine geschichtete, cape\u00e4hnliche Silhouette, die \u00fcber die klassische Montgomery-Mantel-Form gelegt ist und Tiefe und Stil verleiht. Der Mantel hat lange Raglan\u00e4rmel auf der R\u00fcckseite, erg\u00e4nzt durch verstellbare Manschettenriemen f\u00fcr zus\u00e4tzliche Funktionalit\u00e4t. Die Vorderseite schlie\u00dft mit hochwertigen Leder- und Horndetails und verleiht einen raffinierten Touch.<\/p>\n<p><strong>Materialzusammensetzung<\/strong>:<br \/>\n90% Schurwolle, 10% Polyamid; Sekund\u00e4rmaterial: 100% Baumwolle.<\/p>\n","protected":false},"featured_media":22444,"comment_status":"open","ping_status":"closed","template":"","meta":[],"product_brand":[],"product_cat":[206,144],"product_tag":[],"class_list":{"0":"post-23053","1":"product","2":"type-product","3":"status-publish","4":"has-post-thumbnail","6":"product_cat-coat","7":"product_cat-max-mara-de","9":"first","10":"instock","11":"sale","12":"shipping-taxable","13":"purchasable","14":"product-type-variable"},"_links":{"self":[{"href":"https:\/\/mercurifashion.com\/de\/wp-json\/wp\/v2\/product\/23053","targetHints":{"allow":["GET"]}}],"collection":[{"href":"https:\/\/mercurifashion.com\/de\/wp-json\/wp\/v2\/product"}],"about":[{"href":"https:\/\/mercurifashion.com\/de\/wp-json\/wp\/v2\/types\/product"}],"replies":[{"embeddable":true,"href":"https:\/\/mercurifashion.com\/de\/wp-json\/wp\/v2\/comments?post=23053"}],"wp:featuredmedia":[{"embeddable":true,"href":"https:\/\/mercurifashion.com\/de\/wp-json\/wp\/v2\/media\/22444"}],"wp:attachment":[{"href":"https:\/\/mercurifashion.com\/de\/wp-json\/wp\/v2\/media?parent=23053"}],"wp:term":[{"taxonomy":"product_brand","embeddable":true,"href":"https:\/\/mercurifashion.com\/de\/wp-json\/wp\/v2\/product_brand?post=23053"},{"taxonomy":"product_cat","embeddable":true,"href":"https:\/\/mercurifashion.com\/de\/wp-json\/wp\/v2\/product_cat?post=23053"},{"taxonomy":"product_tag","embeddable":true,"href":"https:\/\/mercurifashion.com\/de\/wp-json\/wp\/v2\/product_tag?post=23053"}],"curies":[{"name":"wp","href":"https:\/\/api.w.org\/{rel}","templated":true}]}}