{"id":23065,"date":"2024-11-04T18:03:11","date_gmt":"2024-11-04T18:03:11","guid":{"rendered":"https:\/\/mercurifashion.com\/?post_type=product&#038;p=23065"},"modified":"2025-11-15T17:14:36","modified_gmt":"2025-11-15T17:14:36","slug":"max-mara-studio-schwarzer-fiorella-blazer","status":"publish","type":"product","link":"https:\/\/mercurifashion.com\/de\/product\/max-mara-studio-schwarzer-fiorella-blazer\/","title":{"rendered":"MAX MARA STUDIO: Schwarzer MIRELLA Blazer"},"content":{"rendered":"","protected":false},"excerpt":{"rendered":"<p>Dieser elegante schwarze Blazer besteht aus strukturiertem Kreppstoff und verf\u00fcgt \u00fcber einen verdeckten Knopfverschluss vorne und raffinierte Kerbrevers. Er ist mit Schulterpolstern versehen, um die Silhouette zu betonen, w\u00e4hrend die langen \u00c4rmel mit stilvollen geteilten Manschetten versehen sind. Pr\u00e4zise Abn\u00e4her sorgen f\u00fcr eine taillierte Passform, und vier praktische aufgesetzte Taschen auf der Vorderseite verleihen sowohl Funktion als auch Stil. Der Blazer ist vollst\u00e4ndig gef\u00fcttert f\u00fcr zus\u00e4tzlichen Komfort und hat einen geraden Saum, der den zeitlosen Look abrundet.<\/p>\n<p><strong>Zusammensetzung<\/strong>:<br \/>\nAu\u00dfenmaterial: 71% Triacetat, 29% Polyester<br \/>\nFutter: 70% Acetat, 30% Polyester<br \/>\n<strong>Pflegetipps<\/strong>: Nur chemische Reinigung.<\/p>\n","protected":false},"featured_media":22481,"comment_status":"open","ping_status":"closed","template":"","meta":[],"product_brand":[],"product_cat":[162,144],"product_tag":[],"class_list":{"0":"post-23065","1":"product","2":"type-product","3":"status-publish","4":"has-post-thumbnail","6":"product_cat-jacken","7":"product_cat-max-mara-de","9":"first","10":"outofstock","11":"featured","12":"shipping-taxable","13":"purchasable","14":"product-type-variable"},"_links":{"self":[{"href":"https:\/\/mercurifashion.com\/de\/wp-json\/wp\/v2\/product\/23065","targetHints":{"allow":["GET"]}}],"collection":[{"href":"https:\/\/mercurifashion.com\/de\/wp-json\/wp\/v2\/product"}],"about":[{"href":"https:\/\/mercurifashion.com\/de\/wp-json\/wp\/v2\/types\/product"}],"replies":[{"embeddable":true,"href":"https:\/\/mercurifashion.com\/de\/wp-json\/wp\/v2\/comments?post=23065"}],"wp:featuredmedia":[{"embeddable":true,"href":"https:\/\/mercurifashion.com\/de\/wp-json\/wp\/v2\/media\/22481"}],"wp:attachment":[{"href":"https:\/\/mercurifashion.com\/de\/wp-json\/wp\/v2\/media?parent=23065"}],"wp:term":[{"taxonomy":"product_brand","embeddable":true,"href":"https:\/\/mercurifashion.com\/de\/wp-json\/wp\/v2\/product_brand?post=23065"},{"taxonomy":"product_cat","embeddable":true,"href":"https:\/\/mercurifashion.com\/de\/wp-json\/wp\/v2\/product_cat?post=23065"},{"taxonomy":"product_tag","embeddable":true,"href":"https:\/\/mercurifashion.com\/de\/wp-json\/wp\/v2\/product_tag?post=23065"}],"curies":[{"name":"wp","href":"https:\/\/api.w.org\/{rel}","templated":true}]}}