{"id":23102,"date":"2024-11-04T19:19:43","date_gmt":"2024-11-04T19:19:43","guid":{"rendered":"https:\/\/mercurifashion.com\/?post_type=product&#038;p=23102"},"modified":"2024-11-12T20:34:05","modified_gmt":"2024-11-12T20:34:05","slug":"weekend-max-mara-rolf-oversize-baumwollhemd","status":"publish","type":"product","link":"https:\/\/mercurifashion.com\/de\/product\/weekend-max-mara-rolf-oversize-baumwollhemd\/","title":{"rendered":"WEEKEND MAX MARA: ROLF Oversize Baumwollhemd"},"content":{"rendered":"<p><strong>Pflegetipps<\/strong>:<br \/>\nHandw\u00e4sche in kaltem Wasser; nicht bleichen oder im Trockner trocknen. Flach im Schatten trocknen und bei Bedarf bei niedriger Temperatur b\u00fcgeln. Kann professionell mit Perchlorethylen schonend gereinigt werden.<\/p>\n","protected":false},"excerpt":{"rendered":"<p>Dieses l\u00e4ssige, lange Hemd ist aus weichem, reinem Baumwollflanell gefertigt und bietet sowohl Komfort als auch Stil. Es ist im Oversize-Schnitt gestaltet und verf\u00fcgt \u00fcber lange \u00c4rmel mit \u00fcberschnittenen Schultern und gekn\u00f6pften Manschetten sowie gro\u00dfe Brusttaschen mit Klappen und Kn\u00f6pfen. Das Hemd hat einen geraden Schnitt mit seitlichen Schlitzen und einen abgerundeten Saum, der hinten etwas l\u00e4nger ist, was eine moderne Note verleiht. Sichtbare Knopfleiste vorne.<\/p>\n<p><strong>Materialzusammensetzung<\/strong>: 100% Baumwolle.<\/p>\n","protected":false},"featured_media":22545,"comment_status":"open","ping_status":"closed","template":"","meta":[],"product_brand":[],"product_cat":[441,144],"product_tag":[],"class_list":{"0":"post-23102","1":"product","2":"type-product","3":"status-publish","4":"has-post-thumbnail","6":"product_cat-shirts-de","7":"product_cat-max-mara-de","9":"first","10":"instock","11":"shipping-taxable","12":"purchasable","13":"product-type-variable"},"_links":{"self":[{"href":"https:\/\/mercurifashion.com\/de\/wp-json\/wp\/v2\/product\/23102","targetHints":{"allow":["GET"]}}],"collection":[{"href":"https:\/\/mercurifashion.com\/de\/wp-json\/wp\/v2\/product"}],"about":[{"href":"https:\/\/mercurifashion.com\/de\/wp-json\/wp\/v2\/types\/product"}],"replies":[{"embeddable":true,"href":"https:\/\/mercurifashion.com\/de\/wp-json\/wp\/v2\/comments?post=23102"}],"wp:featuredmedia":[{"embeddable":true,"href":"https:\/\/mercurifashion.com\/de\/wp-json\/wp\/v2\/media\/22545"}],"wp:attachment":[{"href":"https:\/\/mercurifashion.com\/de\/wp-json\/wp\/v2\/media?parent=23102"}],"wp:term":[{"taxonomy":"product_brand","embeddable":true,"href":"https:\/\/mercurifashion.com\/de\/wp-json\/wp\/v2\/product_brand?post=23102"},{"taxonomy":"product_cat","embeddable":true,"href":"https:\/\/mercurifashion.com\/de\/wp-json\/wp\/v2\/product_cat?post=23102"},{"taxonomy":"product_tag","embeddable":true,"href":"https:\/\/mercurifashion.com\/de\/wp-json\/wp\/v2\/product_tag?post=23102"}],"curies":[{"name":"wp","href":"https:\/\/api.w.org\/{rel}","templated":true}]}}