{"id":23197,"date":"2024-11-05T19:26:13","date_gmt":"2024-11-05T19:26:13","guid":{"rendered":"https:\/\/mercurifashion.com\/?post_type=product&#038;p=23197"},"modified":"2024-11-12T21:27:40","modified_gmt":"2024-11-12T21:27:40","slug":"max-mara-studio-molo-wolljacke","status":"publish","type":"product","link":"https:\/\/mercurifashion.com\/de\/product\/max-mara-studio-molo-wolljacke\/","title":{"rendered":"MAX MARA STUDIO: MOLO Wolljacke"},"content":{"rendered":"<p><strong>Details<\/strong>:<br \/>\nOversize-Passform<br \/>\nReverskragen<br \/>\nDoppelreihig mit zwei Kn\u00f6pfen<br \/>\nZwei Klappentaschen vorne<\/p>\n<p><strong>Pflegetipps<\/strong>:<br \/>\nNicht waschen, bleichen oder im Trockner trocknen. Bei Bedarf bei niedriger Temperatur b\u00fcgeln und professionell mit Perchlorethylen schonend reinigen lassen. Nassreinigung vermeiden.<\/p>\n","protected":false},"excerpt":{"rendered":"<p>Die MOLO Jacke von Max Mara Studio, gefertigt aus luxuri\u00f6ser reiner Schurwolle in einem satten Bordeaux-Ton, bietet die perfekte Mischung aus W\u00e4rme und Stil f\u00fcr den Herbst. Ihr oversized, doppelreihiges Design schafft eine moderne Silhouette, erg\u00e4nzt durch einen Reverskragen und weite Kimono-\u00c4rmel. Die Jacke verf\u00fcgt \u00fcber seitliche Eingrifftaschen mit dekorativen Klappen an der Vorderseite, die eine funktionale und stilvolle Note verleihen. Vollst\u00e4ndig gef\u00fcttert mit Jacquardstoff, hat sie eine niedrige Schlie\u00dfung mit zwei sichtbaren Kn\u00f6pfen f\u00fcr ein elegantes Finish.<\/p>\n<p><strong>Materialzusammensetzung<\/strong>:<br \/>\n100% Schurwolle; Futter: 100% Viskose.<\/p>\n","protected":false},"featured_media":22708,"comment_status":"open","ping_status":"closed","template":"","meta":[],"product_brand":[],"product_cat":[206,144],"product_tag":[],"class_list":{"0":"post-23197","1":"product","2":"type-product","3":"status-publish","4":"has-post-thumbnail","6":"product_cat-coat","7":"product_cat-max-mara-de","9":"first","10":"outofstock","11":"sale","12":"featured","13":"shipping-taxable","14":"purchasable","15":"product-type-variable"},"_links":{"self":[{"href":"https:\/\/mercurifashion.com\/de\/wp-json\/wp\/v2\/product\/23197","targetHints":{"allow":["GET"]}}],"collection":[{"href":"https:\/\/mercurifashion.com\/de\/wp-json\/wp\/v2\/product"}],"about":[{"href":"https:\/\/mercurifashion.com\/de\/wp-json\/wp\/v2\/types\/product"}],"replies":[{"embeddable":true,"href":"https:\/\/mercurifashion.com\/de\/wp-json\/wp\/v2\/comments?post=23197"}],"wp:featuredmedia":[{"embeddable":true,"href":"https:\/\/mercurifashion.com\/de\/wp-json\/wp\/v2\/media\/22708"}],"wp:attachment":[{"href":"https:\/\/mercurifashion.com\/de\/wp-json\/wp\/v2\/media?parent=23197"}],"wp:term":[{"taxonomy":"product_brand","embeddable":true,"href":"https:\/\/mercurifashion.com\/de\/wp-json\/wp\/v2\/product_brand?post=23197"},{"taxonomy":"product_cat","embeddable":true,"href":"https:\/\/mercurifashion.com\/de\/wp-json\/wp\/v2\/product_cat?post=23197"},{"taxonomy":"product_tag","embeddable":true,"href":"https:\/\/mercurifashion.com\/de\/wp-json\/wp\/v2\/product_tag?post=23197"}],"curies":[{"name":"wp","href":"https:\/\/api.w.org\/{rel}","templated":true}]}}