{"id":23216,"date":"2024-11-06T17:28:21","date_gmt":"2024-11-06T17:28:21","guid":{"rendered":"https:\/\/mercurifashion.com\/?post_type=product&#038;p=23216"},"modified":"2024-11-12T22:13:29","modified_gmt":"2024-11-12T22:13:29","slug":"max-mara-studio-schwarzer-rock-lemma","status":"publish","type":"product","link":"https:\/\/mercurifashion.com\/de\/product\/max-mara-studio-schwarzer-rock-lemma\/","title":{"rendered":"MAX MARA STUDIO: Schwarzer Rock LEMMA"},"content":{"rendered":"","protected":false},"excerpt":{"rendered":"<p>Der &#8218;Lemma&#8216;-Rock von Max Mara Studio ist aus elegantem Cady-Stoff gefertigt und bietet eine schlanke Silhouette mit subtilen Falten vorne. Mit einem Rei\u00dfverschluss sowie Haken- und Knopfverschluss ausgestattet, verf\u00fcgt er au\u00dferdem \u00fcber praktische Seitentaschen f\u00fcr zus\u00e4tzlichen Komfort. Ein R\u00fcckenschlitz sorgt f\u00fcr Bewegungsfreiheit und Tragekomfort. Dieser klassische schwarze Rock f\u00e4llt gr\u00f6\u00dfengetreu aus und ist ideal f\u00fcr einen gepflegten, anspruchsvollen Look.<\/p>\n<p><strong>Materialzusammensetzung<\/strong>:<br \/>\n71% Triacetat, 29% Polyester.<\/p>\n","protected":false},"featured_media":22741,"comment_status":"open","ping_status":"closed","template":"","meta":[],"product_brand":[],"product_cat":[144,448],"product_tag":[],"class_list":{"0":"post-23216","1":"product","2":"type-product","3":"status-publish","4":"has-post-thumbnail","6":"product_cat-max-mara-de","7":"product_cat-skirts-de","9":"first","10":"instock","11":"shipping-taxable","12":"purchasable","13":"product-type-variable"},"_links":{"self":[{"href":"https:\/\/mercurifashion.com\/de\/wp-json\/wp\/v2\/product\/23216","targetHints":{"allow":["GET"]}}],"collection":[{"href":"https:\/\/mercurifashion.com\/de\/wp-json\/wp\/v2\/product"}],"about":[{"href":"https:\/\/mercurifashion.com\/de\/wp-json\/wp\/v2\/types\/product"}],"replies":[{"embeddable":true,"href":"https:\/\/mercurifashion.com\/de\/wp-json\/wp\/v2\/comments?post=23216"}],"wp:featuredmedia":[{"embeddable":true,"href":"https:\/\/mercurifashion.com\/de\/wp-json\/wp\/v2\/media\/22741"}],"wp:attachment":[{"href":"https:\/\/mercurifashion.com\/de\/wp-json\/wp\/v2\/media?parent=23216"}],"wp:term":[{"taxonomy":"product_brand","embeddable":true,"href":"https:\/\/mercurifashion.com\/de\/wp-json\/wp\/v2\/product_brand?post=23216"},{"taxonomy":"product_cat","embeddable":true,"href":"https:\/\/mercurifashion.com\/de\/wp-json\/wp\/v2\/product_cat?post=23216"},{"taxonomy":"product_tag","embeddable":true,"href":"https:\/\/mercurifashion.com\/de\/wp-json\/wp\/v2\/product_tag?post=23216"}],"curies":[{"name":"wp","href":"https:\/\/api.w.org\/{rel}","templated":true}]}}