{"id":23231,"date":"2024-11-06T17:50:44","date_gmt":"2024-11-06T17:50:44","guid":{"rendered":"https:\/\/mercurifashion.com\/?post_type=product&#038;p=23231"},"modified":"2024-11-12T22:18:41","modified_gmt":"2024-11-12T22:18:41","slug":"max-mara-studio-krepphose-selva","status":"publish","type":"product","link":"https:\/\/mercurifashion.com\/de\/product\/max-mara-studio-krepphose-selva\/","title":{"rendered":"MAX MARA STUDIO: Krepphose SELVA"},"content":{"rendered":"","protected":false},"excerpt":{"rendered":"<p>Diese Hose von Max Mara Studio ist aus technischem Krepp gefertigt und hat eine verk\u00fcrzte Zigaretten-Silhouette mit vorderen Abn\u00e4hern und B\u00fcgelfalten f\u00fcr einen raffinierten Look. Sie verf\u00fcgt \u00fcber einen verdeckten Rei\u00dfverschluss und einen Bund mit Knopf- und Hakenverschluss sowie franz\u00f6sische Taschen an den Seiten und G\u00fcrtelschlaufen in der Taille. Der Saum ist unvers\u00e4ubert, um eine ma\u00dfgeschneiderte Anpassung zu erm\u00f6glichen.<\/p>\n<p>Farbe: Schwarz<br \/>\nPassform: Verk\u00fcrzt, Slim Fit, Verj\u00fcngtes Bein<br \/>\nVerschluss: Rei\u00dfverschluss<\/p>\n<p><strong>Materialzusammensetzung<\/strong>:<br \/>\n71% Triacetat, 29% Polyester.<\/p>\n","protected":false},"featured_media":22763,"comment_status":"open","ping_status":"closed","template":"","meta":[],"product_brand":[],"product_cat":[455,144],"product_tag":[],"class_list":{"0":"post-23231","1":"product","2":"type-product","3":"status-publish","4":"has-post-thumbnail","6":"product_cat-pants-de","7":"product_cat-max-mara-de","9":"first","10":"instock","11":"shipping-taxable","12":"purchasable","13":"product-type-variable"},"_links":{"self":[{"href":"https:\/\/mercurifashion.com\/de\/wp-json\/wp\/v2\/product\/23231","targetHints":{"allow":["GET"]}}],"collection":[{"href":"https:\/\/mercurifashion.com\/de\/wp-json\/wp\/v2\/product"}],"about":[{"href":"https:\/\/mercurifashion.com\/de\/wp-json\/wp\/v2\/types\/product"}],"replies":[{"embeddable":true,"href":"https:\/\/mercurifashion.com\/de\/wp-json\/wp\/v2\/comments?post=23231"}],"wp:featuredmedia":[{"embeddable":true,"href":"https:\/\/mercurifashion.com\/de\/wp-json\/wp\/v2\/media\/22763"}],"wp:attachment":[{"href":"https:\/\/mercurifashion.com\/de\/wp-json\/wp\/v2\/media?parent=23231"}],"wp:term":[{"taxonomy":"product_brand","embeddable":true,"href":"https:\/\/mercurifashion.com\/de\/wp-json\/wp\/v2\/product_brand?post=23231"},{"taxonomy":"product_cat","embeddable":true,"href":"https:\/\/mercurifashion.com\/de\/wp-json\/wp\/v2\/product_cat?post=23231"},{"taxonomy":"product_tag","embeddable":true,"href":"https:\/\/mercurifashion.com\/de\/wp-json\/wp\/v2\/product_tag?post=23231"}],"curies":[{"name":"wp","href":"https:\/\/api.w.org\/{rel}","templated":true}]}}