{"id":23422,"date":"2024-11-16T13:58:11","date_gmt":"2024-11-16T13:58:11","guid":{"rendered":"https:\/\/mercurifashion.com\/?post_type=product&#038;p=23422"},"modified":"2024-11-16T14:11:12","modified_gmt":"2024-11-16T14:11:12","slug":"max-mara-studio-doppelreihiger-cady-blazer-mirella","status":"publish","type":"product","link":"https:\/\/mercurifashion.com\/de\/product\/max-mara-studio-doppelreihiger-cady-blazer-mirella\/","title":{"rendered":"MAX MARA STUDIO: Doppelreihiger Cady-Blazer MIRELLA"},"content":{"rendered":"<p><strong>Pfleghinweise<\/strong>:<br \/>\nNicht waschen; nicht bleichen; nicht im Trockner trocknen; bei niedriger Temperatur b\u00fcgeln; professionelle chemische Reinigung mit Perchlorethylen &#8211; mildes Verfahren; nicht nass reinigen. Waschen Sie das Kleidungsst\u00fcck in geschlossenem Zustand. Kn\u00f6pfe nicht b\u00fcgeln und vor der Reinigung sch\u00fctzen. Drehen Sie das Kleidungsst\u00fcck vor dem Waschen auf links.<\/p>\n","protected":false},"excerpt":{"rendered":"<p>Dieser elegante Doppelreiher-Blazer von Max Mara Studio besticht durch eine moderne, oversized Silhouette. Er verf\u00fcgt \u00fcber einen verl\u00e4ngerten Reverskragen, lange, ma\u00dfgeschneiderte \u00c4rmel, eine stilvolle Brusttasche und praktische Fronttaschen mit Klappen. Das Design wird durch einen mittigen R\u00fcckenschlitz f\u00fcr Bewegungsfreiheit und ein vollst\u00e4ndig gef\u00fcttertes Inneres abgerundet. Schlie\u00dft mit eleganten Kn\u00f6pfen f\u00fcr einen perfekten Look.<\/p>\n<p><strong>Materialzusammensetzung<\/strong>:<br \/>\n71 % Triacetat, 29 % Polyester; Futter 70 % Acetat, 30 % Polyester.<\/p>\n","protected":false},"featured_media":23455,"comment_status":"open","ping_status":"closed","template":"","meta":[],"product_brand":[],"product_cat":[162,144],"product_tag":[],"class_list":{"0":"post-23422","1":"product","2":"type-product","3":"status-publish","4":"has-post-thumbnail","6":"product_cat-jacken","7":"product_cat-max-mara-de","9":"first","10":"instock","11":"shipping-taxable","12":"purchasable","13":"product-type-variable"},"_links":{"self":[{"href":"https:\/\/mercurifashion.com\/de\/wp-json\/wp\/v2\/product\/23422","targetHints":{"allow":["GET"]}}],"collection":[{"href":"https:\/\/mercurifashion.com\/de\/wp-json\/wp\/v2\/product"}],"about":[{"href":"https:\/\/mercurifashion.com\/de\/wp-json\/wp\/v2\/types\/product"}],"replies":[{"embeddable":true,"href":"https:\/\/mercurifashion.com\/de\/wp-json\/wp\/v2\/comments?post=23422"}],"wp:featuredmedia":[{"embeddable":true,"href":"https:\/\/mercurifashion.com\/de\/wp-json\/wp\/v2\/media\/23455"}],"wp:attachment":[{"href":"https:\/\/mercurifashion.com\/de\/wp-json\/wp\/v2\/media?parent=23422"}],"wp:term":[{"taxonomy":"product_brand","embeddable":true,"href":"https:\/\/mercurifashion.com\/de\/wp-json\/wp\/v2\/product_brand?post=23422"},{"taxonomy":"product_cat","embeddable":true,"href":"https:\/\/mercurifashion.com\/de\/wp-json\/wp\/v2\/product_cat?post=23422"},{"taxonomy":"product_tag","embeddable":true,"href":"https:\/\/mercurifashion.com\/de\/wp-json\/wp\/v2\/product_tag?post=23422"}],"curies":[{"name":"wp","href":"https:\/\/api.w.org\/{rel}","templated":true}]}}