{"id":23571,"date":"2024-11-17T14:47:29","date_gmt":"2024-11-17T14:47:29","guid":{"rendered":"https:\/\/mercurifashion.com\/?post_type=product&#038;p=23571"},"modified":"2024-11-17T14:55:24","modified_gmt":"2024-11-17T14:55:24","slug":"max-mara-studio-weisser-cardigan-alvaro","status":"publish","type":"product","link":"https:\/\/mercurifashion.com\/de\/product\/max-mara-studio-weisser-cardigan-alvaro\/","title":{"rendered":"MAX MARA STUDIO: Wei\u00dfer Cardigan ALVARO"},"content":{"rendered":"","protected":false},"excerpt":{"rendered":"<p>Dieser elegante Rundhals-Cardigan von Max Mara Studio ist aus feinem Mohair-Gaze gefertigt und verf\u00fcgt \u00fcber ein einzigartiges Jacquard-Muster, das eine beeindruckende dreidimensionale Textur erzeugt. Mit einer figurbetonten Silhouette und gerippten Kanten designt, bietet er ein raffiniertes Finish. Die Knopfleiste sorgt f\u00fcr einen klassischen und anspruchsvollen Look, der sowohl f\u00fcr l\u00e4ssige als auch f\u00fcr formelle Anl\u00e4sse geeignet ist. Erg\u00e4nzen Sie Ihre Garderobe mit diesem zeitlosen St\u00fcck.<\/p>\n<p><strong>Materialzusammensetzung<\/strong>:<br \/>\n46 % Polyamid, 35 % Mohair, 15 % Wolle, 4 % Baumwolle.<\/p>\n","protected":false},"featured_media":23592,"comment_status":"open","ping_status":"closed","template":"","meta":[],"product_brand":[],"product_cat":[162,144],"product_tag":[],"class_list":{"0":"post-23571","1":"product","2":"type-product","3":"status-publish","4":"has-post-thumbnail","6":"product_cat-jacken","7":"product_cat-max-mara-de","9":"first","10":"instock","11":"shipping-taxable","12":"purchasable","13":"product-type-variable"},"_links":{"self":[{"href":"https:\/\/mercurifashion.com\/de\/wp-json\/wp\/v2\/product\/23571","targetHints":{"allow":["GET"]}}],"collection":[{"href":"https:\/\/mercurifashion.com\/de\/wp-json\/wp\/v2\/product"}],"about":[{"href":"https:\/\/mercurifashion.com\/de\/wp-json\/wp\/v2\/types\/product"}],"replies":[{"embeddable":true,"href":"https:\/\/mercurifashion.com\/de\/wp-json\/wp\/v2\/comments?post=23571"}],"wp:featuredmedia":[{"embeddable":true,"href":"https:\/\/mercurifashion.com\/de\/wp-json\/wp\/v2\/media\/23592"}],"wp:attachment":[{"href":"https:\/\/mercurifashion.com\/de\/wp-json\/wp\/v2\/media?parent=23571"}],"wp:term":[{"taxonomy":"product_brand","embeddable":true,"href":"https:\/\/mercurifashion.com\/de\/wp-json\/wp\/v2\/product_brand?post=23571"},{"taxonomy":"product_cat","embeddable":true,"href":"https:\/\/mercurifashion.com\/de\/wp-json\/wp\/v2\/product_cat?post=23571"},{"taxonomy":"product_tag","embeddable":true,"href":"https:\/\/mercurifashion.com\/de\/wp-json\/wp\/v2\/product_tag?post=23571"}],"curies":[{"name":"wp","href":"https:\/\/api.w.org\/{rel}","templated":true}]}}