{"id":23625,"date":"2024-11-17T17:15:09","date_gmt":"2024-11-17T17:15:09","guid":{"rendered":"https:\/\/mercurifashion.com\/?post_type=product&#038;p=23625"},"modified":"2024-11-17T17:25:24","modified_gmt":"2024-11-17T17:25:24","slug":"marina-sport-wollpullover-danilo","status":"publish","type":"product","link":"https:\/\/mercurifashion.com\/de\/product\/marina-sport-wollpullover-danilo\/","title":{"rendered":"MARINA SPORT: Wollpullover DANILO"},"content":{"rendered":"<p><strong>Pfleghinweise<\/strong>:<br \/>\nHandw\u00e4sche in kaltem Wasser; nicht bleichen; flach im Schatten trocknen; bei niedriger Temperatur b\u00fcgeln; nicht chemisch reinigen; nicht nass reinigen.<\/p>\n<ul>\n<li>Reine Schurwolle<\/li>\n<li>Gerade Silhouette<\/li>\n<li>Rollkragen-Design<\/li>\n<li>Lange Raglan\u00e4rmel<\/li>\n<li>Seitenschlitze f\u00fcr zus\u00e4tzlichen Komfort<\/li>\n<li>Moderner asymmetrischer Saum<\/li>\n<\/ul>\n","protected":false},"excerpt":{"rendered":"<p>Dieser elegante Wollpullover von Marina Sport kombiniert ein Zusammenspiel aus glatten, moulin\u00e9- und strukturierten Strickb\u00e4ndern und schafft so einen raffinierten und einzigartigen Look. Aus 100 % reiner Schurwolle gefertigt, bietet er eine gerade Silhouette f\u00fcr zeitlosen Stil. Mit einem gem\u00fctlichen Rollkragen, langen Raglan\u00e4rmeln und seitlichen Schlitzen designt, verbindet dieser Pullover Komfort und Eleganz. Der asymmetrische Saum sorgt f\u00fcr einen modernen Touch und macht ihn zu einem vielseitigen Kleidungsst\u00fcck.<\/p>\n<p><strong>Materialzusammensetzung<\/strong>:<br \/>\n100 % reine Schurwolle.<\/p>\n","protected":false},"featured_media":23672,"comment_status":"open","ping_status":"closed","template":"","meta":[],"product_brand":[],"product_cat":[138,469],"product_tag":[],"class_list":{"0":"post-23625","1":"product","2":"type-product","3":"status-publish","4":"has-post-thumbnail","6":"product_cat-marina-rinaldi-de","7":"product_cat-sweaters-de","9":"first","10":"instock","11":"shipping-taxable","12":"purchasable","13":"product-type-variable"},"_links":{"self":[{"href":"https:\/\/mercurifashion.com\/de\/wp-json\/wp\/v2\/product\/23625","targetHints":{"allow":["GET"]}}],"collection":[{"href":"https:\/\/mercurifashion.com\/de\/wp-json\/wp\/v2\/product"}],"about":[{"href":"https:\/\/mercurifashion.com\/de\/wp-json\/wp\/v2\/types\/product"}],"replies":[{"embeddable":true,"href":"https:\/\/mercurifashion.com\/de\/wp-json\/wp\/v2\/comments?post=23625"}],"wp:featuredmedia":[{"embeddable":true,"href":"https:\/\/mercurifashion.com\/de\/wp-json\/wp\/v2\/media\/23672"}],"wp:attachment":[{"href":"https:\/\/mercurifashion.com\/de\/wp-json\/wp\/v2\/media?parent=23625"}],"wp:term":[{"taxonomy":"product_brand","embeddable":true,"href":"https:\/\/mercurifashion.com\/de\/wp-json\/wp\/v2\/product_brand?post=23625"},{"taxonomy":"product_cat","embeddable":true,"href":"https:\/\/mercurifashion.com\/de\/wp-json\/wp\/v2\/product_cat?post=23625"},{"taxonomy":"product_tag","embeddable":true,"href":"https:\/\/mercurifashion.com\/de\/wp-json\/wp\/v2\/product_tag?post=23625"}],"curies":[{"name":"wp","href":"https:\/\/api.w.org\/{rel}","templated":true}]}}