{"id":23686,"date":"2024-11-17T17:35:02","date_gmt":"2024-11-17T17:35:02","guid":{"rendered":"https:\/\/mercurifashion.com\/?post_type=product&#038;p=23686"},"modified":"2024-11-17T17:43:53","modified_gmt":"2024-11-17T17:43:53","slug":"max-mara-studio-usa-mantel-aus-alpaka-und-wolle-in-braun","status":"publish","type":"product","link":"https:\/\/mercurifashion.com\/de\/product\/max-mara-studio-usa-mantel-aus-alpaka-und-wolle-in-braun\/","title":{"rendered":"MAX MARA STUDIO: USA-Mantel aus Alpaka und Wolle in Braun"},"content":{"rendered":"<p><strong>Damen-Bademantel-Stil Mantel:<\/strong><br \/>\nAlpaka- und Schurwollmischung<br \/>\nLange Kimono\u00e4rmel<br \/>\nVordere G\u00fcrtelbindung<br \/>\nSchalkragen in V-Form<br \/>\nSeitentaschen<br \/>\nMa\u00dfgeschneiderte Nahtverarbeitung<br \/>\nGef\u00fcttert<br \/>\nNormale Passform<br \/>\nFarbe: Braun  <\/p>\n","protected":false},"excerpt":{"rendered":"<p>Dieser braune Mantel von Max Mara Studio kombiniert Alpaka und Schurwolle. Mit G\u00fcrtelverschluss, Kimono\u00e4rmeln und einem Schalkragen in V-Form bietet er eine elegante Verarbeitung und ist f\u00fcr zus\u00e4tzlichen Komfort gef\u00fcttert. Ein zeitloser Look mit regul\u00e4rer Passform.<\/p>\n<p><strong>Zusammensetzung<\/strong>:<br \/>\n70 % Alpaka, 30 % Schurwolle<br \/>\nFutter: 100 % Viskose<\/p>\n","protected":false},"featured_media":23707,"comment_status":"open","ping_status":"closed","template":"","meta":[],"product_brand":[],"product_cat":[206,144],"product_tag":[],"class_list":{"0":"post-23686","1":"product","2":"type-product","3":"status-publish","4":"has-post-thumbnail","6":"product_cat-coat","7":"product_cat-max-mara-de","9":"first","10":"instock","11":"sale","12":"featured","13":"shipping-taxable","14":"purchasable","15":"product-type-variable"},"_links":{"self":[{"href":"https:\/\/mercurifashion.com\/de\/wp-json\/wp\/v2\/product\/23686","targetHints":{"allow":["GET"]}}],"collection":[{"href":"https:\/\/mercurifashion.com\/de\/wp-json\/wp\/v2\/product"}],"about":[{"href":"https:\/\/mercurifashion.com\/de\/wp-json\/wp\/v2\/types\/product"}],"replies":[{"embeddable":true,"href":"https:\/\/mercurifashion.com\/de\/wp-json\/wp\/v2\/comments?post=23686"}],"wp:featuredmedia":[{"embeddable":true,"href":"https:\/\/mercurifashion.com\/de\/wp-json\/wp\/v2\/media\/23707"}],"wp:attachment":[{"href":"https:\/\/mercurifashion.com\/de\/wp-json\/wp\/v2\/media?parent=23686"}],"wp:term":[{"taxonomy":"product_brand","embeddable":true,"href":"https:\/\/mercurifashion.com\/de\/wp-json\/wp\/v2\/product_brand?post=23686"},{"taxonomy":"product_cat","embeddable":true,"href":"https:\/\/mercurifashion.com\/de\/wp-json\/wp\/v2\/product_cat?post=23686"},{"taxonomy":"product_tag","embeddable":true,"href":"https:\/\/mercurifashion.com\/de\/wp-json\/wp\/v2\/product_tag?post=23686"}],"curies":[{"name":"wp","href":"https:\/\/api.w.org\/{rel}","templated":true}]}}