{"id":23901,"date":"2024-12-01T16:02:34","date_gmt":"2024-12-01T16:02:34","guid":{"rendered":"https:\/\/mercurifashion.com\/?post_type=product&#038;p=23901"},"modified":"2024-12-01T16:13:22","modified_gmt":"2024-12-01T16:13:22","slug":"max-mara-studio-weisser-mantel-aus-alpaka-und-wolle-modell-usa","status":"publish","type":"product","link":"https:\/\/mercurifashion.com\/de\/product\/max-mara-studio-weisser-mantel-aus-alpaka-und-wolle-modell-usa\/","title":{"rendered":"MAX MARA STUDIO: Wei\u00dfer Mantel aus Alpaka und Wolle &#8211; Modell USA"},"content":{"rendered":"<p><strong>Damen-Mantel im Bademantelstil:<\/strong><br \/>\nAlpaka und Wollmischung<br \/>\nLange Kimono\u00e4rmel<br \/>\nVerschluss mit G\u00fcrtel vorne<br \/>\nSchalkragen in V-Form<br \/>\nSeitentaschen<br \/>\nSchneidernaht-Finish<br \/>\nGef\u00fcttert<br \/>\nNormale Passform<br \/>\nFarbe: Wei\u00df<\/p>\n","protected":false},"excerpt":{"rendered":"<p>Dieser wei\u00dfe Max Mara Studio-Mantel kombiniert Alpaka und reine Wolle, verf\u00fcgt \u00fcber einen G\u00fcrtelverschluss, Kimono\u00e4rmel und einen Schalkragen in V-Form. Mit schneidergefertigtem Finish und Futter f\u00fcr Komfort bietet er einen zeitlosen Look in regul\u00e4rer Passform.<\/p>\n<p><strong>Zusammensetzung:<\/strong><br \/>\n70% Alpaka, 30% Reine Wolle<br \/>\nFutter: 100% Viskose<\/p>\n","protected":false},"featured_media":23922,"comment_status":"open","ping_status":"closed","template":"","meta":[],"product_brand":[],"product_cat":[206,144],"product_tag":[],"class_list":{"0":"post-23901","1":"product","2":"type-product","3":"status-publish","4":"has-post-thumbnail","6":"product_cat-coat","7":"product_cat-max-mara-de","9":"first","10":"instock","11":"sale","12":"featured","13":"shipping-taxable","14":"purchasable","15":"product-type-variable"},"_links":{"self":[{"href":"https:\/\/mercurifashion.com\/de\/wp-json\/wp\/v2\/product\/23901","targetHints":{"allow":["GET"]}}],"collection":[{"href":"https:\/\/mercurifashion.com\/de\/wp-json\/wp\/v2\/product"}],"about":[{"href":"https:\/\/mercurifashion.com\/de\/wp-json\/wp\/v2\/types\/product"}],"replies":[{"embeddable":true,"href":"https:\/\/mercurifashion.com\/de\/wp-json\/wp\/v2\/comments?post=23901"}],"wp:featuredmedia":[{"embeddable":true,"href":"https:\/\/mercurifashion.com\/de\/wp-json\/wp\/v2\/media\/23922"}],"wp:attachment":[{"href":"https:\/\/mercurifashion.com\/de\/wp-json\/wp\/v2\/media?parent=23901"}],"wp:term":[{"taxonomy":"product_brand","embeddable":true,"href":"https:\/\/mercurifashion.com\/de\/wp-json\/wp\/v2\/product_brand?post=23901"},{"taxonomy":"product_cat","embeddable":true,"href":"https:\/\/mercurifashion.com\/de\/wp-json\/wp\/v2\/product_cat?post=23901"},{"taxonomy":"product_tag","embeddable":true,"href":"https:\/\/mercurifashion.com\/de\/wp-json\/wp\/v2\/product_tag?post=23901"}],"curies":[{"name":"wp","href":"https:\/\/api.w.org\/{rel}","templated":true}]}}