{"id":24115,"date":"2024-12-09T23:25:39","date_gmt":"2024-12-09T23:25:39","guid":{"rendered":"https:\/\/mercurifashion.com\/?post_type=product&#038;p=24115"},"modified":"2024-12-09T23:48:53","modified_gmt":"2024-12-09T23:48:53","slug":"weekend-max-mara-woll-und-alpakamantel-tempera","status":"publish","type":"product","link":"https:\/\/mercurifashion.com\/de\/product\/weekend-max-mara-woll-und-alpakamantel-tempera\/","title":{"rendered":"WEEKEND MAX MARA: Woll- und Alpakamantel TEMPERA"},"content":{"rendered":"<p><strong>Pflegehinweise:<\/strong><br \/>\nNur professionelle, schonende Trockenreinigung, nicht waschen oder im Trockner trocknen, bei Bedarf auf niedriger Stufe b\u00fcgeln.<\/p>\n<p><strong>Hauptmerkmale:<\/strong><\/p>\n<ul>\n<li>Breiter Reverskragen<\/li>\n<li>Lange Kimono\u00e4rmel<\/li>\n<li>Femininer Wickelschnitt mit passendem G\u00fcrtel<\/li>\n<li>Paspeltaschen<\/li>\n<li>Zentrale R\u00fcckenschlitz<\/li>\n<\/ul>\n<p><strong>Warum Sie es lieben werden:<\/strong><br \/>\nDer TEMPERA-Mantel kombiniert zeitlose Eleganz mit praktischen Details und ist die perfekte Wahl f\u00fcr legere und formelle Anl\u00e4sse.<\/p>\n","protected":false},"excerpt":{"rendered":"<p>Bereichern Sie Ihre Garderobe mit dem <strong>TEMPERA<\/strong>, einem eleganten langen Mantel von Weekend Max Mara. Dieser Mantel aus einer hochwertigen Mischung aus Wolle und Alpaka bietet au\u00dfergew\u00f6hnliche W\u00e4rme und Eleganz. Er zeichnet sich durch einen femininen Wickelschnitt, eine ausgestellte Silhouette, einen breiten Reverskragen und lange Kimono\u00e4rmel aus, die einen raffinierten Look verleihen. Der passende G\u00fcrtel betont die Taille, w\u00e4hrend Paspeltaschen und der zentrale R\u00fcckenschlitz Funktionalit\u00e4t und Stil hinzuf\u00fcgen.<\/p>\n<p><strong>Materialzusammensetzung:<\/strong><\/p>\n<ul>\n<li>Au\u00dfen: 48% Wolle, 22% Alpaka, 15% Polyamid, 15% Mohair<\/li>\n<li>Futter: 50% Acetat, 50% Viskose<\/li>\n<\/ul>\n","protected":false},"featured_media":24136,"comment_status":"open","ping_status":"closed","template":"","meta":[],"product_brand":[],"product_cat":[206,144],"product_tag":[],"class_list":{"0":"post-24115","1":"product","2":"type-product","3":"status-publish","4":"has-post-thumbnail","6":"product_cat-coat","7":"product_cat-max-mara-de","9":"first","10":"outofstock","11":"featured","12":"shipping-taxable","13":"product-type-variable"},"_links":{"self":[{"href":"https:\/\/mercurifashion.com\/de\/wp-json\/wp\/v2\/product\/24115","targetHints":{"allow":["GET"]}}],"collection":[{"href":"https:\/\/mercurifashion.com\/de\/wp-json\/wp\/v2\/product"}],"about":[{"href":"https:\/\/mercurifashion.com\/de\/wp-json\/wp\/v2\/types\/product"}],"replies":[{"embeddable":true,"href":"https:\/\/mercurifashion.com\/de\/wp-json\/wp\/v2\/comments?post=24115"}],"wp:featuredmedia":[{"embeddable":true,"href":"https:\/\/mercurifashion.com\/de\/wp-json\/wp\/v2\/media\/24136"}],"wp:attachment":[{"href":"https:\/\/mercurifashion.com\/de\/wp-json\/wp\/v2\/media?parent=24115"}],"wp:term":[{"taxonomy":"product_brand","embeddable":true,"href":"https:\/\/mercurifashion.com\/de\/wp-json\/wp\/v2\/product_brand?post=24115"},{"taxonomy":"product_cat","embeddable":true,"href":"https:\/\/mercurifashion.com\/de\/wp-json\/wp\/v2\/product_cat?post=24115"},{"taxonomy":"product_tag","embeddable":true,"href":"https:\/\/mercurifashion.com\/de\/wp-json\/wp\/v2\/product_tag?post=24115"}],"curies":[{"name":"wp","href":"https:\/\/api.w.org\/{rel}","templated":true}]}}