{"id":24344,"date":"2025-01-06T19:11:41","date_gmt":"2025-01-06T19:11:41","guid":{"rendered":"https:\/\/mercurifashion.com\/?post_type=product&#038;p=24344"},"modified":"2025-01-06T19:16:21","modified_gmt":"2025-01-06T19:16:21","slug":"milchkaennchen-33cl","status":"publish","type":"product","link":"https:\/\/mercurifashion.com\/de\/product\/milchkaennchen-33cl\/","title":{"rendered":"Stefano Ricci Home: Milchk\u00e4nnchen 33cl"},"content":{"rendered":"","protected":false},"excerpt":{"rendered":"<p>Ein luxuri\u00f6ses Porzellan-Milchk\u00e4nnchen aus der Stefano Ricci Home \u201cPrecious Malachite\u201d-Kollektion. Mit einem Malachit-inspirierten Design und goldenen Akzenten, perfekt f\u00fcr Ihren Tee- oder Kaffeeservice.<\/p>\n","protected":false},"featured_media":24353,"comment_status":"closed","ping_status":"closed","template":"","meta":[],"product_brand":[],"product_cat":[483,199],"product_tag":[],"class_list":{"0":"post-24344","1":"product","2":"type-product","3":"status-publish","4":"has-post-thumbnail","6":"product_cat-tableware-de","7":"product_cat-stefano-ricci-de","9":"first","10":"instock","11":"shipping-taxable","12":"purchasable","13":"product-type-simple"},"_links":{"self":[{"href":"https:\/\/mercurifashion.com\/de\/wp-json\/wp\/v2\/product\/24344","targetHints":{"allow":["GET"]}}],"collection":[{"href":"https:\/\/mercurifashion.com\/de\/wp-json\/wp\/v2\/product"}],"about":[{"href":"https:\/\/mercurifashion.com\/de\/wp-json\/wp\/v2\/types\/product"}],"replies":[{"embeddable":true,"href":"https:\/\/mercurifashion.com\/de\/wp-json\/wp\/v2\/comments?post=24344"}],"wp:featuredmedia":[{"embeddable":true,"href":"https:\/\/mercurifashion.com\/de\/wp-json\/wp\/v2\/media\/24353"}],"wp:attachment":[{"href":"https:\/\/mercurifashion.com\/de\/wp-json\/wp\/v2\/media?parent=24344"}],"wp:term":[{"taxonomy":"product_brand","embeddable":true,"href":"https:\/\/mercurifashion.com\/de\/wp-json\/wp\/v2\/product_brand?post=24344"},{"taxonomy":"product_cat","embeddable":true,"href":"https:\/\/mercurifashion.com\/de\/wp-json\/wp\/v2\/product_cat?post=24344"},{"taxonomy":"product_tag","embeddable":true,"href":"https:\/\/mercurifashion.com\/de\/wp-json\/wp\/v2\/product_tag?post=24344"}],"curies":[{"name":"wp","href":"https:\/\/api.w.org\/{rel}","templated":true}]}}