{"id":24442,"date":"2025-01-06T20:58:31","date_gmt":"2025-01-06T20:58:31","guid":{"rendered":"https:\/\/mercurifashion.com\/?post_type=product&#038;p=24442"},"modified":"2025-01-06T21:08:01","modified_gmt":"2025-01-06T21:08:01","slug":"porzellan-elefant-grosse-groesse","status":"publish","type":"product","link":"https:\/\/mercurifashion.com\/de\/product\/porzellan-elefant-grosse-groesse\/","title":{"rendered":"Stefano Ricci Home: Porzellan-Elefant &#8211; Gro\u00dfe Gr\u00f6\u00dfe"},"content":{"rendered":"","protected":false},"excerpt":{"rendered":"<p>Ein majest\u00e4tischer Porzellan-Elefant aus der Stefano Ricci Home-Kollektion. Mit eleganten Kurven, gl\u00e4nzendem wei\u00dfem Finish und silbernen Akzenten symbolisiert er St\u00e4rke und Anmut \u2013 ideal f\u00fcr luxuri\u00f6se Innenr\u00e4ume.<\/p>\n","protected":false},"featured_media":24451,"comment_status":"closed","ping_status":"closed","template":"","meta":[],"product_brand":[],"product_cat":[483,199],"product_tag":[],"class_list":{"0":"post-24442","1":"product","2":"type-product","3":"status-publish","4":"has-post-thumbnail","6":"product_cat-tableware-de","7":"product_cat-stefano-ricci-de","9":"first","10":"instock","11":"shipping-taxable","12":"purchasable","13":"product-type-simple"},"_links":{"self":[{"href":"https:\/\/mercurifashion.com\/de\/wp-json\/wp\/v2\/product\/24442","targetHints":{"allow":["GET"]}}],"collection":[{"href":"https:\/\/mercurifashion.com\/de\/wp-json\/wp\/v2\/product"}],"about":[{"href":"https:\/\/mercurifashion.com\/de\/wp-json\/wp\/v2\/types\/product"}],"replies":[{"embeddable":true,"href":"https:\/\/mercurifashion.com\/de\/wp-json\/wp\/v2\/comments?post=24442"}],"wp:featuredmedia":[{"embeddable":true,"href":"https:\/\/mercurifashion.com\/de\/wp-json\/wp\/v2\/media\/24451"}],"wp:attachment":[{"href":"https:\/\/mercurifashion.com\/de\/wp-json\/wp\/v2\/media?parent=24442"}],"wp:term":[{"taxonomy":"product_brand","embeddable":true,"href":"https:\/\/mercurifashion.com\/de\/wp-json\/wp\/v2\/product_brand?post=24442"},{"taxonomy":"product_cat","embeddable":true,"href":"https:\/\/mercurifashion.com\/de\/wp-json\/wp\/v2\/product_cat?post=24442"},{"taxonomy":"product_tag","embeddable":true,"href":"https:\/\/mercurifashion.com\/de\/wp-json\/wp\/v2\/product_tag?post=24442"}],"curies":[{"name":"wp","href":"https:\/\/api.w.org\/{rel}","templated":true}]}}