{"id":24928,"date":"2025-10-06T16:24:32","date_gmt":"2025-10-06T16:24:32","guid":{"rendered":"https:\/\/mercurifashion.com\/?post_type=product&#038;p=24928"},"modified":"2025-10-06T16:36:13","modified_gmt":"2025-10-06T16:36:13","slug":"marina-rinaldi-orchideen-hose","status":"publish","type":"product","link":"https:\/\/mercurifashion.com\/de\/product\/marina-rinaldi-orchideen-hose\/","title":{"rendered":"MARINA RINALDI: Orchideen-Hose"},"content":{"rendered":"","protected":false},"excerpt":{"rendered":"<p>Diese elegante Hose mit weitem Bein zeigt einen markanten Orchideenprint und ist ein stilvolles Statement zwischen klassisch und modern. Mit Rei\u00dfverschluss und Knopf gefertigt, vereint sie hohen Tragekomfort mit Raffinesse. Aus 100 % reiner Seide hergestellt, sorgt der flie\u00dfende Stoff f\u00fcr eine elegante Bewegung und verleiht luxuri\u00f6se Leichtigkeit. Perfekt f\u00fcr Tag und Abend \u2013 ein zeitloses Highlight in jeder Garderobe.<\/p>\n<p>Materialzusammensetzung:<br \/>\n100 % Seide.<br \/>\nPflegehinweis:<br \/>\nNur chemische Reinigung.<\/p>\n","protected":false},"featured_media":24955,"comment_status":"open","ping_status":"closed","template":"","meta":[],"product_brand":[],"product_cat":[455,138],"product_tag":[],"class_list":{"0":"post-24928","1":"product","2":"type-product","3":"status-publish","4":"has-post-thumbnail","6":"product_cat-pants-de","7":"product_cat-marina-rinaldi-de","9":"first","10":"instock","11":"shipping-taxable","12":"purchasable","13":"product-type-variable"},"_links":{"self":[{"href":"https:\/\/mercurifashion.com\/de\/wp-json\/wp\/v2\/product\/24928","targetHints":{"allow":["GET"]}}],"collection":[{"href":"https:\/\/mercurifashion.com\/de\/wp-json\/wp\/v2\/product"}],"about":[{"href":"https:\/\/mercurifashion.com\/de\/wp-json\/wp\/v2\/types\/product"}],"replies":[{"embeddable":true,"href":"https:\/\/mercurifashion.com\/de\/wp-json\/wp\/v2\/comments?post=24928"}],"wp:featuredmedia":[{"embeddable":true,"href":"https:\/\/mercurifashion.com\/de\/wp-json\/wp\/v2\/media\/24955"}],"wp:attachment":[{"href":"https:\/\/mercurifashion.com\/de\/wp-json\/wp\/v2\/media?parent=24928"}],"wp:term":[{"taxonomy":"product_brand","embeddable":true,"href":"https:\/\/mercurifashion.com\/de\/wp-json\/wp\/v2\/product_brand?post=24928"},{"taxonomy":"product_cat","embeddable":true,"href":"https:\/\/mercurifashion.com\/de\/wp-json\/wp\/v2\/product_cat?post=24928"},{"taxonomy":"product_tag","embeddable":true,"href":"https:\/\/mercurifashion.com\/de\/wp-json\/wp\/v2\/product_tag?post=24928"}],"curies":[{"name":"wp","href":"https:\/\/api.w.org\/{rel}","templated":true}]}}