{"id":25093,"date":"2025-10-06T17:35:32","date_gmt":"2025-10-06T17:35:32","guid":{"rendered":"https:\/\/mercurifashion.com\/?post_type=product&#038;p=25093"},"modified":"2025-10-06T17:57:05","modified_gmt":"2025-10-06T17:57:05","slug":"max-mara-studio-blazer-aus-wolltuch","status":"publish","type":"product","link":"https:\/\/mercurifashion.com\/de\/product\/max-mara-studio-blazer-aus-wolltuch\/","title":{"rendered":"MAX MARA STUDIO: Blazer aus Wolltuch"},"content":{"rendered":"<ul>\n<li>Nicht waschen<\/li>\n<li>Nicht bleichen<\/li>\n<li>Nicht im Trockner trocknen<\/li>\n<li>K\u00fchl b\u00fcgeln<\/li>\n<li>Professionelle Reinigung (Perchlorethylen, schonend)<\/li>\n<li>Nicht nass reinigen<\/li>\n<li>Bekleidung im geschlossenen Zustand reinigen<\/li>\n<li>Kn\u00f6pfe nicht b\u00fcgeln (vor der Reinigung sch\u00fctzen)<\/li>\n<li>Zum Waschen auf links drehen<\/li>\n<li>Beim B\u00fcgeln ein Tuch verwenden<\/li>\n<\/ul>\n","protected":false},"excerpt":{"rendered":"<p>Dieser taillierte Blazer ist aus leichtem Wollcanvas gefertigt und halb gef\u00fcttert, was Tragekomfort und Bewegungsfreiheit erh\u00f6ht. Mit figurbetonter Silhouette, klassischem Reverskragen, langen eingen\u00e4hten \u00c4rmeln mit Knopfmanschetten und einer eleganten Dreiknopfleiste. Frontseitige Pattentaschen und ein mittiger R\u00fcckenschlitz sorgen f\u00fcr Funktionalit\u00e4t und Beweglichkeit; feine Pickstitches betonen die meisterliche Verarbeitung. Ein zeitloses St\u00fcck, das Eleganz und Vielseitigkeit vereint.<\/p>\n<p>Materialzusammensetzung:<br \/>\nOberstoff: 100 % Schurwolle<br \/>\nFutter: 70 % Acetat, 30 % Polyester<\/p>\n","protected":false},"featured_media":25120,"comment_status":"open","ping_status":"closed","template":"","meta":[],"product_brand":[],"product_cat":[162,144],"product_tag":[],"class_list":{"0":"post-25093","1":"product","2":"type-product","3":"status-publish","4":"has-post-thumbnail","6":"product_cat-jacken","7":"product_cat-max-mara-de","9":"first","10":"instock","11":"shipping-taxable","12":"purchasable","13":"product-type-variable"},"_links":{"self":[{"href":"https:\/\/mercurifashion.com\/de\/wp-json\/wp\/v2\/product\/25093","targetHints":{"allow":["GET"]}}],"collection":[{"href":"https:\/\/mercurifashion.com\/de\/wp-json\/wp\/v2\/product"}],"about":[{"href":"https:\/\/mercurifashion.com\/de\/wp-json\/wp\/v2\/types\/product"}],"replies":[{"embeddable":true,"href":"https:\/\/mercurifashion.com\/de\/wp-json\/wp\/v2\/comments?post=25093"}],"wp:featuredmedia":[{"embeddable":true,"href":"https:\/\/mercurifashion.com\/de\/wp-json\/wp\/v2\/media\/25120"}],"wp:attachment":[{"href":"https:\/\/mercurifashion.com\/de\/wp-json\/wp\/v2\/media?parent=25093"}],"wp:term":[{"taxonomy":"product_brand","embeddable":true,"href":"https:\/\/mercurifashion.com\/de\/wp-json\/wp\/v2\/product_brand?post=25093"},{"taxonomy":"product_cat","embeddable":true,"href":"https:\/\/mercurifashion.com\/de\/wp-json\/wp\/v2\/product_cat?post=25093"},{"taxonomy":"product_tag","embeddable":true,"href":"https:\/\/mercurifashion.com\/de\/wp-json\/wp\/v2\/product_tag?post=25093"}],"curies":[{"name":"wp","href":"https:\/\/api.w.org\/{rel}","templated":true}]}}