{"id":25168,"date":"2025-10-06T18:07:09","date_gmt":"2025-10-06T18:07:09","guid":{"rendered":"https:\/\/mercurifashion.com\/?post_type=product&#038;p=25168"},"modified":"2025-10-06T18:30:05","modified_gmt":"2025-10-06T18:30:05","slug":"max-mara-studio-hose-aus-wolltuch","status":"publish","type":"product","link":"https:\/\/mercurifashion.com\/de\/product\/max-mara-studio-hose-aus-wolltuch\/","title":{"rendered":"MAX MARA STUDIO: Hose aus Wolltuch"},"content":{"rendered":"<ul>\n<li>Nicht waschen<\/li>\n<li>Nicht bleichen<\/li>\n<li>Nicht im Trockner trocknen<\/li>\n<li>K\u00fchl b\u00fcgeln<\/li>\n<li>Professionelle Reinigung (Perchlorethylen, schonend)<\/li>\n<li>Nicht nass reinigen<\/li>\n<li>Bekleidung im geschlossenen Zustand reinigen<\/li>\n<li>Kn\u00f6pfe nicht b\u00fcgeln (vor der Reinigung sch\u00fctzen)<\/li>\n<li>Zum Waschen auf links drehen<\/li>\n<li>Beim B\u00fcgeln ein Tuch verwenden<\/li>\n<\/ul>\n","protected":false},"excerpt":{"rendered":"<p>Hose mit langem G\u00fcrtel aus beschichtetem Stoff und Metallschnalle \u2013 eine elegante Kombination aus Funktionalit\u00e4t und Stil.<\/p>\n<ul>\n<li>Leichte Hose aus Wollcanvas<\/li>\n<li>Lockere Passform, zum Saum hin leicht zulaufend<\/li>\n<li>Verschluss mit hohem Bundriegel, Rei\u00dfverschluss und H\u00e4kchen<\/li>\n<li>Schr\u00e4gtaschen an den Seiten<\/li>\n<li>Doppelte Bundfalten vorne<\/li>\n<li>B\u00fcgelfalten vorne und hinten<\/li>\n<\/ul>\n<p>Materialzusammensetzung:<br \/>\nOberstoff: 100 % Schurwolle<br \/>\nFutter: 70 % Acetat, 30 % Polyester<\/p>\n","protected":false},"featured_media":25195,"comment_status":"open","ping_status":"closed","template":"","meta":[],"product_brand":[],"product_cat":[455,144],"product_tag":[],"class_list":{"0":"post-25168","1":"product","2":"type-product","3":"status-publish","4":"has-post-thumbnail","6":"product_cat-pants-de","7":"product_cat-max-mara-de","9":"first","10":"instock","11":"shipping-taxable","12":"purchasable","13":"product-type-variable"},"_links":{"self":[{"href":"https:\/\/mercurifashion.com\/de\/wp-json\/wp\/v2\/product\/25168","targetHints":{"allow":["GET"]}}],"collection":[{"href":"https:\/\/mercurifashion.com\/de\/wp-json\/wp\/v2\/product"}],"about":[{"href":"https:\/\/mercurifashion.com\/de\/wp-json\/wp\/v2\/types\/product"}],"replies":[{"embeddable":true,"href":"https:\/\/mercurifashion.com\/de\/wp-json\/wp\/v2\/comments?post=25168"}],"wp:featuredmedia":[{"embeddable":true,"href":"https:\/\/mercurifashion.com\/de\/wp-json\/wp\/v2\/media\/25195"}],"wp:attachment":[{"href":"https:\/\/mercurifashion.com\/de\/wp-json\/wp\/v2\/media?parent=25168"}],"wp:term":[{"taxonomy":"product_brand","embeddable":true,"href":"https:\/\/mercurifashion.com\/de\/wp-json\/wp\/v2\/product_brand?post=25168"},{"taxonomy":"product_cat","embeddable":true,"href":"https:\/\/mercurifashion.com\/de\/wp-json\/wp\/v2\/product_cat?post=25168"},{"taxonomy":"product_tag","embeddable":true,"href":"https:\/\/mercurifashion.com\/de\/wp-json\/wp\/v2\/product_tag?post=25168"}],"curies":[{"name":"wp","href":"https:\/\/api.w.org\/{rel}","templated":true}]}}