{"id":25245,"date":"2025-10-10T14:43:28","date_gmt":"2025-10-10T14:43:28","guid":{"rendered":"https:\/\/mercurifashion.com\/?post_type=product&#038;p=25245"},"modified":"2025-10-10T14:56:48","modified_gmt":"2025-10-10T14:56:48","slug":"max-mara-studio-alabama-hose","status":"publish","type":"product","link":"https:\/\/mercurifashion.com\/de\/product\/max-mara-studio-alabama-hose\/","title":{"rendered":"MAX MARA STUDIO: ALABAMA Hose"},"content":{"rendered":"<p><strong>Pflegehinweise:<\/strong><\/p>\n<ul>\n<li>Handw\u00e4sche in kaltem Wasser (max. 40&deg;C)<\/li>\n<li>Nicht bleichen<\/li>\n<li>Nicht im Trockner trocknen<\/li>\n<li>K\u00fchl b\u00fcgeln<\/li>\n<li>Professionelle Trockenreinigung (Schonverfahren)<\/li>\n<li>Nicht nass reinigen<\/li>\n<li>Vor dem Waschen auf links drehen<\/li>\n<li>Beim B\u00fcgeln ein Tuch dazwischenlegen<\/li>\n<\/ul>\n","protected":false},"excerpt":{"rendered":"<p>Diese weichen Hosen mit weitem Bein vereinen Komfort und Eleganz durch ihre flie\u00dfende Silhouette und die feinen Details. In elegantem Schwarz designt, mit normaler Passform, praktischen Seitentaschen und Frontverschluss f\u00fcr einen gepflegten Look. Zarte Flechtborten verleihen dem Modell eine subtile Textur und Handwerkskunst und machen es zu einem vielseitigen St\u00fcck f\u00fcr l\u00e4ssige wie auch elegante Outfits.<\/p>\n<p>Farbe: Schwarz<br \/>\nMaterialzusammensetzung:<br \/>\n71 % Triacetat, 29 % Polyester<\/p>\n","protected":false},"featured_media":25272,"comment_status":"open","ping_status":"closed","template":"","meta":[],"product_brand":[],"product_cat":[455,144],"product_tag":[],"class_list":{"0":"post-25245","1":"product","2":"type-product","3":"status-publish","4":"has-post-thumbnail","6":"product_cat-pants-de","7":"product_cat-max-mara-de","9":"first","10":"instock","11":"shipping-taxable","12":"purchasable","13":"product-type-variable"},"_links":{"self":[{"href":"https:\/\/mercurifashion.com\/de\/wp-json\/wp\/v2\/product\/25245","targetHints":{"allow":["GET"]}}],"collection":[{"href":"https:\/\/mercurifashion.com\/de\/wp-json\/wp\/v2\/product"}],"about":[{"href":"https:\/\/mercurifashion.com\/de\/wp-json\/wp\/v2\/types\/product"}],"replies":[{"embeddable":true,"href":"https:\/\/mercurifashion.com\/de\/wp-json\/wp\/v2\/comments?post=25245"}],"wp:featuredmedia":[{"embeddable":true,"href":"https:\/\/mercurifashion.com\/de\/wp-json\/wp\/v2\/media\/25272"}],"wp:attachment":[{"href":"https:\/\/mercurifashion.com\/de\/wp-json\/wp\/v2\/media?parent=25245"}],"wp:term":[{"taxonomy":"product_brand","embeddable":true,"href":"https:\/\/mercurifashion.com\/de\/wp-json\/wp\/v2\/product_brand?post=25245"},{"taxonomy":"product_cat","embeddable":true,"href":"https:\/\/mercurifashion.com\/de\/wp-json\/wp\/v2\/product_cat?post=25245"},{"taxonomy":"product_tag","embeddable":true,"href":"https:\/\/mercurifashion.com\/de\/wp-json\/wp\/v2\/product_tag?post=25245"}],"curies":[{"name":"wp","href":"https:\/\/api.w.org\/{rel}","templated":true}]}}