{"id":25371,"date":"2025-10-10T16:39:08","date_gmt":"2025-10-10T16:39:08","guid":{"rendered":"https:\/\/mercurifashion.com\/?post_type=product&#038;p=25371"},"modified":"2025-10-10T16:51:14","modified_gmt":"2025-10-10T16:51:14","slug":"novak-daunenmantel","status":"publish","type":"product","link":"https:\/\/mercurifashion.com\/de\/product\/novak-daunenmantel\/","title":{"rendered":"WEEKEND MAX MARA: Novak Daunenmantel"},"content":{"rendered":"<p><strong>Pflegehinweise:<\/strong><\/p>\n<ul>\n<li>Nicht waschen<\/li>\n<li>Nicht bleichen<\/li>\n<li>Nicht im Trockner trocknen<\/li>\n<li>Bei Bedarf k\u00fchl b\u00fcgeln<\/li>\n<li>Professionelle Trockenreinigung (Schonverfahren)<\/li>\n<li>Nicht nass reinigen<\/li>\n<li>Vor der Reinigung alle Verschl\u00fcsse schlie\u00dfen<\/li>\n<li>K\u00fchl und trocken lagern<\/li>\n<\/ul>\n","protected":false},"excerpt":{"rendered":"<p>Der Novak-Daunenmantel von Weekend Max Mara vereint elegante Funktionalit\u00e4t mit modernem Stil. Gefertigt aus wasserabweisendem Canvas, verf\u00fcgt dieser lange, wendbare Mantel \u00fcber eine Kapuze mit Kordelzug und Raglan\u00e4rmel f\u00fcr eine entspannte, doch raffinierte Silhouette. Der gerade Schnitt mit seitlichen Schlitzen, verdecktem Rei\u00dfverschluss mit Druckkn\u00f6pfen und praktischen Seitentaschen sorgt f\u00fcr Komfort. Die Wendeseite zeigt wahlweise gestreifte oder \u201eZwiebel\u201c-Steppung, beide mit luxuri\u00f6ser G\u00e4nsedaunenf\u00fcllung f\u00fcr hervorragende W\u00e4rme und Leichtigkeit. Ein vielseitiges St\u00fcck, das Stil, Funktionalit\u00e4t und italienische Handwerkskunst vereint.<\/p>\n<p>Farbe: Schwarz<\/p>\n","protected":false},"featured_media":25392,"comment_status":"open","ping_status":"closed","template":"","meta":[],"product_brand":[],"product_cat":[206,144],"product_tag":[],"class_list":{"0":"post-25371","1":"product","2":"type-product","3":"status-publish","4":"has-post-thumbnail","6":"product_cat-coat","7":"product_cat-max-mara-de","9":"first","10":"outofstock","11":"shipping-taxable","12":"purchasable","13":"product-type-variable"},"_links":{"self":[{"href":"https:\/\/mercurifashion.com\/de\/wp-json\/wp\/v2\/product\/25371","targetHints":{"allow":["GET"]}}],"collection":[{"href":"https:\/\/mercurifashion.com\/de\/wp-json\/wp\/v2\/product"}],"about":[{"href":"https:\/\/mercurifashion.com\/de\/wp-json\/wp\/v2\/types\/product"}],"replies":[{"embeddable":true,"href":"https:\/\/mercurifashion.com\/de\/wp-json\/wp\/v2\/comments?post=25371"}],"wp:featuredmedia":[{"embeddable":true,"href":"https:\/\/mercurifashion.com\/de\/wp-json\/wp\/v2\/media\/25392"}],"wp:attachment":[{"href":"https:\/\/mercurifashion.com\/de\/wp-json\/wp\/v2\/media?parent=25371"}],"wp:term":[{"taxonomy":"product_brand","embeddable":true,"href":"https:\/\/mercurifashion.com\/de\/wp-json\/wp\/v2\/product_brand?post=25371"},{"taxonomy":"product_cat","embeddable":true,"href":"https:\/\/mercurifashion.com\/de\/wp-json\/wp\/v2\/product_cat?post=25371"},{"taxonomy":"product_tag","embeddable":true,"href":"https:\/\/mercurifashion.com\/de\/wp-json\/wp\/v2\/product_tag?post=25371"}],"curies":[{"name":"wp","href":"https:\/\/api.w.org\/{rel}","templated":true}]}}