{"id":26576,"date":"2025-10-14T17:52:47","date_gmt":"2025-10-14T17:52:47","guid":{"rendered":"https:\/\/mercurifashion.com\/?post_type=product&#038;p=26576"},"modified":"2025-10-14T18:26:23","modified_gmt":"2025-10-14T18:26:23","slug":"oversized-blazer-mirella","status":"publish","type":"product","link":"https:\/\/mercurifashion.com\/de\/product\/oversized-blazer-mirella\/","title":{"rendered":"MAX MARA STUDIO: Oversized Blazer MIRELLA"},"content":{"rendered":"<p><strong>Pflegehinweise:<\/strong><\/p>\n<ul>\n<li><strong>Nur professionelle chemische Reinigung:<\/strong> Aufgrund der empfindlichen Mischung aus Schurwolle, Seide und Kaschmir wird eine professionelle Reinigung empfohlen, um Qualit\u00e4t und Form des Kleidungsst\u00fccks zu erhalten.<\/li>\n<li>Nicht in der Maschine waschen.<\/li>\n<li>Nicht bleichen.<\/li>\n<li>Nicht im Trockner trocknen.<\/li>\n<li>K\u00fchl b\u00fcgeln (bei Bedarf mit Tuch und niedriger Hitze).<\/li>\n<\/ul>\n","protected":false},"excerpt":{"rendered":"<p>Der MIRELLA Blazer von Max Mara Studio steht f\u00fcr moderne Eleganz. Gefertigt aus luxuri\u00f6sem Cady-Gewebe und in einer entspannten Oversized-Silhouette geschnitten, kombiniert er zeitlose Raffinesse mit einem modernen Look. Mit doppelreihigem Design, verl\u00e4ngerten Revers, langen \u00c4rmeln und Klappentaschen sorgt er f\u00fcr eine strukturierte und edle Erscheinung. Vollst\u00e4ndig gef\u00fcttert und mit Knopfverschluss versehen.<\/p>\n<p><strong>Materialzusammensetzung:<\/strong> 71 % Triacetat, 29 % Polyester<\/p>\n","protected":false},"featured_media":26603,"comment_status":"open","ping_status":"closed","template":"","meta":[],"product_brand":[],"product_cat":[162,144],"product_tag":[],"class_list":{"0":"post-26576","1":"product","2":"type-product","3":"status-publish","4":"has-post-thumbnail","6":"product_cat-jacken","7":"product_cat-max-mara-de","9":"first","10":"instock","11":"shipping-taxable","12":"purchasable","13":"product-type-variable"},"_links":{"self":[{"href":"https:\/\/mercurifashion.com\/de\/wp-json\/wp\/v2\/product\/26576","targetHints":{"allow":["GET"]}}],"collection":[{"href":"https:\/\/mercurifashion.com\/de\/wp-json\/wp\/v2\/product"}],"about":[{"href":"https:\/\/mercurifashion.com\/de\/wp-json\/wp\/v2\/types\/product"}],"replies":[{"embeddable":true,"href":"https:\/\/mercurifashion.com\/de\/wp-json\/wp\/v2\/comments?post=26576"}],"wp:featuredmedia":[{"embeddable":true,"href":"https:\/\/mercurifashion.com\/de\/wp-json\/wp\/v2\/media\/26603"}],"wp:attachment":[{"href":"https:\/\/mercurifashion.com\/de\/wp-json\/wp\/v2\/media?parent=26576"}],"wp:term":[{"taxonomy":"product_brand","embeddable":true,"href":"https:\/\/mercurifashion.com\/de\/wp-json\/wp\/v2\/product_brand?post=26576"},{"taxonomy":"product_cat","embeddable":true,"href":"https:\/\/mercurifashion.com\/de\/wp-json\/wp\/v2\/product_cat?post=26576"},{"taxonomy":"product_tag","embeddable":true,"href":"https:\/\/mercurifashion.com\/de\/wp-json\/wp\/v2\/product_tag?post=26576"}],"curies":[{"name":"wp","href":"https:\/\/api.w.org\/{rel}","templated":true}]}}