{"id":21410,"date":"2024-08-31T09:50:47","date_gmt":"2024-08-31T09:50:47","guid":{"rendered":"https:\/\/mercurifashion.com\/?page_id=21410"},"modified":"2024-08-31T10:06:43","modified_gmt":"2024-08-31T10:06:43","slug":"cookie-policy","status":"publish","type":"page","link":"https:\/\/mercurifashion.com\/es\/cookie-policy\/","title":{"rendered":"Pol\u00edtica de Cookies"},"content":{"rendered":"<h2>Pol\u00edtica de Cookies<\/h2>\n<p><strong>Fecha de entrada en vigor: 31\/08\/2024<\/strong><\/p>\n<h3>\u00bfQu\u00e9 tipos de cookies utiliza el sitio web de MercuriFashion.com?<\/h3>\n<p>Las cookies nos ayudan a mejorar su experiencia al proporcionarnos informaci\u00f3n sobre c\u00f3mo se utiliza el sitio. Nuestras cookies no almacenan informaci\u00f3n financiera ni otra informaci\u00f3n personal, como su nombre o direcci\u00f3n de correo electr\u00f3nico.<\/p>\n<p>Adem\u00e1s de nuestras propias cookies, utilizamos herramientas de terceros que tambi\u00e9n utilizan cookies.<\/p>\n<p>En nuestro sitio hay un aviso que proporciona un enlace a nuestra pol\u00edtica de cookies. Si contin\u00faa utilizando el sitio web de MercuriFashion.com, asumiremos que da su consentimiento para el uso de cookies con este prop\u00f3sito.<\/p>\n<p>Si despu\u00e9s de leer esta informaci\u00f3n tiene alguna pregunta o inquietud sobre nuestra pol\u00edtica de cookies, por favor cont\u00e1ctenos en <a href=\"mailto:support@mercurifashion.com\">support@mercurifashion.com<\/a> o lea nuestra <a href=\"https:\/\/mercurifashion.com\/privacy-policy\/\">Pol\u00edtica de Privacidad<\/a>.<\/p>\n<h3>Utilizamos los diferentes tipos de cookies que se enumeran a continuaci\u00f3n:<\/h3>\n<h3>Tipo de cookies y c\u00f3mo las usamos<\/h3>\n<h4>Estrictamente necesarias<\/h4>\n<p>Estas cookies son esenciales para el funcionamiento de nuestros sitios web. Por ejemplo, realizan un seguimiento de lo que tiene en su carrito de compras, lo identifican como usuario conectado al sitio y nos permiten reconocerlo como cliente. Si bloquea estas cookies, no podemos garantizar que el sitio funcione correctamente.<\/p>\n<h4>Rendimiento<\/h4>\n<p>Utilizamos estas cookies para analizar c\u00f3mo utilizan nuestros visitantes nuestros sitios web y para monitorear el rendimiento del sitio. Por ejemplo, podemos usarlas para rastrear qu\u00e9 p\u00e1ginas son las m\u00e1s populares, probar el dise\u00f1o y la usabilidad de nuevas p\u00e1ginas web, y determinar por qu\u00e9 algunas p\u00e1ginas generan mensajes de error.<\/p>\n<h4>Funcionalidad<\/h4>\n<p>Utilizamos cookies de funcionalidad para recordar las elecciones que realiza, como la edici\u00f3n regional del sitio que desea ver cuando inicia sesi\u00f3n. Estas cookies recuerdan cualquier personalizaci\u00f3n que realice en las p\u00e1ginas del sitio durante su visita. Si bloquea estas cookies, algunas funciones y servicios pueden verse afectados y no podemos estar seguros de c\u00f3mo funcionar\u00e1 el sitio durante su visita.<\/p>\n<h4>Marketing<\/h4>\n<p>Estas cookies se utilizan para rastrear los h\u00e1bitos de navegaci\u00f3n y las actividades de nuestros visitantes en nuestros sitios web. Pueden ser utilizadas para construir un perfil de historial de b\u00fasqueda y\/o navegaci\u00f3n para cada visitante. Se puede recopilar informaci\u00f3n identificable o \u00fanica. La informaci\u00f3n an\u00f3nima puede compartirse con terceros. Esta informaci\u00f3n est\u00e1 vinculada a la funcionalidad del sitio proporcionada por otros sitios web y puede compartirse con otras organizaciones (como redes publicitarias).<\/p>\n<h4>Terceros<\/h4>\n<p>Tambi\u00e9n utilizamos o permitimos que terceros sirvan cookies que pertenecen a las cuatro categor\u00edas anteriores. Por ejemplo, al igual que muchas empresas, utilizamos Google Analytics para ayudarnos a monitorear el tr\u00e1fico de nuestro sitio web. Tambi\u00e9n podemos utilizar cookies de terceros para ayudarnos con estudios de mercado, seguimiento de ventas, mejora de la funcionalidad del sitio y monitoreo del cumplimiento de nuestros t\u00e9rminos y condiciones.<\/p>\n<h3>\u00bfC\u00f3mo puedo controlar mis cookies?<\/h3>\n<p>Puede gestionar las cookies que almacenamos en nuestro sitio web en cualquier momento a trav\u00e9s de la configuraci\u00f3n de su navegador de Internet. Para obtener m\u00e1s informaci\u00f3n sobre c\u00f3mo hacer esto y sobre las cookies en general, visite <a href=\"https:\/\/ico.org.uk\/for-the-public\/online\/cookies\/\">https:\/\/ico.org.uk\/for-the-public\/online\/cookies\/<\/a> y <a href=\"https:\/\/www.youronlinechoices.eu\">https:\/\/www.youronlinechoices.eu<\/a>.<\/p>\n<p>Tenga en cuenta que si desactiva todas las cookies, su experiencia en nuestro sitio se ver\u00e1 afectada, algunas funciones se reducir\u00e1n y su experiencia general en MercuriFashion.com ser\u00e1 inferior.<\/p>\n<p>Esta pol\u00edtica le proporciona toda la informaci\u00f3n que necesita sobre nuestro uso de cookies. Si no se siente c\u00f3modo con estas cookies, cont\u00e1ctenos para obtener m\u00e1s informaci\u00f3n o utilice las pautas anteriores para desactivarlas.<\/p>\n<p><em>Nota: Esta pol\u00edtica de cookies est\u00e1 dise\u00f1ada para cumplir con el Reglamento General de Protecci\u00f3n de Datos (GDPR) de la UE y la legislaci\u00f3n de la Rep\u00fablica de San Marino. Proporciona informaci\u00f3n detallada sobre el uso de cookies en nuestro sitio web y ofrece orientaci\u00f3n sobre c\u00f3mo los usuarios pueden gestionar sus preferencias de acuerdo con las leyes aplicables.<\/em><\/p>\n","protected":false},"excerpt":{"rendered":"<p>Pol\u00edtica de Cookies Fecha de entrada en vigor: 31\/08\/2024 \u00bfQu\u00e9 tipos de cookies utiliza el sitio web de MercuriFashion.com? Las<\/p>\n","protected":false},"author":2,"featured_media":0,"parent":0,"menu_order":0,"comment_status":"closed","ping_status":"closed","template":"","meta":{"footnotes":""},"class_list":["post-21410","page","type-page","status-publish","hentry"],"_links":{"self":[{"href":"https:\/\/mercurifashion.com\/es\/wp-json\/wp\/v2\/pages\/21410","targetHints":{"allow":["GET"]}}],"collection":[{"href":"https:\/\/mercurifashion.com\/es\/wp-json\/wp\/v2\/pages"}],"about":[{"href":"https:\/\/mercurifashion.com\/es\/wp-json\/wp\/v2\/types\/page"}],"author":[{"embeddable":true,"href":"https:\/\/mercurifashion.com\/es\/wp-json\/wp\/v2\/users\/2"}],"replies":[{"embeddable":true,"href":"https:\/\/mercurifashion.com\/es\/wp-json\/wp\/v2\/comments?post=21410"}],"version-history":[{"count":2,"href":"https:\/\/mercurifashion.com\/es\/wp-json\/wp\/v2\/pages\/21410\/revisions"}],"predecessor-version":[{"id":21412,"href":"https:\/\/mercurifashion.com\/es\/wp-json\/wp\/v2\/pages\/21410\/revisions\/21412"}],"wp:attachment":[{"href":"https:\/\/mercurifashion.com\/es\/wp-json\/wp\/v2\/media?parent=21410"}],"curies":[{"name":"wp","href":"https:\/\/api.w.org\/{rel}","templated":true}]}}