{"id":21476,"date":"2024-09-03T16:57:07","date_gmt":"2024-09-03T16:57:07","guid":{"rendered":"https:\/\/mercurifashion.com\/?page_id=21476"},"modified":"2024-09-03T18:24:10","modified_gmt":"2024-09-03T18:24:10","slug":"terms-and-%d1%81onditions","status":"publish","type":"page","link":"https:\/\/mercurifashion.com\/es\/terms-and-%d1%81onditions\/","title":{"rendered":"T\u00e9rminos y Condiciones"},"content":{"rendered":"<h2>T\u00e9rminos y Condiciones<\/h2>\n<p><strong>Fecha de Vigencia: 3 de septiembre de 2024<\/strong><\/p>\n<hr>\n<h3>Introducci\u00f3n<\/h3>\n<p>En este documento, \u00abNosotros\u00bb, \u00abNuestro\u00bb y \u00abNos\u00bb se refieren a MERCURI SRL, una empresa registrada en la Rep\u00fablica de San Marino con el n\u00famero de registro SM23995, con oficina registrada en Via Tre Settembre, 174, 47891 Dogana, Rep\u00fablica de San Marino.<\/p>\n<p>El Sitio Web (como se define a continuaci\u00f3n) consta de dos componentes principales:<\/p>\n<ul>\n<li>Un sitio web institucional gestionado por MERCURI SRL, con oficina registrada en Via Tre Settembre, 174, 47891 Dogana, Rep\u00fablica de San Marino, Tel. +378 0549 972183, C.O.E. SM23995, que tiene el derecho de usar el nombre de dominio mercurifashion.com;<\/li>\n<li>Una tienda digital, tambi\u00e9n gestionada por MERCURI SRL, que vende productos MERCURI directamente a los consumidores en l\u00ednea.<\/li>\n<\/ul>\n<h3>\u00c1mbito de Aplicaci\u00f3n<\/h3>\n<p>Estos t\u00e9rminos y condiciones (los \u00abT\u00e9rminos\u00bb) rigen su uso y acceso al sitio web mercurifashion.com (el \u00abSitio Web\u00bb) y cualquier transacci\u00f3n de venta a distancia realizada a trav\u00e9s del Sitio Web. Por favor, lea estos T\u00e9rminos cuidadosamente antes de usar o acceder al Sitio Web y antes de realizar cualquier pedido en nuestro Sitio. Al acceder o utilizar el Sitio Web, incluyendo hacer una compra a trav\u00e9s del Sitio, usted acepta estar sujeto a estos T\u00e9rminos.<\/p>\n<p>Estos T\u00e9rminos son efectivos a partir de la fecha mencionada anteriormente y permanecer\u00e1n en vigor mientras est\u00e9n publicados en el Sitio. Nos reservamos el derecho de cambiar y actualizar estos T\u00e9rminos en cualquier momento a nuestra exclusiva discreci\u00f3n. Cualquier cambio en estos T\u00e9rminos se publicar\u00e1 en el Sitio, y los T\u00e9rminos actualizados se aplicar\u00e1n solo a los pedidos realizados despu\u00e9s de su publicaci\u00f3n. Le recomendamos que guarde o imprima una copia de estos T\u00e9rminos para sus registros.<\/p>\n<h3>Pedidos de Productos y Contrataci\u00f3n<\/h3>\n<p>La presentaci\u00f3n de productos en el Sitio Web est\u00e1 destinada como una invitaci\u00f3n a hacer una oferta. Los pedidos se pueden realizar a trav\u00e9s del Sitio seleccionando una imagen del producto y siguiendo los pasos e instrucciones proporcionados. Para modificar o corregir un pedido, siga las instrucciones disponibles en el Sitio. El monto total de cualquier pedido \u00fanico no puede exceder los 10.000 \u20ac.<\/p>\n<p>Al hacer clic en el bot\u00f3n \u00abComprar ahora\u00bb, su pedido se enviar\u00e1 y almacenar\u00e1 en la base de datos de MERCURI SRL durante el per\u00edodo requerido por la ley aplicable. Enviar su pedido se considera como una propuesta para concluir un contrato de venta. Al recibir su pedido, MERCURI SRL le enviar\u00e1 un correo electr\u00f3nico con el n\u00famero de pedido y los detalles de los productos pedidos, incluidos sus precios, direcci\u00f3n de env\u00edo, m\u00e9todos de pago y tiempos estimados de entrega. Este correo electr\u00f3nico sirve como acuse de recibo de su pedido y no constituye una aceptaci\u00f3n de su propuesta de compra. Al recibir su pedido, MERCURI SRL verificar\u00e1 la disponibilidad de los productos pedidos y la exactitud de la informaci\u00f3n proporcionada por usted. El contrato de venta entre usted y MERCURI SRL solo se concluir\u00e1 cuando le enviemos un correo electr\u00f3nico separado confirmando la aceptaci\u00f3n de su propuesta de compra y\/o el env\u00edo de los productos pedidos.<\/p>\n<p>Su pedido puede ser rechazado en las siguientes circunstancias:<\/p>\n<ul>\n<li>(i) si hay un error en la informaci\u00f3n que nos ha proporcionado,<\/li>\n<li>(ii) si los productos pedidos no est\u00e1n en stock,<\/li>\n<li>(iii) si hay garant\u00edas de cr\u00e9dito insuficientes,<\/li>\n<li>(iv) si el pedido excede las necesidades normales de consumo (ya sea debido a la cantidad de productos en un solo pedido o pedidos m\u00faltiples del mismo producto, incluso si cada pedido satisface las necesidades t\u00edpicas de consumo); o<\/li>\n<li>(v) si un evento fuera de nuestro control causa un retraso en la disponibilidad del producto.<\/li>\n<\/ul>\n<p>Si su pedido no puede ser aceptado, MERCURI SRL le notificar\u00e1 dentro de los 10 (diez) d\u00edas posteriores a la fecha de recepci\u00f3n de su pedido, y cualquier pago realizado se reembolsar\u00e1 de inmediato.<\/p>\n<h3>Precios de los Productos<\/h3>\n<p>El precio mostrado en el sitio web para cada producto se refiere al art\u00edculo individual, expresado en euros e incluye los costos de env\u00edo.<\/p>\n<h3>T\u00e9rminos de Pago<\/h3>\n<p>Los pagos pueden realizarse mediante tarjeta de cr\u00e9dito o PayPal.<\/p>\n<p>Aceptamos las siguientes tarjetas de cr\u00e9dito:<\/p>\n<ul>\n<li>Visa\/Visa Electron<\/li>\n<li>Mastercard<\/li>\n<li>American Express<\/li>\n<li>Diners Club International<\/li>\n<li>Maestro International<\/li>\n<\/ul>\n<p>El monto total del pedido se cargar\u00e1 a su tarjeta de cr\u00e9dito o cuenta PayPal cuando env\u00ede su pedido a MERCURI SRL (seleccionando \u00abComprar ahora\u00bb), con la aceptaci\u00f3n simult\u00e1nea de su pedido por parte de MERCURI SRL y el comienzo de la preparaci\u00f3n del producto para el env\u00edo. Para evitar fraudes en l\u00ednea, todos los pagos realizados a trav\u00e9s del sitio web son procesados en l\u00ednea por el banco que gestiona su tarjeta de cr\u00e9dito utilizando los servicios proporcionados por PayPal. PayPal y sus afiliados son responsables del almacenamiento seguro y el procesamiento de toda la informaci\u00f3n relacionada con el pedido, incluidos los detalles de la tarjeta de cr\u00e9dito, en un entorno seguro.<\/p>\n<p>Para completar un pago, debe:<\/p>\n<ul>\n<li>Para pagos con tarjeta de cr\u00e9dito, confirme la informaci\u00f3n del titular de la tarjeta utilizada para realizar la compra en el sitio, luego ingrese el n\u00famero de tarjeta de 16 d\u00edgitos, la fecha de vencimiento y el c\u00f3digo de seguridad.<\/li>\n<li>Para pagos con PayPal, ingrese su informaci\u00f3n de inicio de sesi\u00f3n en la p\u00e1gina de PayPal a la que se le redirige autom\u00e1ticamente y siga las instrucciones para completar el pago.<\/li>\n<\/ul>\n<p>Durante el proceso de compra, MERCURI SRL puede almacenar un c\u00f3digo de confirmaci\u00f3n vinculado a su cuenta de PayPal, lo que le permite usarlo exclusivamente para compras futuras o para reemplazar productos previamente comprados sin tener que volver a ingresar los detalles de su PayPal. Puede revocar esta autorizaci\u00f3n en cualquier momento a trav\u00e9s de su \u00abMi Cuenta\u00bb solicit\u00e1ndolo expresamente al Servicio de Atenci\u00f3n al Cliente (support@mercurifashion.com) o directamente desde su cuenta PayPal. PayPal puede requerir que vuelva a ingresar sus credenciales si sospecha de actividad no autorizada en relaci\u00f3n con su cuenta PayPal.<\/p>\n<p>El proceso de pedido se considera completo cuando se completan las transacciones de pago y se le redirige al sitio web para confirmar la aceptaci\u00f3n de su pedido.<\/p>\n<p>Si su cargo no es aceptado debido a la entrada incorrecta de datos u otras razones t\u00e9cnicas informadas por el proveedor del servicio de pago, no podr\u00e1 utilizar la opci\u00f3n \u00abComprar ahora\u00bb. Si decide salir de la p\u00e1gina de pago como lo indica el administrador del servicio, se le redirigir\u00e1 al sitio web inform\u00e1ndole que el pedido no se puede completar.<\/p>\n<p>La propiedad de los Productos pasa a usted cuando entregamos los Productos a la direcci\u00f3n que especifica o cuando recoge los Productos de nosotros. La propiedad de los Productos no pasar\u00e1 a usted hasta que hayamos completado la entrega y recibido el pago completo.<\/p>\n<h3>Opciones de Entrega<\/h3>\n<p>Antes de completar una compra en el Sitio, puede elegir entre las siguientes opciones de entrega:<\/p>\n<h3>Entrega a su Direcci\u00f3n<\/h3>\n<p>Los productos se entregar\u00e1n solo a la direcci\u00f3n que usted indique, despu\u00e9s de que MERCURI SRL haya recibido el pago completo del pedido. No entregamos a apartados de correos ni direcciones similares. MERCURI SRL enviar\u00e1 los productos a usted lo antes posible y en cualquier caso dentro de los treinta (30) d\u00edas a partir de la fecha de aceptaci\u00f3n del pedido. Si no hay nadie en su direcci\u00f3n cuando el mensajero intente entregar, dejar\u00e1 un aviso con los detalles del intento de entrega y los c\u00f3digos e informaci\u00f3n de contacto necesarios para organizar una nueva fecha de entrega. Si no est\u00e1 disponible durante el primer intento de entrega, el mensajero har\u00e1 otro intento al d\u00eda siguiente. Si el segundo intento tambi\u00e9n falla, el mensajero dejar\u00e1 un aviso escrito con sus datos de contacto y la ubicaci\u00f3n de recogida donde puede recoger los productos. Si no recoge los productos dentro de los 10 (diez) d\u00edas desde la ubicaci\u00f3n de recogida, los productos se devolver\u00e1n a nuestro almac\u00e9n. El Servicio de Atenci\u00f3n al Cliente se pondr\u00e1 en contacto con usted para decidir si volver a enviar los productos pedidos o emitir un reembolso.<\/p>\n<p>En el caso de que la entrega no se realice dentro de los 4 d\u00edas h\u00e1biles a partir de la fecha de env\u00edo comunicada por MERCURI SRL, y si no es posible realizar el seguimiento en el Sitio Web, debe notificar a MERCURI SRL sobre la no entrega a trav\u00e9s de la p\u00e1gina \u00abContactos\u00bb en la secci\u00f3n de Servicio de Atenci\u00f3n al Cliente del Sitio Web. MERCURI SRL organizar\u00e1 un nuevo env\u00edo del (los) producto(s) perdido(s) dentro de las 48 (cuarenta y ocho) horas posteriores a la notificaci\u00f3n, a menos que el (los) producto(s) no est\u00e9(n) disponible(s) o debido a fuerza mayor, en cuyo caso el pedido ser\u00e1 cancelado y se emitir\u00e1 un reembolso.<\/p>\n<h3>Retrasos en la Entrega<\/h3>\n<p>Usted tiene ciertos derechos si nos retrasamos en la entrega de los Productos sin una raz\u00f3n v\u00e1lida. Como se establece en la secci\u00f3n de Entrega anterior, si no cumplimos con la fecha de entrega de cualquier Producto, puede considerar el Contrato terminado inmediatamente si se aplica cualquiera de los siguientes casos:<\/p>\n<ul>\n<li>(i) nos hemos negado a suministrar los Productos; o<\/li>\n<li>(ii) la entrega dentro del plazo acordado era esencial (teniendo en cuenta todas las circunstancias relevantes) y usted nos inform\u00f3 antes de que acept\u00e1ramos su pedido que la entrega dentro de ese plazo era esencial y estuvimos de acuerdo.<\/li>\n<\/ul>\n<p>Si no desea o no tiene derecho a terminar el Contrato inmediatamente, puede establecer un nuevo plazo razonable para la entrega. Si no cumplimos con este nuevo plazo, puede terminar el Contrato.<\/p>\n<p>Si un evento fuera de nuestro control (como fuerza mayor) causa un retraso en nuestra entrega de los Productos, le notificaremos lo antes posible y tomaremos medidas para minimizar el impacto del retraso. Si lo hacemos, no seremos responsables por ning\u00fan retraso causado por el evento. Sin embargo, si existe el riesgo de un retraso significativo, puede contactarnos para cancelar el contrato y recibir un reembolso por cualquier Producto que haya pagado pero no haya recibido.<\/p>\n<h3>Costos de Env\u00edo<\/h3>\n<p>El env\u00edo es gratuito para todos los productos comprados a trav\u00e9s del sitio web.<\/p>\n<h3>Devoluciones<\/h3>\n<p>Si ejerce su derecho de cancelaci\u00f3n, debe devolver los productos utilizando uno de los m\u00e9todos descritos <a href=\"https:\/\/mercurifashion.com\/return-policy\/\">aqu\u00ed<\/a>.<\/p>\n<h3>Descargo de Responsabilidad; Limitaci\u00f3n de Responsabilidad<\/h3>\n<p>Proporcionamos los Productos solo para su uso personal. Si utiliza los Productos para cualquier prop\u00f3sito comercial, empresarial o de reventa, no seremos responsables de ninguna p\u00e9rdida de beneficios, negocios, interrupci\u00f3n comercial u oportunidad de negocio.<\/p>\n<p>Nada en estos t\u00e9rminos y condiciones excluir\u00e1 o limitar\u00e1 nuestra responsabilidad por muerte o lesiones personales causadas por nuestra negligencia, por fraude, por incumplimiento de sus derechos legales relacionados con los Productos o por cualquier otra p\u00e9rdida o da\u00f1o que no pueda ser excluido por la ley.<\/p>\n<p>Si no cumplimos con estos T\u00e9rminos, seremos responsables de cualquier p\u00e9rdida o da\u00f1o que sufra y que sea una consecuencia previsible de nuestro incumplimiento de estos T\u00e9rminos o de nuestra falta de cuidado y habilidad razonables. Sin embargo, no seremos responsables de ninguna p\u00e9rdida o da\u00f1o que no sea previsible. \u00abPrevisible\u00bb significa que la p\u00e9rdida o el da\u00f1o era una consecuencia obvia de nuestro incumplimiento.<\/p>\n<h3>Cont\u00e1ctenos: Quejas, Comunicaciones e Informaci\u00f3n<\/h3>\n<p>Si tiene alguna pregunta, queja o necesita comunicarse con nosotros con respecto a estos T\u00e9rminos y Condiciones, su pedido o nuestros productos, puede contactar al Servicio de Atenci\u00f3n al Cliente por tel\u00e9fono al +378 0549 972183, por correo electr\u00f3nico a support@mercurifashion.com o utilizando el enlace \u00abCont\u00e1ctenos\u00bb en la secci\u00f3n de Servicio de Atenci\u00f3n al Cliente de nuestro sitio web.<\/p>\n<p>Puede contactar al Servicio de Atenci\u00f3n al Cliente de forma gratuita de lunes a viernes por correo electr\u00f3nico, completando el formulario o llamando al n\u00famero de tel\u00e9fono. Tenga en cuenta que si elige utilizar otros medios o formas de comunicaci\u00f3n que no sean los descritos anteriormente (como correo postal, fax o llamadas al n\u00famero gratuito de MERCURI SRL), MERCURI SRL no estar\u00e1 obligado a reembolsarle por los costos incurridos como resultado de usar estos medios de comunicaci\u00f3n.<\/p>\n<p>Si necesitamos comunicarnos con usted, lo haremos por tel\u00e9fono o por escrito a la direcci\u00f3n de correo electr\u00f3nico o postal que proporcion\u00f3 en su pedido.<\/p>\n<h3>Fuerza Mayor<\/h3>\n<p>La prestaci\u00f3n de servicios por parte de MERCURI SRL puede suspenderse en caso de fuerza mayor, que es un evento fuera de nuestro control razonable, como (pero no limitado a) desastres naturales, condiciones meteorol\u00f3gicas adversas, cierres o restricciones gubernamentales, la propagaci\u00f3n de enfermedades infecciosas, pandemias, epidemias, guerra, disturbios, insurrecciones, huelgas y problemas en la cadena de suministro que afecten a MERCURI SRL debido a proveedores de terceros. MERCURI SRL no ser\u00e1 responsable por ning\u00fan retraso o falla en el cumplimiento causado por tales eventos de fuerza mayor. MERCURI SRL informar\u00e1 al Cliente sobre cualquier evento de fuerza mayor, si es posible, dentro de los siete (7) d\u00edas posteriores a su ocurrencia. Si la suspensi\u00f3n del servicio dura m\u00e1s de 15 d\u00edas, el Cliente tendr\u00e1 derecho a cancelar el pedido y obtener un reembolso de las sumas ya pagadas.<\/p>\n<h3>Su Privacidad<\/h3>\n<p>Tenemos una <a href=\"https:\/\/mercurifashion.com\/privacy-policy\/\">Pol\u00edtica de Privacidad<\/a> que explica c\u00f3mo manejamos su informaci\u00f3n personal y describe sus derechos al respecto. Puede encontrar una copia de nuestra Pol\u00edtica de Privacidad en el Sitio.<\/p>\n<h3>Sus Derechos Legales<\/h3>\n<p>Nada en estos t\u00e9rminos y condiciones afecta sus derechos legales como consumidor bajo la ley aplicable.<\/p>\n<p>Este es un resumen de sus derechos legales. Estos est\u00e1n sujetos a ciertas exclusiones. Para obtener informaci\u00f3n m\u00e1s detallada, visite el sitio web relevante de asesoramiento sobre derechos del consumidor o comun\u00edquese con su Servicio de Asesoramiento sobre Derechos del Consumidor local.<\/p>\n<h3>Disposiciones Generales<\/h3>\n<p>Cada secci\u00f3n de estos T\u00e9rminos se considerar\u00e1 separable. Si un tribunal u otra autoridad competente determina que alguna disposici\u00f3n de estos T\u00e9rminos es ilegal, las disposiciones restantes seguir\u00e1n en pleno vigor y efecto.<\/p>\n<p>Si no insistimos de inmediato en que haga algo que debe hacer seg\u00fan estos T\u00e9rminos, o si demoramos en tomar medidas contra usted debido a su incumplimiento de estos T\u00e9rminos, eso no significa que no tenga que hacer esa cosa, y no nos impide tomar medidas contra usted en un momento posterior.<\/p>\n<p>Podemos ceder nuestros derechos y obligaciones bajo estos T\u00e9rminos a otra organizaci\u00f3n. Le notificaremos si tenemos la intenci\u00f3n de hacerlo. Si no est\u00e1 satisfecho con la transferencia, puede contactarnos dentro de los diez (10) d\u00edas posteriores a nuestra notificaci\u00f3n para terminar estos T\u00e9rminos.<\/p>\n<p>Estos T\u00e9rminos son entre usted y nosotros y no otorgan a ning\u00fan tercero ning\u00fan derecho bajo el Contracts (Rights of Third Parties) Act 1999 para hacer cumplir cualquier t\u00e9rmino de estos T\u00e9rminos.<\/p>\n<h3>Ley Aplicable y Jurisdicci\u00f3n<\/h3>\n<p>Estos T\u00e9rminos y cualquier disputa que surja de o en relaci\u00f3n con estos T\u00e9rminos se regir\u00e1n e interpretar\u00e1n de acuerdo con las leyes de la Rep\u00fablica de San Marino, y ambas partes acuerdan someterse a la jurisdicci\u00f3n exclusiva de los tribunales de la Rep\u00fablica de San Marino. Sin embargo, como consumidor, se beneficiar\u00e1 de cualquier disposici\u00f3n obligatoria de la ley del pa\u00eds en el que reside. Nada en estos T\u00e9rminos afecta su derecho como consumidor a confiar en tales disposiciones obligatorias de la ley local.<\/p>\n<hr>\n<p>&nbsp;<\/p>\n","protected":false},"excerpt":{"rendered":"<p>T\u00e9rminos y Condiciones Fecha de Vigencia: 3 de septiembre de 2024 Introducci\u00f3n En este documento, \u00abNosotros\u00bb, \u00abNuestro\u00bb y \u00abNos\u00bb se<\/p>\n","protected":false},"author":2,"featured_media":0,"parent":0,"menu_order":0,"comment_status":"closed","ping_status":"closed","template":"","meta":{"footnotes":""},"class_list":["post-21476","page","type-page","status-publish","hentry"],"_links":{"self":[{"href":"https:\/\/mercurifashion.com\/es\/wp-json\/wp\/v2\/pages\/21476","targetHints":{"allow":["GET"]}}],"collection":[{"href":"https:\/\/mercurifashion.com\/es\/wp-json\/wp\/v2\/pages"}],"about":[{"href":"https:\/\/mercurifashion.com\/es\/wp-json\/wp\/v2\/types\/page"}],"author":[{"embeddable":true,"href":"https:\/\/mercurifashion.com\/es\/wp-json\/wp\/v2\/users\/2"}],"replies":[{"embeddable":true,"href":"https:\/\/mercurifashion.com\/es\/wp-json\/wp\/v2\/comments?post=21476"}],"version-history":[{"count":1,"href":"https:\/\/mercurifashion.com\/es\/wp-json\/wp\/v2\/pages\/21476\/revisions"}],"predecessor-version":[{"id":21477,"href":"https:\/\/mercurifashion.com\/es\/wp-json\/wp\/v2\/pages\/21476\/revisions\/21477"}],"wp:attachment":[{"href":"https:\/\/mercurifashion.com\/es\/wp-json\/wp\/v2\/media?parent=21476"}],"curies":[{"name":"wp","href":"https:\/\/api.w.org\/{rel}","templated":true}]}}