{"id":21532,"date":"2024-09-18T15:51:46","date_gmt":"2024-09-18T15:51:46","guid":{"rendered":"https:\/\/mercurifashion.com\/?page_id=21532"},"modified":"2024-09-18T16:34:39","modified_gmt":"2024-09-18T16:34:39","slug":"shipping","status":"publish","type":"page","link":"https:\/\/mercurifashion.com\/es\/shipping\/","title":{"rendered":"Env\u00edo"},"content":{"rendered":"<h2>T\u00e9rminos de env\u00edo para MercuriFashion.com<\/h2>\n<p>&nbsp;<\/p>\n<p><strong>Env\u00edo gratuito a todo el mundo con DHL Express<\/strong><br \/>\nNos complace ofrecer env\u00edo gratuito a todo el mundo con DHL Express para todas las compras realizadas en nuestra tienda en l\u00ednea. Nuestro objetivo es garantizar una entrega r\u00e1pida y confiable, sin importar d\u00f3nde se encuentre.<\/p>\n<h3>Ubicaci\u00f3n de los productos<\/h3>\n<p>Todos los art\u00edculos disponibles en MercuriFashion.com est\u00e1n almacenados en nuestro almac\u00e9n en la Rep\u00fablica de San Marino. Antes de ser enviados fuera de las fronteras de San Marino, cada producto pasa por un proceso de despacho aduanero obligatorio y recibe una licencia de exportaci\u00f3n de acuerdo con las leyes de la Rep\u00fablica de San Marino. Los procedimientos de exportaci\u00f3n y aduanas cumplen con los requisitos del C\u00f3digo Aduanero de la Rep\u00fablica de San Marino (Ley N\u00b0 122 de 2010).<\/p>\n<h3>Procesamiento de pedidos<\/h3>\n<p>Despu\u00e9s de realizar su pedido en nuestra tienda en l\u00ednea, se procesar\u00e1 al siguiente d\u00eda h\u00e1bil. Si el pedido se realiza durante un d\u00eda festivo oficial o una celebraci\u00f3n religiosa, se retrasar\u00e1 hasta el siguiente d\u00eda h\u00e1bil. Tenga en cuenta que no procesamos ni enviamos pedidos durante los d\u00edas festivos en la Rep\u00fablica de San Marino. Para obtener una lista completa de los d\u00edas festivos, consulte el Decreto Legislativo N\u00b0 100 de 1998.<\/p>\n<h3>M\u00e9todos de env\u00edo y tiempo de entrega<\/h3>\n<p>Todos los pedidos se env\u00edan a trav\u00e9s de DHL Express, que ofrece una entrega confiable y r\u00e1pida a la mayor\u00eda de los pa\u00edses del mundo. El tiempo de entrega promedio es de 2-3 d\u00edas h\u00e1biles desde el momento en que se realiza su pedido. Sin embargo, los tiempos de entrega en \u00e1reas remotas pueden ser m\u00e1s largos dependiendo de las especificaciones log\u00edsticas del pa\u00eds y la regi\u00f3n de destino.<\/p>\n<h3>Seguimiento de su pedido<\/h3>\n<p>Una vez que su pedido ha sido procesado y enviado, recibir\u00e1 un c\u00f3digo de seguimiento por correo electr\u00f3nico proporcionado en el momento de la compra. Puede usar este c\u00f3digo para rastrear el estado y la ubicaci\u00f3n de su pedido a trav\u00e9s del sistema de seguimiento de DHL en su sitio web oficial. Esto le permitir\u00e1 mantenerse informado sobre el progreso de su entrega.<\/p>\n<h3>Retrasos de env\u00edo durante los d\u00edas festivos<\/h3>\n<p>Tenga en cuenta que durante los d\u00edas festivos religiosos y seculares, tanto en San Marino como en el extranjero, los tiempos de procesamiento y entrega pueden extenderse. Le recomendamos que planifique sus compras con anticipaci\u00f3n, especialmente durante las principales festividades internacionales como Navidad y Pascua.<\/p>\n<h3>Garant\u00edas legales y derechos del consumidor<\/h3>\n<p>Todos los procesos de env\u00edo cumplen con la legislaci\u00f3n vigente de la Rep\u00fablica de San Marino y las regulaciones comerciales internacionales. Garantizamos que todas las obligaciones de env\u00edo se cumplir\u00e1n dentro del plazo acordado. Como consumidor, tiene derecho a devolver o cambiar productos de acuerdo con la Ley de Protecci\u00f3n al Consumidor N\u00b0 119 de 2005 de la Rep\u00fablica de San Marino.<\/p>\n<p>Nos esforzamos por brindar a nuestros clientes el mejor servicio, garantizando env\u00edos r\u00e1pidos y confiables con cada compra.<\/p>\n","protected":false},"excerpt":{"rendered":"<p>T\u00e9rminos de env\u00edo para MercuriFashion.com &nbsp; Env\u00edo gratuito a todo el mundo con DHL Express Nos complace ofrecer env\u00edo gratuito<\/p>\n","protected":false},"author":2,"featured_media":0,"parent":0,"menu_order":0,"comment_status":"closed","ping_status":"closed","template":"","meta":{"footnotes":""},"class_list":["post-21532","page","type-page","status-publish","hentry"],"_links":{"self":[{"href":"https:\/\/mercurifashion.com\/es\/wp-json\/wp\/v2\/pages\/21532","targetHints":{"allow":["GET"]}}],"collection":[{"href":"https:\/\/mercurifashion.com\/es\/wp-json\/wp\/v2\/pages"}],"about":[{"href":"https:\/\/mercurifashion.com\/es\/wp-json\/wp\/v2\/types\/page"}],"author":[{"embeddable":true,"href":"https:\/\/mercurifashion.com\/es\/wp-json\/wp\/v2\/users\/2"}],"replies":[{"embeddable":true,"href":"https:\/\/mercurifashion.com\/es\/wp-json\/wp\/v2\/comments?post=21532"}],"version-history":[{"count":2,"href":"https:\/\/mercurifashion.com\/es\/wp-json\/wp\/v2\/pages\/21532\/revisions"}],"predecessor-version":[{"id":21540,"href":"https:\/\/mercurifashion.com\/es\/wp-json\/wp\/v2\/pages\/21532\/revisions\/21540"}],"wp:attachment":[{"href":"https:\/\/mercurifashion.com\/es\/wp-json\/wp\/v2\/media?parent=21532"}],"curies":[{"name":"wp","href":"https:\/\/api.w.org\/{rel}","templated":true}]}}