{"id":22898,"date":"2024-10-31T13:46:06","date_gmt":"2024-10-31T13:46:06","guid":{"rendered":"https:\/\/mercurifashion.com\/?post_type=product&#038;p=22898"},"modified":"2024-11-11T16:12:11","modified_gmt":"2024-11-11T16:12:11","slug":"max-mara-studio-abrigo-de-lana-y-cachemira-cles","status":"publish","type":"product","link":"https:\/\/mercurifashion.com\/es\/product\/max-mara-studio-abrigo-de-lana-y-cachemira-cles\/","title":{"rendered":"MAX MARA STUDIO: Abrigo de lana y cachemira CLES"},"content":{"rendered":"<p><strong>Abrigo para Mujer estilo bata:<\/strong><br \/>\nMangas largas<br \/>\nCuello ancho con solapa<br \/>\nEscote en V<br \/>\nCierre con cintur\u00f3n desmontable en la cintura<br \/>\nBolsillos laterales<br \/>\nAjuste regular<br \/>\nColor: Camel<\/p>\n","protected":false},"excerpt":{"rendered":"<p>Este elegante abrigo en color camel de Max Mara Studio combina lujosa lana virgen con un toque de sofisticaci\u00f3n atemporal. Con un dise\u00f1o tipo bata, incluye un amplio cuello con solapa, mangas largas, cintur\u00f3n desmontable en la cintura y bolsillos laterales para un look cl\u00e1sico y refinado.<\/p>\n<p><strong>Composici\u00f3n<\/strong>:<br \/>\n88% Lana Virgen, 6% Seda, 6% Cachemira<br \/>\nForro: 100% Viscosa<\/p>\n","protected":false},"featured_media":21895,"comment_status":"open","ping_status":"closed","template":"","meta":[],"product_brand":[],"product_cat":[209,147],"product_tag":[],"class_list":{"0":"post-22898","1":"product","2":"type-product","3":"status-publish","4":"has-post-thumbnail","6":"product_cat-coat","7":"product_cat-max-mara-es","9":"first","10":"outofstock","11":"sale","12":"featured","13":"shipping-taxable","14":"purchasable","15":"product-type-variable"},"_links":{"self":[{"href":"https:\/\/mercurifashion.com\/es\/wp-json\/wp\/v2\/product\/22898","targetHints":{"allow":["GET"]}}],"collection":[{"href":"https:\/\/mercurifashion.com\/es\/wp-json\/wp\/v2\/product"}],"about":[{"href":"https:\/\/mercurifashion.com\/es\/wp-json\/wp\/v2\/types\/product"}],"replies":[{"embeddable":true,"href":"https:\/\/mercurifashion.com\/es\/wp-json\/wp\/v2\/comments?post=22898"}],"wp:featuredmedia":[{"embeddable":true,"href":"https:\/\/mercurifashion.com\/es\/wp-json\/wp\/v2\/media\/21895"}],"wp:attachment":[{"href":"https:\/\/mercurifashion.com\/es\/wp-json\/wp\/v2\/media?parent=22898"}],"wp:term":[{"taxonomy":"product_brand","embeddable":true,"href":"https:\/\/mercurifashion.com\/es\/wp-json\/wp\/v2\/product_brand?post=22898"},{"taxonomy":"product_cat","embeddable":true,"href":"https:\/\/mercurifashion.com\/es\/wp-json\/wp\/v2\/product_cat?post=22898"},{"taxonomy":"product_tag","embeddable":true,"href":"https:\/\/mercurifashion.com\/es\/wp-json\/wp\/v2\/product_tag?post=22898"}],"curies":[{"name":"wp","href":"https:\/\/api.w.org\/{rel}","templated":true}]}}