{"id":22948,"date":"2024-10-31T22:30:21","date_gmt":"2024-10-31T22:30:21","guid":{"rendered":"https:\/\/mercurifashion.com\/?post_type=product&#038;p=22948"},"modified":"2024-11-11T16:39:04","modified_gmt":"2024-11-11T16:39:04","slug":"max-mara-studio-palmizi-gabardina-larga","status":"publish","type":"product","link":"https:\/\/mercurifashion.com\/es\/product\/max-mara-studio-palmizi-gabardina-larga\/","title":{"rendered":"MAX MARA STUDIO: PALMIZI gabardina larga"},"content":{"rendered":"","protected":false},"excerpt":{"rendered":"<p>La gabardina larga \u00abPalmizi\u00bb de Max Mara Studio en color Colonial es un elegante abrigo estilo trench de doble botonadura, hecho de una mezcla de algod\u00f3n de alta calidad. Este dise\u00f1o elegante incluye un cintur\u00f3n que define la cintura, elegantes charreteras y correas ajustables en los pu\u00f1os, creando una silueta cl\u00e1sica y duradera, perfecta para cualquier guardarropa.<\/p>\n<p><strong>Composici\u00f3n de la tela<\/strong>: Mezcla de algod\u00f3n.<br \/>\n<strong>Forro<\/strong>: Totalmente forrado.<br \/>\n<strong>Detalles de dise\u00f1o<\/strong>: Frente de doble botonadura, cintura con cintur\u00f3n, charreteras, correas en los pu\u00f1os.<\/p>\n","protected":false},"featured_media":22043,"comment_status":"open","ping_status":"closed","template":"","meta":[],"product_brand":[],"product_cat":[147],"product_tag":[],"class_list":{"0":"post-22948","1":"product","2":"type-product","3":"status-publish","4":"has-post-thumbnail","6":"product_cat-max-mara-es","8":"first","9":"instock","10":"sale","11":"featured","12":"shipping-taxable","13":"purchasable","14":"product-type-variable"},"_links":{"self":[{"href":"https:\/\/mercurifashion.com\/es\/wp-json\/wp\/v2\/product\/22948","targetHints":{"allow":["GET"]}}],"collection":[{"href":"https:\/\/mercurifashion.com\/es\/wp-json\/wp\/v2\/product"}],"about":[{"href":"https:\/\/mercurifashion.com\/es\/wp-json\/wp\/v2\/types\/product"}],"replies":[{"embeddable":true,"href":"https:\/\/mercurifashion.com\/es\/wp-json\/wp\/v2\/comments?post=22948"}],"wp:featuredmedia":[{"embeddable":true,"href":"https:\/\/mercurifashion.com\/es\/wp-json\/wp\/v2\/media\/22043"}],"wp:attachment":[{"href":"https:\/\/mercurifashion.com\/es\/wp-json\/wp\/v2\/media?parent=22948"}],"wp:term":[{"taxonomy":"product_brand","embeddable":true,"href":"https:\/\/mercurifashion.com\/es\/wp-json\/wp\/v2\/product_brand?post=22948"},{"taxonomy":"product_cat","embeddable":true,"href":"https:\/\/mercurifashion.com\/es\/wp-json\/wp\/v2\/product_cat?post=22948"},{"taxonomy":"product_tag","embeddable":true,"href":"https:\/\/mercurifashion.com\/es\/wp-json\/wp\/v2\/product_tag?post=22948"}],"curies":[{"name":"wp","href":"https:\/\/api.w.org\/{rel}","templated":true}]}}