{"id":22972,"date":"2024-11-01T14:35:56","date_gmt":"2024-11-01T14:35:56","guid":{"rendered":"https:\/\/mercurifashion.com\/?post_type=product&#038;p=22972"},"modified":"2024-11-11T16:57:18","modified_gmt":"2024-11-11T16:57:18","slug":"weekend-max-mara-chaqueta-adorni","status":"publish","type":"product","link":"https:\/\/mercurifashion.com\/es\/product\/weekend-max-mara-chaqueta-adorni\/","title":{"rendered":"WEEKEND MAX MARA: Chaqueta ADORNI"},"content":{"rendered":"","protected":false},"excerpt":{"rendered":"<p>La chaqueta bomber \u00abAdorni\u00bb de Weekend Max Mara en gris est\u00e1 confeccionada en tejido de lana de doble capa. Cuenta con tecnolog\u00eda aislante Luxepad Ultra Fine con un relleno de mezcla de camello y seda, que a\u00f1ade calidez y confort. La chaqueta tiene un dise\u00f1o interior acolchado, cuello y dobladillo de punto acanalado, bolsillos laterales con abertura y un detalle de parche de fieltro en el pecho. Se cierra al frente con botones a presi\u00f3n y tiene un ajuste oversize.<\/p>\n<p><strong>Composici\u00f3n de la tela<\/strong><br \/>\n90% Lana, 10% Poliamida.<br \/>\nForro: 100% Poli\u00e9ster.<br \/>\nRelleno: 49% Poli\u00e9ster, 46% Camello, 5% Seda.<\/p>\n","protected":false},"featured_media":22173,"comment_status":"open","ping_status":"closed","template":"","meta":[],"product_brand":[],"product_cat":[165,147],"product_tag":[],"class_list":{"0":"post-22972","1":"product","2":"type-product","3":"status-publish","4":"has-post-thumbnail","6":"product_cat-chaquetas","7":"product_cat-max-mara-es","9":"first","10":"outofstock","11":"featured","12":"shipping-taxable","13":"purchasable","14":"product-type-variable"},"_links":{"self":[{"href":"https:\/\/mercurifashion.com\/es\/wp-json\/wp\/v2\/product\/22972","targetHints":{"allow":["GET"]}}],"collection":[{"href":"https:\/\/mercurifashion.com\/es\/wp-json\/wp\/v2\/product"}],"about":[{"href":"https:\/\/mercurifashion.com\/es\/wp-json\/wp\/v2\/types\/product"}],"replies":[{"embeddable":true,"href":"https:\/\/mercurifashion.com\/es\/wp-json\/wp\/v2\/comments?post=22972"}],"wp:featuredmedia":[{"embeddable":true,"href":"https:\/\/mercurifashion.com\/es\/wp-json\/wp\/v2\/media\/22173"}],"wp:attachment":[{"href":"https:\/\/mercurifashion.com\/es\/wp-json\/wp\/v2\/media?parent=22972"}],"wp:term":[{"taxonomy":"product_brand","embeddable":true,"href":"https:\/\/mercurifashion.com\/es\/wp-json\/wp\/v2\/product_brand?post=22972"},{"taxonomy":"product_cat","embeddable":true,"href":"https:\/\/mercurifashion.com\/es\/wp-json\/wp\/v2\/product_cat?post=22972"},{"taxonomy":"product_tag","embeddable":true,"href":"https:\/\/mercurifashion.com\/es\/wp-json\/wp\/v2\/product_tag?post=22972"}],"curies":[{"name":"wp","href":"https:\/\/api.w.org\/{rel}","templated":true}]}}