{"id":23006,"date":"2024-11-01T17:34:18","date_gmt":"2024-11-01T17:34:18","guid":{"rendered":"https:\/\/mercurifashion.com\/?post_type=product&#038;p=23006"},"modified":"2024-11-11T17:19:09","modified_gmt":"2024-11-11T17:19:09","slug":"marina-rinaldi-chaqueta-satira","status":"publish","type":"product","link":"https:\/\/mercurifashion.com\/es\/product\/marina-rinaldi-chaqueta-satira\/","title":{"rendered":"MARINA RINALDI: Chaqueta SATIRA"},"content":{"rendered":"","protected":false},"excerpt":{"rendered":"<p>Una chaqueta de la marca italiana MARINA RINALDI, con solapas de muesca y una silueta entallada con bolsillos de parche. El dise\u00f1o est\u00e1 confeccionado en un tejido de viscosa suave y el\u00e1stico, proporcionando un ajuste ideal en la figura.<\/p>\n<p><strong>Composici\u00f3n<\/strong>:<br \/>\n50% viscosa, 48% poli\u00e9ster, 2% elastano<\/p>\n","protected":false},"featured_media":22253,"comment_status":"open","ping_status":"closed","template":"","meta":[],"product_brand":[],"product_cat":[165,141],"product_tag":[],"class_list":{"0":"post-23006","1":"product","2":"type-product","3":"status-publish","4":"has-post-thumbnail","6":"product_cat-chaquetas","7":"product_cat-marina-rinaldi-es","9":"first","10":"instock","11":"featured","12":"shipping-taxable","13":"purchasable","14":"product-type-variable"},"_links":{"self":[{"href":"https:\/\/mercurifashion.com\/es\/wp-json\/wp\/v2\/product\/23006","targetHints":{"allow":["GET"]}}],"collection":[{"href":"https:\/\/mercurifashion.com\/es\/wp-json\/wp\/v2\/product"}],"about":[{"href":"https:\/\/mercurifashion.com\/es\/wp-json\/wp\/v2\/types\/product"}],"replies":[{"embeddable":true,"href":"https:\/\/mercurifashion.com\/es\/wp-json\/wp\/v2\/comments?post=23006"}],"wp:featuredmedia":[{"embeddable":true,"href":"https:\/\/mercurifashion.com\/es\/wp-json\/wp\/v2\/media\/22253"}],"wp:attachment":[{"href":"https:\/\/mercurifashion.com\/es\/wp-json\/wp\/v2\/media?parent=23006"}],"wp:term":[{"taxonomy":"product_brand","embeddable":true,"href":"https:\/\/mercurifashion.com\/es\/wp-json\/wp\/v2\/product_brand?post=23006"},{"taxonomy":"product_cat","embeddable":true,"href":"https:\/\/mercurifashion.com\/es\/wp-json\/wp\/v2\/product_cat?post=23006"},{"taxonomy":"product_tag","embeddable":true,"href":"https:\/\/mercurifashion.com\/es\/wp-json\/wp\/v2\/product_tag?post=23006"}],"curies":[{"name":"wp","href":"https:\/\/api.w.org\/{rel}","templated":true}]}}