{"id":23057,"date":"2024-11-04T16:48:33","date_gmt":"2024-11-04T16:48:33","guid":{"rendered":"https:\/\/mercurifashion.com\/?post_type=product&#038;p=23057"},"modified":"2024-11-11T18:45:24","modified_gmt":"2024-11-11T18:45:24","slug":"weekend-max-mara-abrigo-de-lana-oversize-nico","status":"publish","type":"product","link":"https:\/\/mercurifashion.com\/es\/product\/weekend-max-mara-abrigo-de-lana-oversize-nico\/","title":{"rendered":"WEEKEND MAX MARA: Abrigo de lana oversize NICO"},"content":{"rendered":"<p><strong>Instrucciones de cuidado<\/strong>:<br \/>\nNo lavar, blanquear ni secar en secadora. Planchar a baja temperatura si es necesario y llevar el abrigo a la tintorer\u00eda profesional con percloroetileno utilizando un proceso suave. Evitar el lavado en h\u00famedo. Aseg\u00farese de abrochar el abrigo antes de la limpieza y proteger los detalles de cuero y los botones.<\/p>\n","protected":false},"excerpt":{"rendered":"<p>Confeccionado en lujoso tejido de lana doble cosido a mano, este abrigo oversize con capucha ofrece una elegante combinaci\u00f3n de calidez y sofisticaci\u00f3n. Su dise\u00f1o \u00fanico presenta una silueta en capas, similar a una capa, sobre la forma cl\u00e1sica del abrigo Montgomery, a\u00f1adiendo profundidad y estilo. El abrigo incluye mangas largas de corte ragl\u00e1n en la parte posterior, con correas ajustables en los pu\u00f1os para mayor funcionalidad. La parte delantera se cierra con detalles de cuero y cuerno de primera calidad, aportando un toque refinado.<\/p>\n<p><strong>Composici\u00f3n de la tela<\/strong>:<br \/>\n90% lana virgen, 10% poliamida; tejido secundario: 100% algod\u00f3n.<\/p>\n","protected":false},"featured_media":22447,"comment_status":"open","ping_status":"closed","template":"","meta":[],"product_brand":[],"product_cat":[209,147],"product_tag":[],"class_list":{"0":"post-23057","1":"product","2":"type-product","3":"status-publish","4":"has-post-thumbnail","6":"product_cat-coat","7":"product_cat-max-mara-es","9":"first","10":"instock","11":"sale","12":"shipping-taxable","13":"purchasable","14":"product-type-variable"},"_links":{"self":[{"href":"https:\/\/mercurifashion.com\/es\/wp-json\/wp\/v2\/product\/23057","targetHints":{"allow":["GET"]}}],"collection":[{"href":"https:\/\/mercurifashion.com\/es\/wp-json\/wp\/v2\/product"}],"about":[{"href":"https:\/\/mercurifashion.com\/es\/wp-json\/wp\/v2\/types\/product"}],"replies":[{"embeddable":true,"href":"https:\/\/mercurifashion.com\/es\/wp-json\/wp\/v2\/comments?post=23057"}],"wp:featuredmedia":[{"embeddable":true,"href":"https:\/\/mercurifashion.com\/es\/wp-json\/wp\/v2\/media\/22447"}],"wp:attachment":[{"href":"https:\/\/mercurifashion.com\/es\/wp-json\/wp\/v2\/media?parent=23057"}],"wp:term":[{"taxonomy":"product_brand","embeddable":true,"href":"https:\/\/mercurifashion.com\/es\/wp-json\/wp\/v2\/product_brand?post=23057"},{"taxonomy":"product_cat","embeddable":true,"href":"https:\/\/mercurifashion.com\/es\/wp-json\/wp\/v2\/product_cat?post=23057"},{"taxonomy":"product_tag","embeddable":true,"href":"https:\/\/mercurifashion.com\/es\/wp-json\/wp\/v2\/product_tag?post=23057"}],"curies":[{"name":"wp","href":"https:\/\/api.w.org\/{rel}","templated":true}]}}