{"id":23071,"date":"2024-11-04T18:03:11","date_gmt":"2024-11-04T18:03:11","guid":{"rendered":"https:\/\/mercurifashion.com\/?post_type=product&#038;p=23071"},"modified":"2025-11-15T17:17:52","modified_gmt":"2025-11-15T17:17:52","slug":"max-mara-studio-blazer-negro-fiorella","status":"publish","type":"product","link":"https:\/\/mercurifashion.com\/es\/product\/max-mara-studio-blazer-negro-fiorella\/","title":{"rendered":"MAX MARA STUDIO: Blazer negro MIRELLA"},"content":{"rendered":"","protected":false},"excerpt":{"rendered":"<p>Este elegante blazer negro est\u00e1 confeccionado en tejido crep\u00e9 texturizado, con un cierre de bot\u00f3n oculto en la parte delantera y solapas de muesca refinadas. Estructurado con hombreras para realzar la silueta, las mangas largas cuentan con pu\u00f1os con abertura para un toque de estilo. Dise\u00f1ado con pinzas precisas para un ajuste entallado, este blazer incluye cuatro bolsillos de parche pr\u00e1cticos en la parte delantera, que aportan funcionalidad y estilo. Totalmente forrado para mayor comodidad, tiene un dobladillo recto que completa el aspecto cl\u00e1sico.<\/p>\n<p><strong>Composici\u00f3n<\/strong>:<br \/>\nExterior: 71% triacetato, 29% poli\u00e9ster<br \/>\nForro: 70% acetato, 30% poli\u00e9ster<br \/>\n<strong>Instrucciones de cuidado<\/strong>: Solo limpieza en seco.<\/p>\n","protected":false},"featured_media":22484,"comment_status":"open","ping_status":"closed","template":"","meta":[],"product_brand":[],"product_cat":[165,147],"product_tag":[],"class_list":{"0":"post-23071","1":"product","2":"type-product","3":"status-publish","4":"has-post-thumbnail","6":"product_cat-chaquetas","7":"product_cat-max-mara-es","9":"first","10":"outofstock","11":"featured","12":"shipping-taxable","13":"purchasable","14":"product-type-variable"},"_links":{"self":[{"href":"https:\/\/mercurifashion.com\/es\/wp-json\/wp\/v2\/product\/23071","targetHints":{"allow":["GET"]}}],"collection":[{"href":"https:\/\/mercurifashion.com\/es\/wp-json\/wp\/v2\/product"}],"about":[{"href":"https:\/\/mercurifashion.com\/es\/wp-json\/wp\/v2\/types\/product"}],"replies":[{"embeddable":true,"href":"https:\/\/mercurifashion.com\/es\/wp-json\/wp\/v2\/comments?post=23071"}],"wp:featuredmedia":[{"embeddable":true,"href":"https:\/\/mercurifashion.com\/es\/wp-json\/wp\/v2\/media\/22484"}],"wp:attachment":[{"href":"https:\/\/mercurifashion.com\/es\/wp-json\/wp\/v2\/media?parent=23071"}],"wp:term":[{"taxonomy":"product_brand","embeddable":true,"href":"https:\/\/mercurifashion.com\/es\/wp-json\/wp\/v2\/product_brand?post=23071"},{"taxonomy":"product_cat","embeddable":true,"href":"https:\/\/mercurifashion.com\/es\/wp-json\/wp\/v2\/product_cat?post=23071"},{"taxonomy":"product_tag","embeddable":true,"href":"https:\/\/mercurifashion.com\/es\/wp-json\/wp\/v2\/product_tag?post=23071"}],"curies":[{"name":"wp","href":"https:\/\/api.w.org\/{rel}","templated":true}]}}