{"id":23110,"date":"2024-11-04T19:19:43","date_gmt":"2024-11-04T19:19:43","guid":{"rendered":"https:\/\/mercurifashion.com\/?post_type=product&#038;p=23110"},"modified":"2024-11-12T20:36:08","modified_gmt":"2024-11-12T20:36:08","slug":"weekend-max-mara-camisa-oversize-de-algodon-rolf","status":"publish","type":"product","link":"https:\/\/mercurifashion.com\/es\/product\/weekend-max-mara-camisa-oversize-de-algodon-rolf\/","title":{"rendered":"WEEKEND MAX MARA: Camisa oversize de algod\u00f3n ROLF"},"content":{"rendered":"<p><strong>Instrucciones de cuidado<\/strong>:<br \/>\nLavar a mano en agua fr\u00eda; no usar lej\u00eda ni secar en secadora. Secar en plano a la sombra y planchar a baja temperatura si es necesario. Puede limpiarse en seco profesionalmente con percloroetileno utilizando un proceso suave.<\/p>\n","protected":false},"excerpt":{"rendered":"<p>Esta camisa larga y relajada est\u00e1 confeccionada en suave franela de algod\u00f3n puro, ofreciendo tanto comodidad como estilo. Dise\u00f1ada en un ajuste oversize, cuenta con mangas largas con hombros ca\u00eddos y pu\u00f1os con botones, junto con grandes bolsillos en el pecho adornados con solapas y botones. La camisa tiene un corte recto con aberturas laterales y un dobladillo redondeado ligeramente m\u00e1s largo en la parte trasera, a\u00f1adiendo un toque moderno. Cierre frontal visible con botones.<\/p>\n<p><strong>Composici\u00f3n de la tela<\/strong>: 100% algod\u00f3n.<\/p>\n","protected":false},"featured_media":22548,"comment_status":"open","ping_status":"closed","template":"","meta":[],"product_brand":[],"product_cat":[444,147],"product_tag":[],"class_list":{"0":"post-23110","1":"product","2":"type-product","3":"status-publish","4":"has-post-thumbnail","6":"product_cat-shirts-es","7":"product_cat-max-mara-es","9":"first","10":"instock","11":"shipping-taxable","12":"purchasable","13":"product-type-variable"},"_links":{"self":[{"href":"https:\/\/mercurifashion.com\/es\/wp-json\/wp\/v2\/product\/23110","targetHints":{"allow":["GET"]}}],"collection":[{"href":"https:\/\/mercurifashion.com\/es\/wp-json\/wp\/v2\/product"}],"about":[{"href":"https:\/\/mercurifashion.com\/es\/wp-json\/wp\/v2\/types\/product"}],"replies":[{"embeddable":true,"href":"https:\/\/mercurifashion.com\/es\/wp-json\/wp\/v2\/comments?post=23110"}],"wp:featuredmedia":[{"embeddable":true,"href":"https:\/\/mercurifashion.com\/es\/wp-json\/wp\/v2\/media\/22548"}],"wp:attachment":[{"href":"https:\/\/mercurifashion.com\/es\/wp-json\/wp\/v2\/media?parent=23110"}],"wp:term":[{"taxonomy":"product_brand","embeddable":true,"href":"https:\/\/mercurifashion.com\/es\/wp-json\/wp\/v2\/product_brand?post=23110"},{"taxonomy":"product_cat","embeddable":true,"href":"https:\/\/mercurifashion.com\/es\/wp-json\/wp\/v2\/product_cat?post=23110"},{"taxonomy":"product_tag","embeddable":true,"href":"https:\/\/mercurifashion.com\/es\/wp-json\/wp\/v2\/product_tag?post=23110"}],"curies":[{"name":"wp","href":"https:\/\/api.w.org\/{rel}","templated":true}]}}