{"id":23222,"date":"2024-11-06T17:28:21","date_gmt":"2024-11-06T17:28:21","guid":{"rendered":"https:\/\/mercurifashion.com\/?post_type=product&#038;p=23222"},"modified":"2024-11-12T22:15:11","modified_gmt":"2024-11-12T22:15:11","slug":"max-mara-studio-falda-negra-lemma","status":"publish","type":"product","link":"https:\/\/mercurifashion.com\/es\/product\/max-mara-studio-falda-negra-lemma\/","title":{"rendered":"MAX MARA STUDIO: Falda negra LEMMA"},"content":{"rendered":"","protected":false},"excerpt":{"rendered":"<p>La falda &#8216;Lemma&#8217; de Max Mara Studio est\u00e1 confeccionada en elegante tejido cady, ofreciendo una silueta estilizada con sutiles pliegues frontales. Dise\u00f1ada con cierre de cremallera y broche con bot\u00f3n, tambi\u00e9n incluye pr\u00e1cticos bolsillos laterales para mayor comodidad. Una abertura en la parte trasera mejora el movimiento y el confort. Esta falda negra cl\u00e1sica es fiel a la talla y es ideal para un look pulido y sofisticado.<\/p>\n<p><strong>Composici\u00f3n de la tela<\/strong>:<br \/>\n71% triacetato, 29% poli\u00e9ster.<\/p>\n","protected":false},"featured_media":22744,"comment_status":"open","ping_status":"closed","template":"","meta":[],"product_brand":[],"product_cat":[451,147],"product_tag":[],"class_list":{"0":"post-23222","1":"product","2":"type-product","3":"status-publish","4":"has-post-thumbnail","6":"product_cat-skirts-es","7":"product_cat-max-mara-es","9":"first","10":"instock","11":"shipping-taxable","12":"purchasable","13":"product-type-variable"},"_links":{"self":[{"href":"https:\/\/mercurifashion.com\/es\/wp-json\/wp\/v2\/product\/23222","targetHints":{"allow":["GET"]}}],"collection":[{"href":"https:\/\/mercurifashion.com\/es\/wp-json\/wp\/v2\/product"}],"about":[{"href":"https:\/\/mercurifashion.com\/es\/wp-json\/wp\/v2\/types\/product"}],"replies":[{"embeddable":true,"href":"https:\/\/mercurifashion.com\/es\/wp-json\/wp\/v2\/comments?post=23222"}],"wp:featuredmedia":[{"embeddable":true,"href":"https:\/\/mercurifashion.com\/es\/wp-json\/wp\/v2\/media\/22744"}],"wp:attachment":[{"href":"https:\/\/mercurifashion.com\/es\/wp-json\/wp\/v2\/media?parent=23222"}],"wp:term":[{"taxonomy":"product_brand","embeddable":true,"href":"https:\/\/mercurifashion.com\/es\/wp-json\/wp\/v2\/product_brand?post=23222"},{"taxonomy":"product_cat","embeddable":true,"href":"https:\/\/mercurifashion.com\/es\/wp-json\/wp\/v2\/product_cat?post=23222"},{"taxonomy":"product_tag","embeddable":true,"href":"https:\/\/mercurifashion.com\/es\/wp-json\/wp\/v2\/product_tag?post=23222"}],"curies":[{"name":"wp","href":"https:\/\/api.w.org\/{rel}","templated":true}]}}