{"id":23237,"date":"2024-11-06T17:50:44","date_gmt":"2024-11-06T17:50:44","guid":{"rendered":"https:\/\/mercurifashion.com\/?post_type=product&#038;p=23237"},"modified":"2024-11-12T22:20:22","modified_gmt":"2024-11-12T22:20:22","slug":"max-mara-studio-pantalones-de-crepe-selva","status":"publish","type":"product","link":"https:\/\/mercurifashion.com\/es\/product\/max-mara-studio-pantalones-de-crepe-selva\/","title":{"rendered":"MAX MARA STUDIO: Pantalones de crep\u00e9 SELVA"},"content":{"rendered":"","protected":false},"excerpt":{"rendered":"<p>Estos pantalones de Max Mara Studio est\u00e1n confeccionados en crep\u00e9 t\u00e9cnico, con una silueta de pitillo recortada, pinzas delanteras y pliegues prensados para un aspecto refinado. Vienen con un cierre de cremallera oculto y una cintura asegurada por un bot\u00f3n y un gancho, adem\u00e1s de bolsillos franceses en los laterales y trabillas en la cintura. El dobladillo se deja sin terminar, lo que permite un ajuste personalizado.<\/p>\n<p>Color: Negro<br \/>\nAjuste: Corto, Ajustado, Pierna C\u00f3nica<br \/>\nCierre: Cremallera<\/p>\n<p><strong>Composici\u00f3n de la tela<\/strong>:<br \/>\n71% triacetato, 29% poli\u00e9ster.<\/p>\n","protected":false},"featured_media":22766,"comment_status":"open","ping_status":"closed","template":"","meta":[],"product_brand":[],"product_cat":[147,458],"product_tag":[],"class_list":{"0":"post-23237","1":"product","2":"type-product","3":"status-publish","4":"has-post-thumbnail","6":"product_cat-max-mara-es","7":"product_cat-pants-es","9":"first","10":"instock","11":"shipping-taxable","12":"purchasable","13":"product-type-variable"},"_links":{"self":[{"href":"https:\/\/mercurifashion.com\/es\/wp-json\/wp\/v2\/product\/23237","targetHints":{"allow":["GET"]}}],"collection":[{"href":"https:\/\/mercurifashion.com\/es\/wp-json\/wp\/v2\/product"}],"about":[{"href":"https:\/\/mercurifashion.com\/es\/wp-json\/wp\/v2\/types\/product"}],"replies":[{"embeddable":true,"href":"https:\/\/mercurifashion.com\/es\/wp-json\/wp\/v2\/comments?post=23237"}],"wp:featuredmedia":[{"embeddable":true,"href":"https:\/\/mercurifashion.com\/es\/wp-json\/wp\/v2\/media\/22766"}],"wp:attachment":[{"href":"https:\/\/mercurifashion.com\/es\/wp-json\/wp\/v2\/media?parent=23237"}],"wp:term":[{"taxonomy":"product_brand","embeddable":true,"href":"https:\/\/mercurifashion.com\/es\/wp-json\/wp\/v2\/product_brand?post=23237"},{"taxonomy":"product_cat","embeddable":true,"href":"https:\/\/mercurifashion.com\/es\/wp-json\/wp\/v2\/product_cat?post=23237"},{"taxonomy":"product_tag","embeddable":true,"href":"https:\/\/mercurifashion.com\/es\/wp-json\/wp\/v2\/product_tag?post=23237"}],"curies":[{"name":"wp","href":"https:\/\/api.w.org\/{rel}","templated":true}]}}