{"id":23287,"date":"2024-11-06T18:48:31","date_gmt":"2024-11-06T18:48:31","guid":{"rendered":"https:\/\/mercurifashion.com\/?post_type=product&#038;p=23287"},"modified":"2024-11-12T22:43:48","modified_gmt":"2024-11-12T22:43:48","slug":"marina-rinaldi-pantalones-verdes-dixi","status":"publish","type":"product","link":"https:\/\/mercurifashion.com\/es\/product\/marina-rinaldi-pantalones-verdes-dixi\/","title":{"rendered":"MARINA RINALDI: Pantalones verdes DIXI"},"content":{"rendered":"<p><strong>Instrucciones de cuidado<\/strong>:<br \/>\nLavar a m\u00e1quina en fr\u00edo en ciclo delicado; no usar lej\u00eda; no secar en secadora; secar en plano a la sombra; planchar a baja temperatura; no limpiar en seco.<\/p>\n","protected":false},"excerpt":{"rendered":"<p>Estos c\u00f3modos y elegantes pantalones de pierna ancha en chenilla presentan un detalle acanalado en la parte delantera, a\u00f1adiendo un toque \u00fanico a tus conjuntos. Dise\u00f1ados para ofrecer tanto elegancia como comodidad, son perfectos para a\u00f1adir originalidad a tu look. Este art\u00edculo forma parte de la colecci\u00f3n Marina Sport.<\/p>\n<p><strong>Composici\u00f3n de la tela<\/strong>:<br \/>\n95% poli\u00e9ster, 5% elastano.<\/p>\n","protected":false},"featured_media":22837,"comment_status":"open","ping_status":"closed","template":"","meta":[],"product_brand":[],"product_cat":[141,458],"product_tag":[],"class_list":{"0":"post-23287","1":"product","2":"type-product","3":"status-publish","4":"has-post-thumbnail","6":"product_cat-marina-rinaldi-es","7":"product_cat-pants-es","9":"first","10":"instock","11":"shipping-taxable","12":"purchasable","13":"product-type-variable"},"_links":{"self":[{"href":"https:\/\/mercurifashion.com\/es\/wp-json\/wp\/v2\/product\/23287","targetHints":{"allow":["GET"]}}],"collection":[{"href":"https:\/\/mercurifashion.com\/es\/wp-json\/wp\/v2\/product"}],"about":[{"href":"https:\/\/mercurifashion.com\/es\/wp-json\/wp\/v2\/types\/product"}],"replies":[{"embeddable":true,"href":"https:\/\/mercurifashion.com\/es\/wp-json\/wp\/v2\/comments?post=23287"}],"wp:featuredmedia":[{"embeddable":true,"href":"https:\/\/mercurifashion.com\/es\/wp-json\/wp\/v2\/media\/22837"}],"wp:attachment":[{"href":"https:\/\/mercurifashion.com\/es\/wp-json\/wp\/v2\/media?parent=23287"}],"wp:term":[{"taxonomy":"product_brand","embeddable":true,"href":"https:\/\/mercurifashion.com\/es\/wp-json\/wp\/v2\/product_brand?post=23287"},{"taxonomy":"product_cat","embeddable":true,"href":"https:\/\/mercurifashion.com\/es\/wp-json\/wp\/v2\/product_cat?post=23287"},{"taxonomy":"product_tag","embeddable":true,"href":"https:\/\/mercurifashion.com\/es\/wp-json\/wp\/v2\/product_tag?post=23287"}],"curies":[{"name":"wp","href":"https:\/\/api.w.org\/{rel}","templated":true}]}}