{"id":23306,"date":"2024-11-06T19:00:03","date_gmt":"2024-11-06T19:00:03","guid":{"rendered":"https:\/\/mercurifashion.com\/?post_type=product&#038;p=23306"},"modified":"2024-11-12T22:49:21","modified_gmt":"2024-11-12T22:49:21","slug":"weekend-max-mara-pantalones-hiberis-en-blanco","status":"publish","type":"product","link":"https:\/\/mercurifashion.com\/es\/product\/weekend-max-mara-pantalones-hiberis-en-blanco\/","title":{"rendered":"WEEKEND MAX MARA: Pantalones HIBERIS en blanco"},"content":{"rendered":"<p><strong>Instrucciones de cuidado<\/strong>:<br \/>\nLavar a mano en agua fr\u00eda; no usar lej\u00eda; no secar en secadora. Secar en plano a la sombra, planchar a baja temperatura con un pa\u00f1o entre el hierro y los pantalones. Limpieza en seco profesional con percloroetileno utilizando un proceso suave; evitar la limpieza en h\u00famedo y usar un detergente neutro.<\/p>\n","protected":false},"excerpt":{"rendered":"<p>Estos c\u00f3modos pantalones de Weekend Max Mara est\u00e1n confeccionados en una suave mezcla de lana con un dise\u00f1o de punto liso, ofreciendo un ajuste relajado con pu\u00f1os altos y acanalados para un acabado ajustado. La cintura el\u00e1stica acanalada asegura comodidad y facilidad de uso.<\/p>\n<p><strong>Composici\u00f3n de la tela<\/strong>:<br \/>\n40% lana, 25% poliamida, 25% viscosa, 10% cachemira.<\/p>\n","protected":false},"featured_media":22861,"comment_status":"open","ping_status":"closed","template":"","meta":[],"product_brand":[],"product_cat":[147,458],"product_tag":[],"class_list":{"0":"post-23306","1":"product","2":"type-product","3":"status-publish","4":"has-post-thumbnail","6":"product_cat-max-mara-es","7":"product_cat-pants-es","9":"first","10":"instock","11":"shipping-taxable","12":"purchasable","13":"product-type-variable"},"_links":{"self":[{"href":"https:\/\/mercurifashion.com\/es\/wp-json\/wp\/v2\/product\/23306","targetHints":{"allow":["GET"]}}],"collection":[{"href":"https:\/\/mercurifashion.com\/es\/wp-json\/wp\/v2\/product"}],"about":[{"href":"https:\/\/mercurifashion.com\/es\/wp-json\/wp\/v2\/types\/product"}],"replies":[{"embeddable":true,"href":"https:\/\/mercurifashion.com\/es\/wp-json\/wp\/v2\/comments?post=23306"}],"wp:featuredmedia":[{"embeddable":true,"href":"https:\/\/mercurifashion.com\/es\/wp-json\/wp\/v2\/media\/22861"}],"wp:attachment":[{"href":"https:\/\/mercurifashion.com\/es\/wp-json\/wp\/v2\/media?parent=23306"}],"wp:term":[{"taxonomy":"product_brand","embeddable":true,"href":"https:\/\/mercurifashion.com\/es\/wp-json\/wp\/v2\/product_brand?post=23306"},{"taxonomy":"product_cat","embeddable":true,"href":"https:\/\/mercurifashion.com\/es\/wp-json\/wp\/v2\/product_cat?post=23306"},{"taxonomy":"product_tag","embeddable":true,"href":"https:\/\/mercurifashion.com\/es\/wp-json\/wp\/v2\/product_tag?post=23306"}],"curies":[{"name":"wp","href":"https:\/\/api.w.org\/{rel}","templated":true}]}}