{"id":23317,"date":"2024-11-16T12:42:44","date_gmt":"2024-11-16T12:42:44","guid":{"rendered":"https:\/\/mercurifashion.com\/?post_type=product&#038;p=23317"},"modified":"2024-11-16T13:10:12","modified_gmt":"2024-11-16T13:10:12","slug":"marina-rinaldi-sudadera-de-terciopelo-bikini","status":"publish","type":"product","link":"https:\/\/mercurifashion.com\/es\/product\/marina-rinaldi-sudadera-de-terciopelo-bikini\/","title":{"rendered":"MARINA SPORT: Sudadera de terciopelo BIKINI"},"content":{"rendered":"<p><strong>Instrucciones de cuidado<\/strong>:<br \/>\nLavar a m\u00e1quina en ciclo delicado con agua fr\u00eda; no usar lej\u00eda; no usar secadora; secar en plano a la sombra; planchar a baja temperatura; no limpiar en seco. Aseg\u00farese de que la prenda est\u00e9 cerrada antes de lavarla.<\/p>\n<ul>\n<li>Tejido suave de terciopelo<\/li>\n<li>Corte recto relajado<\/li>\n<li>Capucha con cord\u00f3n ajustable<\/li>\n<li>Cierre frontal con cremallera<\/li>\n<li>Mangas largas con pu\u00f1os<\/li>\n<li>Bolsillos funcionales<\/li>\n<li>Aberturas laterales favorecedoras<\/li>\n<li>Dobladillo asim\u00e9trico moderno<\/li>\n<\/ul>\n","protected":false},"excerpt":{"rendered":"<p>Mejora tu armario casual con esta elegante sudadera de terciopelo de Marina Rinaldi. Perfecta para un estilo relajado, comb\u00ednala con los pantalones a juego para un look coordinado. Esta sudadera forma parte de la estilosa colecci\u00f3n Marina Sport.<\/p>\n<p><strong>Composici\u00f3n del tejido<\/strong>:<br \/>\n95% poli\u00e9ster, 5% elastano<\/p>\n","protected":false},"featured_media":23338,"comment_status":"open","ping_status":"closed","template":"","meta":[],"product_brand":[],"product_cat":[141,465],"product_tag":[],"class_list":{"0":"post-23317","1":"product","2":"type-product","3":"status-publish","4":"has-post-thumbnail","6":"product_cat-marina-rinaldi-es","7":"product_cat-sweatshirts-es","9":"first","10":"instock","11":"shipping-taxable","12":"purchasable","13":"product-type-variable"},"_links":{"self":[{"href":"https:\/\/mercurifashion.com\/es\/wp-json\/wp\/v2\/product\/23317","targetHints":{"allow":["GET"]}}],"collection":[{"href":"https:\/\/mercurifashion.com\/es\/wp-json\/wp\/v2\/product"}],"about":[{"href":"https:\/\/mercurifashion.com\/es\/wp-json\/wp\/v2\/types\/product"}],"replies":[{"embeddable":true,"href":"https:\/\/mercurifashion.com\/es\/wp-json\/wp\/v2\/comments?post=23317"}],"wp:featuredmedia":[{"embeddable":true,"href":"https:\/\/mercurifashion.com\/es\/wp-json\/wp\/v2\/media\/23338"}],"wp:attachment":[{"href":"https:\/\/mercurifashion.com\/es\/wp-json\/wp\/v2\/media?parent=23317"}],"wp:term":[{"taxonomy":"product_brand","embeddable":true,"href":"https:\/\/mercurifashion.com\/es\/wp-json\/wp\/v2\/product_brand?post=23317"},{"taxonomy":"product_cat","embeddable":true,"href":"https:\/\/mercurifashion.com\/es\/wp-json\/wp\/v2\/product_cat?post=23317"},{"taxonomy":"product_tag","embeddable":true,"href":"https:\/\/mercurifashion.com\/es\/wp-json\/wp\/v2\/product_tag?post=23317"}],"curies":[{"name":"wp","href":"https:\/\/api.w.org\/{rel}","templated":true}]}}