{"id":23689,"date":"2024-11-17T17:35:02","date_gmt":"2024-11-17T17:35:02","guid":{"rendered":"https:\/\/mercurifashion.com\/?post_type=product&#038;p=23689"},"modified":"2024-11-17T17:46:20","modified_gmt":"2024-11-17T17:46:20","slug":"max-mara-studio-abrigo-marron-de-alpaca-y-lana-usa","status":"publish","type":"product","link":"https:\/\/mercurifashion.com\/es\/product\/max-mara-studio-abrigo-marron-de-alpaca-y-lana-usa\/","title":{"rendered":"MAX MARA STUDIO: Abrigo marr\u00f3n de alpaca y lana USA"},"content":{"rendered":"<p><strong>Abrigo estilo bata para mujer:<\/strong><br \/>\nMezcla de alpaca y lana virgen<br \/>\nMangas largas tipo kimono<br \/>\nCierre delantero con cintur\u00f3n<br \/>\nCuello chal en forma de V<br \/>\nBolsillos laterales<br \/>\nAcabado con costura a medida<br \/>\nForrado<br \/>\nAjuste regular<br \/>\nColor: Marr\u00f3n  <\/p>\n","protected":false},"excerpt":{"rendered":"<p>Este abrigo marr\u00f3n de Max Mara Studio combina alpaca y lana virgen. Con cierre de cintur\u00f3n, mangas tipo kimono y cuello chal en forma de V, est\u00e1 dise\u00f1ado con un acabado elegante y forrado para mayor comodidad. Ofrece un look atemporal con ajuste regular.<\/p>\n<p><strong>Composici\u00f3n<\/strong>:<br \/>\n70% alpaca, 30% lana virgen<br \/>\nForro: 100% viscosa<\/p>\n","protected":false},"featured_media":23710,"comment_status":"open","ping_status":"closed","template":"","meta":[],"product_brand":[],"product_cat":[209,147],"product_tag":[],"class_list":{"0":"post-23689","1":"product","2":"type-product","3":"status-publish","4":"has-post-thumbnail","6":"product_cat-coat","7":"product_cat-max-mara-es","9":"first","10":"instock","11":"sale","12":"featured","13":"shipping-taxable","14":"purchasable","15":"product-type-variable"},"_links":{"self":[{"href":"https:\/\/mercurifashion.com\/es\/wp-json\/wp\/v2\/product\/23689","targetHints":{"allow":["GET"]}}],"collection":[{"href":"https:\/\/mercurifashion.com\/es\/wp-json\/wp\/v2\/product"}],"about":[{"href":"https:\/\/mercurifashion.com\/es\/wp-json\/wp\/v2\/types\/product"}],"replies":[{"embeddable":true,"href":"https:\/\/mercurifashion.com\/es\/wp-json\/wp\/v2\/comments?post=23689"}],"wp:featuredmedia":[{"embeddable":true,"href":"https:\/\/mercurifashion.com\/es\/wp-json\/wp\/v2\/media\/23710"}],"wp:attachment":[{"href":"https:\/\/mercurifashion.com\/es\/wp-json\/wp\/v2\/media?parent=23689"}],"wp:term":[{"taxonomy":"product_brand","embeddable":true,"href":"https:\/\/mercurifashion.com\/es\/wp-json\/wp\/v2\/product_brand?post=23689"},{"taxonomy":"product_cat","embeddable":true,"href":"https:\/\/mercurifashion.com\/es\/wp-json\/wp\/v2\/product_cat?post=23689"},{"taxonomy":"product_tag","embeddable":true,"href":"https:\/\/mercurifashion.com\/es\/wp-json\/wp\/v2\/product_tag?post=23689"}],"curies":[{"name":"wp","href":"https:\/\/api.w.org\/{rel}","templated":true}]}}