{"id":24523,"date":"2025-01-08T15:57:00","date_gmt":"2025-01-08T15:57:00","guid":{"rendered":"https:\/\/mercurifashion.com\/?post_type=product&#038;p=24523"},"modified":"2025-01-08T16:19:41","modified_gmt":"2025-01-08T16:19:41","slug":"ladenac-vela-aromatica-en-forma-de-huevo-diseno-arlequin-azul-y-blanco","status":"publish","type":"product","link":"https:\/\/mercurifashion.com\/es\/product\/ladenac-vela-aromatica-en-forma-de-huevo-diseno-arlequin-azul-y-blanco\/","title":{"rendered":"LADENAC: Vela arom\u00e1tica en forma de huevo, dise\u00f1o arlequ\u00edn azul y blanco"},"content":{"rendered":"<p>Sum\u00e9rjase en el lujo de las exquisitas velas arom\u00e1ticas de LADENAC. Estas velas \u00fanicas no solo son un accesorio elegante para el hogar, sino tambi\u00e9n el regalo perfecto para reci\u00e9n casados, aniversarios, cumplea\u00f1os o celebraciones de bodas. Elaboradas con materiales de alta calidad, las velas LADENAC est\u00e1n dise\u00f1adas por los mejores perfumistas y dise\u00f1adores. Cada pieza cuenta con un sofisticado cuerpo de cer\u00e1mica, pintado a mano con oro de 18 quilates y adornado con cristales. Las velas encantan con aromas ricos y complejos que llenan el hogar de una atm\u00f3sfera de elegancia y calidez.<\/p>\n","protected":false},"excerpt":{"rendered":"<p>Dise\u00f1o arlequ\u00edn azul y blanco en forma de huevo, tiempo de combusti\u00f3n \u2014 55 horas.<br \/>\nAroma de madera de s\u00e1ndalo y nuez moscada.<br \/>\n<strong>Colecci\u00f3n:<\/strong> Bois de Russie.<br \/>\nPeso: 220 g.<\/p>\n","protected":false},"featured_media":24534,"comment_status":"closed","ping_status":"closed","template":"","meta":[],"product_brand":[],"product_cat":[479,493],"product_tag":[],"class_list":{"0":"post-24523","1":"product","2":"type-product","3":"status-publish","4":"has-post-thumbnail","6":"product_cat-interior-es","7":"product_cat-ladenac-es","9":"first","10":"instock","11":"shipping-taxable","12":"purchasable","13":"product-type-simple"},"_links":{"self":[{"href":"https:\/\/mercurifashion.com\/es\/wp-json\/wp\/v2\/product\/24523","targetHints":{"allow":["GET"]}}],"collection":[{"href":"https:\/\/mercurifashion.com\/es\/wp-json\/wp\/v2\/product"}],"about":[{"href":"https:\/\/mercurifashion.com\/es\/wp-json\/wp\/v2\/types\/product"}],"replies":[{"embeddable":true,"href":"https:\/\/mercurifashion.com\/es\/wp-json\/wp\/v2\/comments?post=24523"}],"wp:featuredmedia":[{"embeddable":true,"href":"https:\/\/mercurifashion.com\/es\/wp-json\/wp\/v2\/media\/24534"}],"wp:attachment":[{"href":"https:\/\/mercurifashion.com\/es\/wp-json\/wp\/v2\/media?parent=24523"}],"wp:term":[{"taxonomy":"product_brand","embeddable":true,"href":"https:\/\/mercurifashion.com\/es\/wp-json\/wp\/v2\/product_brand?post=24523"},{"taxonomy":"product_cat","embeddable":true,"href":"https:\/\/mercurifashion.com\/es\/wp-json\/wp\/v2\/product_cat?post=24523"},{"taxonomy":"product_tag","embeddable":true,"href":"https:\/\/mercurifashion.com\/es\/wp-json\/wp\/v2\/product_tag?post=24523"}],"curies":[{"name":"wp","href":"https:\/\/api.w.org\/{rel}","templated":true}]}}