{"id":25020,"date":"2025-10-06T16:53:03","date_gmt":"2025-10-06T16:53:03","guid":{"rendered":"https:\/\/mercurifashion.com\/?post_type=product&#038;p=25020"},"modified":"2025-10-06T17:16:28","modified_gmt":"2025-10-06T17:16:28","slug":"max-mara-studio-falda-oxiria","status":"publish","type":"product","link":"https:\/\/mercurifashion.com\/es\/product\/max-mara-studio-falda-oxiria\/","title":{"rendered":"MAX MARA STUDIO: Falda OXIRIA"},"content":{"rendered":"<ul>\n<li>Dise\u00f1o evas\u00e9<\/li>\n<li>Color verde militar liso<\/li>\n<li>Cierre delantero con cremallera y doble bot\u00f3n dorado a presi\u00f3n<\/li>\n<li>Dos bolsillos laterales<\/li>\n<\/ul>\n","protected":false},"excerpt":{"rendered":"<p>La falda evas\u00e9 Oxiria de la colecci\u00f3n Primavera\/Verano 2025 de Max Mara Studio refleja una feminidad moderna con un toque refinado. Confeccionada en algod\u00f3n excepcionalmente suave, presenta un luminoso tono verde militar que aporta vitalidad y elegancia. Una prenda vers\u00e1til que pasa sin esfuerzo del d\u00eda a la noche.<\/p>\n<p>Color: KHAKI<br \/>\nComposici\u00f3n del tejido:<br \/>\n100 % algod\u00f3n.<\/p>\n","protected":false},"featured_media":25053,"comment_status":"open","ping_status":"closed","template":"","meta":[],"product_brand":[],"product_cat":[451,147],"product_tag":[],"class_list":{"0":"post-25020","1":"product","2":"type-product","3":"status-publish","4":"has-post-thumbnail","6":"product_cat-skirts-es","7":"product_cat-max-mara-es","9":"first","10":"instock","11":"shipping-taxable","12":"purchasable","13":"product-type-variable"},"_links":{"self":[{"href":"https:\/\/mercurifashion.com\/es\/wp-json\/wp\/v2\/product\/25020","targetHints":{"allow":["GET"]}}],"collection":[{"href":"https:\/\/mercurifashion.com\/es\/wp-json\/wp\/v2\/product"}],"about":[{"href":"https:\/\/mercurifashion.com\/es\/wp-json\/wp\/v2\/types\/product"}],"replies":[{"embeddable":true,"href":"https:\/\/mercurifashion.com\/es\/wp-json\/wp\/v2\/comments?post=25020"}],"wp:featuredmedia":[{"embeddable":true,"href":"https:\/\/mercurifashion.com\/es\/wp-json\/wp\/v2\/media\/25053"}],"wp:attachment":[{"href":"https:\/\/mercurifashion.com\/es\/wp-json\/wp\/v2\/media?parent=25020"}],"wp:term":[{"taxonomy":"product_brand","embeddable":true,"href":"https:\/\/mercurifashion.com\/es\/wp-json\/wp\/v2\/product_brand?post=25020"},{"taxonomy":"product_cat","embeddable":true,"href":"https:\/\/mercurifashion.com\/es\/wp-json\/wp\/v2\/product_cat?post=25020"},{"taxonomy":"product_tag","embeddable":true,"href":"https:\/\/mercurifashion.com\/es\/wp-json\/wp\/v2\/product_tag?post=25020"}],"curies":[{"name":"wp","href":"https:\/\/api.w.org\/{rel}","templated":true}]}}