{"id":26519,"date":"2025-10-14T16:54:42","date_gmt":"2025-10-14T16:54:42","guid":{"rendered":"https:\/\/mercurifashion.com\/?post_type=product&#038;p=26519"},"modified":"2025-10-14T17:26:06","modified_gmt":"2025-10-14T17:26:06","slug":"chaqueta-corta-mina-de-drapeado-doble-en-color-camel","status":"publish","type":"product","link":"https:\/\/mercurifashion.com\/es\/product\/chaqueta-corta-mina-de-drapeado-doble-en-color-camel\/","title":{"rendered":"MAX MARA STUDIO: Chaqueta corta MINA de drapeado doble en color camel"},"content":{"rendered":"<p><strong>Instrucciones de cuidado:<\/strong><\/p>\n<ul>\n<li><strong>Solo limpieza en seco profesional:<\/strong> Debido a la delicada mezcla de lana virgen, seda y cachemir, se recomienda la limpieza profesional para mantener la calidad y la forma de la prenda.<\/li>\n<li>No lavar a m\u00e1quina.<\/li>\n<li>No usar lej\u00eda.<\/li>\n<li>No secar en secadora.<\/li>\n<li>Planchar a baja temperatura (si es necesario, usar pa\u00f1o y calor suave).<\/li>\n<\/ul>\n","protected":false},"excerpt":{"rendered":"<p>Esta chaqueta de lujo redefine la elegancia casual gracias a su sofisticada combinaci\u00f3n de fibras naturales premium. Cuidada hasta el \u00faltimo detalle con costuras hechas a mano, ofrece una textura suave, c\u00e1lida y un aspecto refinado.<br \/>\nConfeccionada con una rica mezcla de lana virgen, seda y cachemir, presenta un corte recto y relajado con hombros ca\u00eddos que aportan un aire desenfadado. Cuenta con capucha ajustable con cord\u00f3n y cierre delantero con cremallera. Los detalles distintivos incluyen un bolsillo redondeado en el pecho, bajo curvado y peque\u00f1as aberturas laterales para facilitar el movimiento. El color camel cl\u00e1sico la convierte en una prenda vers\u00e1til para m\u00faltiples combinaciones.<\/p>\n<p><strong>Composici\u00f3n del tejido:<\/strong><\/p>\n<ul>\n<li>Lana virgen: 88%<\/li>\n<li>Seda: 6%<\/li>\n<li>Cachemir: 6%<\/li>\n<\/ul>\n","protected":false},"featured_media":26563,"comment_status":"open","ping_status":"closed","template":"","meta":[],"product_brand":[],"product_cat":[165,147],"product_tag":[],"class_list":{"0":"post-26519","1":"product","2":"type-product","3":"status-publish","4":"has-post-thumbnail","6":"product_cat-chaquetas","7":"product_cat-max-mara-es","9":"first","10":"outofstock","11":"shipping-taxable","12":"purchasable","13":"product-type-variable"},"_links":{"self":[{"href":"https:\/\/mercurifashion.com\/es\/wp-json\/wp\/v2\/product\/26519","targetHints":{"allow":["GET"]}}],"collection":[{"href":"https:\/\/mercurifashion.com\/es\/wp-json\/wp\/v2\/product"}],"about":[{"href":"https:\/\/mercurifashion.com\/es\/wp-json\/wp\/v2\/types\/product"}],"replies":[{"embeddable":true,"href":"https:\/\/mercurifashion.com\/es\/wp-json\/wp\/v2\/comments?post=26519"}],"wp:featuredmedia":[{"embeddable":true,"href":"https:\/\/mercurifashion.com\/es\/wp-json\/wp\/v2\/media\/26563"}],"wp:attachment":[{"href":"https:\/\/mercurifashion.com\/es\/wp-json\/wp\/v2\/media?parent=26519"}],"wp:term":[{"taxonomy":"product_brand","embeddable":true,"href":"https:\/\/mercurifashion.com\/es\/wp-json\/wp\/v2\/product_brand?post=26519"},{"taxonomy":"product_cat","embeddable":true,"href":"https:\/\/mercurifashion.com\/es\/wp-json\/wp\/v2\/product_cat?post=26519"},{"taxonomy":"product_tag","embeddable":true,"href":"https:\/\/mercurifashion.com\/es\/wp-json\/wp\/v2\/product_tag?post=26519"}],"curies":[{"name":"wp","href":"https:\/\/api.w.org\/{rel}","templated":true}]}}