{"id":21407,"date":"2024-08-31T09:50:47","date_gmt":"2024-08-31T09:50:47","guid":{"rendered":"https:\/\/mercurifashion.com\/?page_id=21407"},"modified":"2024-08-31T10:03:34","modified_gmt":"2024-08-31T10:03:34","slug":"cookie-policy","status":"publish","type":"page","link":"https:\/\/mercurifashion.com\/fr\/cookie-policy\/","title":{"rendered":"Politique d&rsquo;utilisation des cookies"},"content":{"rendered":"<h2>Politique d&rsquo;utilisation des cookies<\/h2>\n<p><strong>Date d&rsquo;entr\u00e9e en vigueur : 31\/08\/2024<\/strong><\/p>\n<h3>Quels types de cookies le site MercuriFashion.com utilise-t-il ?<\/h3>\n<p>Les cookies nous aident \u00e0 am\u00e9liorer votre exp\u00e9rience en nous fournissant des informations sur la mani\u00e8re dont le site est utilis\u00e9. Nos cookies ne stockent pas d&rsquo;informations financi\u00e8res ou d&rsquo;autres informations personnelles telles que votre nom ou votre adresse e-mail.<\/p>\n<p>En plus de nos propres cookies, nous utilisons des outils tiers qui utilisent \u00e9galement des cookies.<\/p>\n<p>Un avis sur notre site fournit un lien vers notre politique en mati\u00e8re de cookies. Si vous continuez \u00e0 utiliser le site MercuriFashion.com, nous supposerons que vous consentez \u00e0 l&rsquo;utilisation des cookies \u00e0 cette fin.<\/p>\n<p>Si, apr\u00e8s avoir lu ces informations, vous avez des questions ou des pr\u00e9occupations concernant notre politique en mati\u00e8re de cookies, veuillez nous contacter \u00e0 <a href=\"mailto:support@mercurifashion.com\">support@mercurifashion.com<\/a> ou lire notre <a href=\"https:\/\/mercurifashion.com\/privacy-policy\/\">Politique de confidentialit\u00e9<\/a>.<\/p>\n<h3>Nous utilisons les diff\u00e9rents types de cookies list\u00e9s ci-dessous :<\/h3>\n<h3>Types de cookies et comment nous les utilisons<\/h3>\n<h4>Strictement n\u00e9cessaires<\/h4>\n<p>Ces cookies sont essentiels au fonctionnement de nos sites web. Par exemple, ils suivent ce que vous avez dans votre panier, vous identifient comme connect\u00e9 au site et nous permettent de vous reconna\u00eetre en tant que client. Si vous bloquez ces cookies, nous ne pouvons pas garantir que le site fonctionnera correctement.<\/p>\n<h4>Performance<\/h4>\n<p>Nous utilisons ces cookies pour analyser comment nos visiteurs utilisent nos sites web et pour surveiller les performances du site. Par exemple, nous pouvons les utiliser pour suivre quelles pages sont les plus populaires, pour tester la conception et la convivialit\u00e9 des nouvelles pages web, et pour d\u00e9terminer pourquoi certaines pages g\u00e9n\u00e8rent des messages d&rsquo;erreur.<\/p>\n<h4>Fonctionnalit\u00e9<\/h4>\n<p>Nous utilisons des cookies de fonctionnalit\u00e9 pour m\u00e9moriser les choix que vous faites, tels que l&rsquo;\u00e9dition r\u00e9gionale du site que vous souhaitez voir lorsque vous vous connectez. Ces cookies se souviennent de toutes les personnalisations que vous effectuez sur les pages du site lors de votre visite. Si vous bloquez ces cookies, certaines fonctionnalit\u00e9s et services peuvent \u00eatre affect\u00e9s et nous ne pouvons pas garantir comment le site fonctionnera lors de votre visite.<\/p>\n<h4>Marketing<\/h4>\n<p>Ces cookies sont utilis\u00e9s pour suivre les habitudes de navigation et les activit\u00e9s de nos visiteurs sur nos sites web. Ils peuvent \u00eatre utilis\u00e9s pour cr\u00e9er un profil d&rsquo;historique de recherche et\/ou de navigation pour chaque visiteur. Des informations identifiables ou uniques peuvent \u00eatre collect\u00e9es. Des informations anonymes peuvent \u00eatre partag\u00e9es avec des tiers. Ces informations sont li\u00e9es \u00e0 la fonctionnalit\u00e9 du site fournie par d&rsquo;autres sites web et peuvent \u00eatre partag\u00e9es avec d&rsquo;autres organisations (comme des r\u00e9seaux publicitaires).<\/p>\n<h4>Tiers<\/h4>\n<p>Nous utilisons \u00e9galement ou permettons \u00e0 des tiers d&rsquo;utiliser des cookies qui appartiennent aux quatre cat\u00e9gories ci-dessus. Par exemple, comme de nombreuses entreprises, nous utilisons Google Analytics pour nous aider \u00e0 surveiller le trafic de notre site web. Nous pouvons \u00e9galement utiliser des cookies tiers pour nous aider dans les \u00e9tudes de march\u00e9, le suivi des ventes, l&rsquo;am\u00e9lioration de la fonctionnalit\u00e9 du site et le suivi de la conformit\u00e9 avec nos termes et conditions.<\/p>\n<h3>Comment puis-je contr\u00f4ler mes cookies ?<\/h3>\n<p>Vous pouvez g\u00e9rer les cookies que nous stockons sur notre site web \u00e0 tout moment via les param\u00e8tres de votre navigateur Internet. Pour plus d&rsquo;informations sur la mani\u00e8re de proc\u00e9der et sur les cookies en g\u00e9n\u00e9ral, veuillez visiter <a href=\"https:\/\/ico.org.uk\/for-the-public\/online\/cookies\/\">https:\/\/ico.org.uk\/for-the-public\/online\/cookies\/<\/a> et <a href=\"https:\/\/www.youronlinechoices.eu\">https:\/\/www.youronlinechoices.eu<\/a>.<\/p>\n<p>Veuillez noter que si vous d\u00e9sactivez tous les cookies, votre exp\u00e9rience sur notre site sera affect\u00e9e, certaines fonctionnalit\u00e9s seront r\u00e9duites, et votre exp\u00e9rience globale sur MercuriFashion.com sera moins bonne.<\/p>\n<p>Cette politique vous fournit toutes les informations dont vous avez besoin sur notre utilisation des cookies. Si vous \u00eates mal \u00e0 l&rsquo;aise avec ces cookies, veuillez nous contacter pour plus d&rsquo;informations ou utilisez les directives ci-dessus pour les d\u00e9sactiver.<\/p>\n<p><em>Note : Cette politique de cookies est con\u00e7ue pour se conformer au R\u00e8glement g\u00e9n\u00e9ral sur la protection des donn\u00e9es (RGPD) de l&rsquo;UE et \u00e0 la l\u00e9gislation de la R\u00e9publique de Saint-Marin. Elle fournit des informations d\u00e9taill\u00e9es sur l&rsquo;utilisation des cookies sur notre site web et offre des conseils sur la mani\u00e8re dont les utilisateurs peuvent g\u00e9rer leurs pr\u00e9f\u00e9rences conform\u00e9ment aux lois applicables.<\/em><\/p>\n","protected":false},"excerpt":{"rendered":"<p>Politique d&rsquo;utilisation des cookies Date d&rsquo;entr\u00e9e en vigueur : 31\/08\/2024 Quels types de cookies le site MercuriFashion.com utilise-t-il ? Les<\/p>\n","protected":false},"author":2,"featured_media":0,"parent":0,"menu_order":0,"comment_status":"closed","ping_status":"closed","template":"","meta":{"footnotes":""},"class_list":["post-21407","page","type-page","status-publish","hentry"],"_links":{"self":[{"href":"https:\/\/mercurifashion.com\/fr\/wp-json\/wp\/v2\/pages\/21407","targetHints":{"allow":["GET"]}}],"collection":[{"href":"https:\/\/mercurifashion.com\/fr\/wp-json\/wp\/v2\/pages"}],"about":[{"href":"https:\/\/mercurifashion.com\/fr\/wp-json\/wp\/v2\/types\/page"}],"author":[{"embeddable":true,"href":"https:\/\/mercurifashion.com\/fr\/wp-json\/wp\/v2\/users\/2"}],"replies":[{"embeddable":true,"href":"https:\/\/mercurifashion.com\/fr\/wp-json\/wp\/v2\/comments?post=21407"}],"version-history":[{"count":1,"href":"https:\/\/mercurifashion.com\/fr\/wp-json\/wp\/v2\/pages\/21407\/revisions"}],"predecessor-version":[{"id":21408,"href":"https:\/\/mercurifashion.com\/fr\/wp-json\/wp\/v2\/pages\/21407\/revisions\/21408"}],"wp:attachment":[{"href":"https:\/\/mercurifashion.com\/fr\/wp-json\/wp\/v2\/media?parent=21407"}],"curies":[{"name":"wp","href":"https:\/\/api.w.org\/{rel}","templated":true}]}}