{"id":21478,"date":"2024-09-03T16:57:07","date_gmt":"2024-09-03T16:57:07","guid":{"rendered":"https:\/\/mercurifashion.com\/?page_id=21478"},"modified":"2024-09-03T18:28:36","modified_gmt":"2024-09-03T18:28:36","slug":"terms-and-%d1%81onditions","status":"publish","type":"page","link":"https:\/\/mercurifashion.com\/fr\/terms-and-%d1%81onditions\/","title":{"rendered":"Conditions G\u00e9n\u00e9rales"},"content":{"rendered":"<h2>Conditions G\u00e9n\u00e9rales<\/h2>\n<p><strong>Date d&rsquo;entr\u00e9e en vigueur : 3 septembre 2024<\/strong><\/p>\n<hr>\n<h3>Introduction<\/h3>\n<p>Dans ce document, \u00ab Nous \u00bb, \u00ab Notre \u00bb et \u00ab Nos \u00bb d\u00e9signent MERCURI SRL, une soci\u00e9t\u00e9 enregistr\u00e9e en R\u00e9publique de Saint-Marin sous le num\u00e9ro d&rsquo;immatriculation SM23995, dont le si\u00e8ge social est situ\u00e9 Via Tre Settembre, 174, 47891 Dogana, R\u00e9publique de Saint-Marin.<\/p>\n<p>Le Site Web (tel que d\u00e9fini ci-dessous) se compose de deux composants principaux :<\/p>\n<ul>\n<li>Un site institutionnel g\u00e9r\u00e9 par MERCURI SRL, avec si\u00e8ge social \u00e0 Via Tre Settembre, 174, 47891 Dogana, R\u00e9publique de Saint-Marin, Tel. +378 0549 972183, C.O.E. SM23995, qui est autoris\u00e9 \u00e0 utiliser le nom de domaine mercurifashion.com ;<\/li>\n<li>Une boutique en ligne, \u00e9galement g\u00e9r\u00e9e par MERCURI SRL, qui vend des produits MERCURI directement aux consommateurs en ligne.<\/li>\n<\/ul>\n<h3>Champ d&rsquo;application<\/h3>\n<p>Ces conditions g\u00e9n\u00e9rales (les \u00ab Conditions \u00bb) r\u00e9gissent votre utilisation et votre acc\u00e8s au site web mercurifashion.com (le \u00ab Site Web \u00bb) ainsi que toutes les transactions de vente \u00e0 distance effectu\u00e9es via le Site Web. Veuillez lire attentivement ces Conditions avant d&rsquo;utiliser ou d&rsquo;acc\u00e9der au Site et avant de passer toute commande sur notre Site. En acc\u00e9dant ou en utilisant le Site, y compris en effectuant un achat via le Site, vous acceptez d&rsquo;\u00eatre li\u00e9 par ces Conditions.<\/p>\n<p>Ces Conditions sont en vigueur \u00e0 compter de la date indiqu\u00e9e ci-dessus et resteront en vigueur tant qu&rsquo;elles seront publi\u00e9es sur le Site. Nous nous r\u00e9servons le droit de modifier et de mettre \u00e0 jour ces Conditions \u00e0 tout moment et \u00e0 notre seule discr\u00e9tion. Toute modification de ces Conditions sera publi\u00e9e sur le Site, et les Conditions mises \u00e0 jour ne s&rsquo;appliqueront qu&rsquo;aux commandes pass\u00e9es apr\u00e8s leur publication. Nous vous recommandons de sauvegarder ou d&rsquo;imprimer une copie de ces Conditions pour vos dossiers.<\/p>\n<h3>Commandes de produits et conclusion du contrat<\/h3>\n<p>La pr\u00e9sentation des produits sur le Site Web est destin\u00e9e \u00e0 inviter \u00e0 faire une offre. Les commandes peuvent \u00eatre pass\u00e9es via le Site en s\u00e9lectionnant une image de produit et en suivant les \u00e9tapes et instructions fournies. Pour modifier ou corriger une commande, veuillez suivre les instructions disponibles sur le Site. Le montant total d&rsquo;une commande unique ne peut pas d\u00e9passer 10 000 \u20ac.<\/p>\n<p>En cliquant sur le bouton \u00ab\u00a0Acheter maintenant\u00a0\u00bb, votre commande sera envoy\u00e9e et stock\u00e9e dans la base de donn\u00e9es de MERCURI SRL pour la dur\u00e9e requise par la l\u00e9gislation applicable. L&rsquo;envoi de votre commande est consid\u00e9r\u00e9 comme une proposition de conclure un contrat de vente. \u00c0 r\u00e9ception de votre commande, MERCURI SRL vous enverra un e-mail contenant le num\u00e9ro de commande et les d\u00e9tails des produits command\u00e9s, y compris leurs prix, l&rsquo;adresse de livraison, les m\u00e9thodes de paiement et les d\u00e9lais de livraison estim\u00e9s. Cet e-mail sert de confirmation de r\u00e9ception de votre commande et ne constitue pas une acceptation de votre proposition d&rsquo;achat. \u00c0 r\u00e9ception de votre commande, MERCURI SRL v\u00e9rifiera la disponibilit\u00e9 des produits command\u00e9s et l&rsquo;exactitude des informations fournies par vous. Le contrat de vente entre vous et MERCURI SRL ne sera conclu que lorsque nous vous enverrons un e-mail s\u00e9par\u00e9 confirmant l&rsquo;acceptation de votre proposition d&rsquo;achat et\/ou l&rsquo;exp\u00e9dition des produits command\u00e9s.<\/p>\n<p>Votre commande peut \u00eatre refus\u00e9e dans les cas suivants :<\/p>\n<ul>\n<li>(i) s&rsquo;il y a une erreur dans les informations que vous nous avez fournies,<\/li>\n<li>(ii) si les produits command\u00e9s ne sont pas en stock,<\/li>\n<li>(iii) si les garanties de cr\u00e9dit sont insuffisantes,<\/li>\n<li>(iv) si la commande d\u00e9passe les besoins normaux de consommation (que ce soit en raison de la quantit\u00e9 de produits dans une seule commande ou de commandes multiples du m\u00eame produit, m\u00eame si chaque commande r\u00e9pond aux besoins typiques de consommation) ; ou<\/li>\n<li>(v) si un \u00e9v\u00e9nement hors de notre contr\u00f4le provoque un retard dans la disponibilit\u00e9 du produit.<\/li>\n<\/ul>\n<p>Si votre commande ne peut \u00eatre accept\u00e9e, MERCURI SRL vous en informera dans les 10 (dix) jours suivant la date de r\u00e9ception de votre commande, et tout paiement effectu\u00e9 sera rembours\u00e9 rapidement.<\/p>\n<h3>Tarification des produits<\/h3>\n<p>Le prix affich\u00e9 sur le site web pour chaque produit se r\u00e9f\u00e8re \u00e0 l&rsquo;article individuel, exprim\u00e9 en euros et inclut les frais de livraison.<\/p>\n<h3>Conditions de paiement<\/h3>\n<p>Les paiements peuvent \u00eatre effectu\u00e9s par carte de cr\u00e9dit ou PayPal.<\/p>\n<p>Nous acceptons les cartes de cr\u00e9dit suivantes :<\/p>\n<ul>\n<li>Visa\/Visa Electron<\/li>\n<li>Mastercard<\/li>\n<li>American Express<\/li>\n<li>Diners Club International<\/li>\n<li>Maestro International<\/li>\n<\/ul>\n<p>Le montant total de la commande sera d\u00e9bit\u00e9 de votre carte de cr\u00e9dit ou de votre compte PayPal lorsque vous enverrez votre commande \u00e0 MERCURI SRL (en s\u00e9lectionnant \u00ab\u00a0Acheter maintenant\u00a0\u00bb), avec l&rsquo;acceptation simultan\u00e9e de votre commande par MERCURI SRL et le d\u00e9but de la pr\u00e9paration du produit pour l&rsquo;exp\u00e9dition. Afin de pr\u00e9venir la fraude en ligne, tous les paiements effectu\u00e9s via le site web sont trait\u00e9s en ligne par la banque qui g\u00e8re votre carte de cr\u00e9dit en utilisant les services fournis par PayPal. PayPal et ses affili\u00e9s sont responsables du stockage s\u00e9curis\u00e9 et du traitement de toutes les informations relatives \u00e0 la commande, y compris les d\u00e9tails de la carte de cr\u00e9dit, dans un environnement s\u00e9curis\u00e9.<\/p>\n<p>Pour effectuer un paiement, vous devez :<\/p>\n<ul>\n<li>Pour les paiements par carte de cr\u00e9dit, confirmer les informations du titulaire de la carte utilis\u00e9es pour effectuer l&rsquo;achat sur le site, puis saisir le num\u00e9ro de carte \u00e0 16 chiffres, la date d&rsquo;expiration et le code de s\u00e9curit\u00e9.<\/li>\n<li>Pour les paiements PayPal, entrez vos informations de connexion sur la page PayPal \u00e0 laquelle vous \u00eates automatiquement redirig\u00e9 et suivez les instructions pour compl\u00e9ter le paiement.<\/li>\n<\/ul>\n<p>Lors du processus d&rsquo;achat, MERCURI SRL peut stocker un code de confirmation li\u00e9 \u00e0 votre compte PayPal, vous permettant de l&rsquo;utiliser exclusivement pour de futurs achats ou pour remplacer des biens achet\u00e9s pr\u00e9c\u00e9demment sans avoir \u00e0 ressaisir vos informations PayPal. Vous pouvez r\u00e9voquer cette autorisation \u00e0 tout moment via votre \u00ab\u00a0Mon Compte\u00a0\u00bb en le demandant express\u00e9ment au Service Client (support@mercurifashion.com) ou directement depuis votre compte PayPal. PayPal peut vous demander de ressaisir vos identifiants si PayPal soup\u00e7onne une activit\u00e9 non autoris\u00e9e en rapport avec votre compte PayPal.<\/p>\n<p>Le processus de commande est consid\u00e9r\u00e9 comme complet lorsque les transactions de paiement sont termin\u00e9es et que vous \u00eates redirig\u00e9 vers le site web pour confirmer l&rsquo;acceptation de votre commande.<\/p>\n<p>Si votre pr\u00e9l\u00e8vement n&rsquo;est pas accept\u00e9 en raison d&rsquo;une saisie incorrecte des donn\u00e9es ou d&rsquo;autres raisons techniques signal\u00e9es par le prestataire de services de paiement, vous ne pourrez pas utiliser l&rsquo;option \u00ab\u00a0Acheter maintenant\u00a0\u00bb. Si vous choisissez de quitter la page de paiement comme indiqu\u00e9 par l&rsquo;administrateur du service, vous serez redirig\u00e9 vers le site web vous informant que la commande ne peut \u00eatre compl\u00e9t\u00e9e.<\/p>\n<p>La propri\u00e9t\u00e9 des Produits vous est transf\u00e9r\u00e9e lorsque nous livrons les Produits \u00e0 l&rsquo;adresse que vous avez sp\u00e9cifi\u00e9e ou lorsque vous r\u00e9cup\u00e9rez les Produits chez nous. La propri\u00e9t\u00e9 des Produits ne vous sera transf\u00e9r\u00e9e que lorsque nous aurons termin\u00e9 la livraison et re\u00e7u le paiement complet.<\/p>\n<h3>Options de livraison<\/h3>\n<p>Avant de finaliser un achat sur le Site, vous pouvez choisir parmi les options de livraison suivantes :<\/p>\n<h3>Livraison \u00e0 votre adresse<\/h3>\n<p>Les produits seront livr\u00e9s uniquement \u00e0 l&rsquo;adresse que vous avez indiqu\u00e9e, apr\u00e8s que MERCURI SRL ait re\u00e7u le paiement complet de la commande. Nous ne livrons pas aux bo\u00eetes postales ou adresses similaires. MERCURI SRL exp\u00e9diera les produits d\u00e8s que possible et en tout cas dans les trente (30) jours \u00e0 compter de la date d&rsquo;acceptation de la commande. Si personne n&rsquo;est pr\u00e9sent \u00e0 votre adresse lorsque le coursier tente de livrer, il laissera un avis avec les d\u00e9tails de la tentative de livraison et les codes et informations de contact n\u00e9cessaires pour organiser une nouvelle date de livraison. Si vous n&rsquo;\u00eates pas disponible lors de la premi\u00e8re tentative de livraison, le coursier effectuera une nouvelle tentative le lendemain. Si la deuxi\u00e8me tentative \u00e9choue \u00e9galement, le coursier laissera un avis \u00e9crit avec ses coordonn\u00e9es et le lieu de retrait o\u00f9 vous pouvez r\u00e9cup\u00e9rer les produits. Si vous ne r\u00e9cup\u00e9rez pas les produits dans les 10 (dix) jours suivant le lieu de retrait, les produits seront renvoy\u00e9s \u00e0 notre entrep\u00f4t. Le Service Client vous contactera pour d\u00e9cider s&rsquo;il faut r\u00e9exp\u00e9dier les produits command\u00e9s ou \u00e9mettre un remboursement.<\/p>\n<p>Dans le cas o\u00f9 la livraison n&rsquo;a pas lieu dans les 4 jours ouvrables \u00e0 compter de la date d&rsquo;exp\u00e9dition communiqu\u00e9e par MERCURI SRL, et si le suivi n&rsquo;est pas possible sur le Site Web, vous devez informer MERCURI SRL de la non-livraison via la page \u00ab\u00a0Contacts\u00a0\u00bb dans la section Service Client du Site Web. MERCURI SRL organisera une nouvelle exp\u00e9dition du ou des produit(s) perdu(s) dans les 48 (quarante-huit) heures suivant la notification, sauf si le ou les produit(s) ne sont pas disponibles ou en raison de force majeure, auquel cas la commande sera annul\u00e9e et un remboursement sera \u00e9mis.<\/p>\n<h3>Retards de livraison<\/h3>\n<p>Vous avez certains droits si nous sommes en retard dans la livraison des Produits sans raison valable. Comme indiqu\u00e9 dans la section Livraison ci-dessus, si nous ne respectons pas la date de livraison de tout Produit, vous pouvez consid\u00e9rer le Contrat comme r\u00e9sili\u00e9 imm\u00e9diatement si l&rsquo;une des conditions suivantes s&rsquo;applique :<\/p>\n<ul>\n<li>(i) nous avons refus\u00e9 de fournir les Produits ; ou<\/li>\n<li>(ii) la livraison dans le d\u00e9lai convenu \u00e9tait essentielle (en tenant compte de toutes les circonstances pertinentes) et vous nous avez inform\u00e9s avant que nous acceptions votre commande que la livraison dans ce d\u00e9lai \u00e9tait essentielle et nous avons accept\u00e9.<\/li>\n<\/ul>\n<p>Si vous ne souhaitez pas ou n&rsquo;\u00eates pas en droit de r\u00e9silier imm\u00e9diatement le Contrat, vous pouvez nous fixer un nouveau d\u00e9lai raisonnable pour la livraison. Si nous ne respectons pas ce nouveau d\u00e9lai, vous pouvez r\u00e9silier le Contrat.<\/p>\n<p>Si un \u00e9v\u00e9nement hors de notre contr\u00f4le (comme la force majeure) provoque un retard dans notre livraison des Produits, nous vous en informerons d\u00e8s que possible et prendrons des mesures pour minimiser l&rsquo;impact du retard. Si nous le faisons, nous ne serons pas responsables des retards caus\u00e9s par l&rsquo;\u00e9v\u00e9nement. Cependant, s&rsquo;il y a un risque de retard important, vous pouvez nous contacter pour annuler le contrat et recevoir un remboursement pour tout Produit que vous avez pay\u00e9 mais que vous n&rsquo;avez pas re\u00e7u.<\/p>\n<h3>Frais de livraison<\/h3>\n<p>La livraison est gratuite pour tous les produits achet\u00e9s via le site web.<\/p>\n<h3>Retours<\/h3>\n<p>Si vous exercez votre droit d&rsquo;annulation, vous devez retourner les produits en utilisant l&rsquo;une des m\u00e9thodes d\u00e9crites <a href=\"https:\/\/mercurifashion.com\/return-policy\/\">ici<\/a>.<\/p>\n<h3>Exclusion de garanties ; Limitation de responsabilit\u00e9<\/h3>\n<p>Nous fournissons les Produits uniquement pour votre usage personnel. Si vous utilisez les Produits \u00e0 des fins commerciales, d&rsquo;affaires ou de revente, nous ne serons pas responsables de toute perte de profit, de commerce, d&rsquo;interruption d&rsquo;activit\u00e9 ou d&rsquo;opportunit\u00e9 commerciale.<\/p>\n<p>Aucune disposition de ces conditions g\u00e9n\u00e9rales n&rsquo;exclura ou ne limitera notre responsabilit\u00e9 en cas de d\u00e9c\u00e8s ou de blessures corporelles caus\u00e9s par notre n\u00e9gligence, en cas de fraude, pour la violation de vos droits l\u00e9gaux en ce qui concerne les Produits ou pour toute autre perte ou dommage qui ne peut \u00eatre exclu par la loi.<\/p>\n<p>Si nous ne respectons pas ces Conditions, nous serons responsables de toute perte ou dommage que vous subissez et qui est une cons\u00e9quence pr\u00e9visible de notre manquement \u00e0 ces Conditions ou de notre manquement \u00e0 faire preuve d&rsquo;une diligence et d&rsquo;une comp\u00e9tence raisonnables. Cependant, nous ne serons pas responsables des pertes ou dommages qui ne sont pas pr\u00e9visibles. \u00ab\u00a0Pr\u00e9visible\u00a0\u00bb signifie que la perte ou le dommage \u00e9tait une cons\u00e9quence \u00e9vidente de notre manquement.<\/p>\n<h3>Contactez-nous : Plaintes, communications et informations<\/h3>\n<p>Si vous avez des questions, des plaintes ou avez besoin de nous contacter concernant ces Conditions G\u00e9n\u00e9rales, votre commande ou nos produits, vous pouvez contacter le Service Client par t\u00e9l\u00e9phone au +378 0549 972183, par e-mail \u00e0 support@mercurifashion.com ou en utilisant le lien \u00ab\u00a0Contactez-nous\u00a0\u00bb dans la section Service Client de notre site web.<\/p>\n<p>Vous pouvez contacter le Service Client gratuitement du lundi au vendredi par e-mail, en remplissant le formulaire ou en appelant le num\u00e9ro de t\u00e9l\u00e9phone. Veuillez noter que si vous choisissez d&rsquo;utiliser d&rsquo;autres moyens ou formes de communication que ceux d\u00e9crits ci-dessus (tels que le courrier postal, le fax ou les appels au num\u00e9ro gratuit de MERCURI SRL), MERCURI SRL ne sera pas oblig\u00e9 de vous rembourser pour les co\u00fbts engag\u00e9s \u00e0 la suite de l&rsquo;utilisation de ces moyens de communication.<\/p>\n<p>Si nous devons vous contacter, nous le ferons par t\u00e9l\u00e9phone ou par \u00e9crit \u00e0 l&rsquo;adresse e-mail ou postale que vous avez fournie dans votre commande.<\/p>\n<h3>Force majeure<\/h3>\n<p>L&rsquo;ex\u00e9cution des services par MERCURI SRL peut \u00eatre suspendue en cas de force majeure, qui est un \u00e9v\u00e9nement hors de notre contr\u00f4le raisonnable, tel que (mais non limit\u00e9 \u00e0) des catastrophes naturelles, des conditions m\u00e9t\u00e9orologiques d\u00e9favorables, des fermetures ou restrictions gouvernementales, la propagation de maladies infectieuses, des pand\u00e9mies, des \u00e9pid\u00e9mies, des guerres, des \u00e9meutes, des insurrections, des gr\u00e8ves et des probl\u00e8mes de cha\u00eene d&rsquo;approvisionnement affectant MERCURI SRL en raison de fournisseurs tiers. MERCURI SRL ne sera pas responsable des retards ou des manquements \u00e0 l&rsquo;ex\u00e9cution caus\u00e9s par de tels \u00e9v\u00e9nements de force majeure. MERCURI SRL informera le Client de tout \u00e9v\u00e9nement de force majeure, si possible dans les sept (7) jours suivant son occurrence. Si la suspension du service dure plus de 15 jours, le Client aura le droit d&rsquo;annuler la commande et d&rsquo;obtenir un remboursement des sommes d\u00e9j\u00e0 pay\u00e9es.<\/p>\n<h3>Votre confidentialit\u00e9<\/h3>\n<p>Nous avons une <a href=\"https:\/\/mercurifashion.com\/privacy-policy\/\">Politique de Confidentialit\u00e9<\/a> qui explique comment nous traitons vos informations personnelles et d\u00e9crit vos droits \u00e0 cet \u00e9gard. Vous pouvez trouver une copie de notre Politique de Confidentialit\u00e9 sur le Site.<\/p>\n<h3>Vos droits l\u00e9gaux<\/h3>\n<p>Aucune disposition de ces conditions g\u00e9n\u00e9rales n&rsquo;affecte vos droits l\u00e9gaux en tant que consommateur en vertu de la loi applicable.<\/p>\n<p>Ceci est un r\u00e9sum\u00e9 de vos droits l\u00e9gaux. Ceux-ci sont soumis \u00e0 certaines exclusions. Pour des informations plus d\u00e9taill\u00e9es, veuillez visiter le site web pertinent de conseil sur les droits des consommateurs ou contacter votre service local de conseil sur les droits des consommateurs.<\/p>\n<h3>Dispositions g\u00e9n\u00e9rales<\/h3>\n<p>Chaque section de ces Conditions est consid\u00e9r\u00e9e comme s\u00e9parable. Si un tribunal ou une autre autorit\u00e9 comp\u00e9tente juge qu&rsquo;une disposition de ces Conditions est ill\u00e9gale, les dispositions restantes resteront en vigueur.<\/p>\n<p>Si nous n&rsquo;insistons pas imm\u00e9diatement pour que vous fassiez quelque chose que vous \u00eates tenu de faire en vertu de ces Conditions, ou si nous tardons \u00e0 agir contre vous en raison de votre manquement \u00e0 ces Conditions, cela ne signifie pas que vous n&rsquo;avez pas \u00e0 faire cette chose, et cela ne nous emp\u00eache pas de prendre des mesures contre vous \u00e0 un moment ult\u00e9rieur.<\/p>\n<p>Nous pouvons c\u00e9der nos droits et obligations en vertu de ces Conditions \u00e0 une autre organisation. Nous vous informerons si nous avons l&rsquo;intention de le faire. Si vous n&rsquo;\u00eates pas satisfait du transfert, vous pouvez nous contacter dans les dix (10) jours suivant notre notification pour r\u00e9silier ces Conditions.<\/p>\n<p>Ces Conditions sont entre vous et nous et ne conf\u00e8rent \u00e0 aucun tiers de droits en vertu du Contracts (Rights of Third Parties) Act 1999 pour faire appliquer une disposition de ces Conditions.<\/p>\n<h3>Loi applicable et juridiction<\/h3>\n<p>Ces Conditions et tout litige d\u00e9coulant de ou en relation avec ces Conditions seront r\u00e9gis et interpr\u00e9t\u00e9s conform\u00e9ment aux lois de la R\u00e9publique de Saint-Marin, et les deux parties acceptent de se soumettre \u00e0 la juridiction exclusive des tribunaux de la R\u00e9publique de Saint-Marin. Cependant, en tant que consommateur, vous b\u00e9n\u00e9ficierez de toute disposition imp\u00e9rative de la loi du pays dans lequel vous r\u00e9sidez. Rien dans ces Conditions n&rsquo;affecte votre droit en tant que consommateur de vous fier \u00e0 ces dispositions imp\u00e9ratives du droit local.<\/p>\n<hr>\n<p>&nbsp;<\/p>\n","protected":false},"excerpt":{"rendered":"<p>Conditions G\u00e9n\u00e9rales Date d&rsquo;entr\u00e9e en vigueur : 3 septembre 2024 Introduction Dans ce document, \u00ab Nous \u00bb, \u00ab Notre \u00bb<\/p>\n","protected":false},"author":2,"featured_media":0,"parent":0,"menu_order":0,"comment_status":"closed","ping_status":"closed","template":"","meta":{"footnotes":""},"class_list":["post-21478","page","type-page","status-publish","hentry"],"_links":{"self":[{"href":"https:\/\/mercurifashion.com\/fr\/wp-json\/wp\/v2\/pages\/21478","targetHints":{"allow":["GET"]}}],"collection":[{"href":"https:\/\/mercurifashion.com\/fr\/wp-json\/wp\/v2\/pages"}],"about":[{"href":"https:\/\/mercurifashion.com\/fr\/wp-json\/wp\/v2\/types\/page"}],"author":[{"embeddable":true,"href":"https:\/\/mercurifashion.com\/fr\/wp-json\/wp\/v2\/users\/2"}],"replies":[{"embeddable":true,"href":"https:\/\/mercurifashion.com\/fr\/wp-json\/wp\/v2\/comments?post=21478"}],"version-history":[{"count":1,"href":"https:\/\/mercurifashion.com\/fr\/wp-json\/wp\/v2\/pages\/21478\/revisions"}],"predecessor-version":[{"id":21479,"href":"https:\/\/mercurifashion.com\/fr\/wp-json\/wp\/v2\/pages\/21478\/revisions\/21479"}],"wp:attachment":[{"href":"https:\/\/mercurifashion.com\/fr\/wp-json\/wp\/v2\/media?parent=21478"}],"curies":[{"name":"wp","href":"https:\/\/api.w.org\/{rel}","templated":true}]}}